{"id":1552,"date":"2024-10-24T10:42:52","date_gmt":"2024-10-24T08:42:52","guid":{"rendered":"https:\/\/www.qcchina.nl\/?page_id=1552"},"modified":"2024-12-10T16:36:31","modified_gmt":"2024-12-10T15:36:31","slug":"blog","status":"publish","type":"page","link":"https:\/\/www.qcchina.nl\/de\/blog\/","title":{"rendered":"Blog"},"content":{"rendered":"\n<section id=section-block-block_01a07a58df07141cd74baaf1e0ac1af6 class=\"section query-overview-block highlighted post\" itemscope itemtype=\"http:\/\/schema.org\/WebPageElement\" itemprop=\"hasPart\"><div class=\"container\"><div class=\"block-row blocks-in-row-1\"><div class=\"block query-with-filter-block\"><ul class=\"collection-wrapper highligted-wrapper\" itemscope itemtype=\"https:\/\/schema.org\/Collection\"><li class=\"list-item highlighted post\"><span href=\"https:\/\/www.qcchina.nl\/de\/acceptance-quality-limit-aql-ist-das\/\" class=\"part post-part-highlighted\" itemscope itemtype=\"https:\/\/schema.org\/Article\"><article><div class=\"inner-wrapper\"><div class=\"cat-label-wrapper\"><span class=\"cat-label\">Nachrichten<\/span><\/div><h2 class=\"part-title\" itemprop=\"headline\">Acceptance Quality Limit (AQL): Was ist das?<\/h2><div class=\"part-desc\"><p>Es kostet enorm viel Zeit, die komplette Anzahl der bestellten Produkte einzeln zu kontrollieren. Daher wurde mit der ISO 2859-1 eine internationale Norm zur Auswahl von..<\/p><\/div><a class=\"readmore\" href=\"https:\/\/www.qcchina.nl\/de\/acceptance-quality-limit-aql-ist-das\/\">Weiter lesen<\/a><\/div><div class=\"thumb\"><div class=\"background-el\" style=\"background-image:url(https:\/\/www.qcchina.nl\/de\/wp-content\/uploads\/sites\/2\/2018\/12\/AQL_acceptance_quality_limit_aql_wat_dat_QC_kwaliteitscontrole_China_India_Vietnam_kwaliteitsinspectie-1-800x600.jpg);\"><\/div><\/div><\/article><meta content=\"07\/12\/2018\" itemprop=\"datePublished\"><meta content=\"13\/11\/2024\" itemprop=\"dateModified\"><meta content=\"admin\" itemprop=\"author\"><div class=\"meta-tag-wrapper\" itemprop=\"publisher\" itemscope itemtype=\"https:\/\/schema.org\/Organization\"><meta content=\"QC: Quality Control - DE\" itemprop=\"name\"><div itemprop=\"logo\" itemscope itemtype=\"https:\/\/schema.org\/ImageObject\"><meta itemprop=\"url\" content=\"https:\/\/www.qcchina.nl\/de\/wp-content\/themes\/qcchina\/assets\/dist\/images\/logo.svg\"><\/div><\/div><\/span><\/li><li class=\"list-item highlighted-mini post\"><a href=\"https:\/\/www.qcchina.nl\/de\/der-nutzen-einer-qualitaetskontrolle\/\" class=\"part highlighted-mini-part\" itemscope itemtype=\"https:\/\/schema.org\/Article\"><article><div class=\"thumb\"><div class=\"background-el\" style=\"background-image:url(https:\/\/www.qcchina.nl\/de\/wp-content\/uploads\/sites\/2\/2018\/12\/het_nut_van_kwaliteitscontrole_QC_kwaliteitsinspectie_China_India_Vietnam_kwaliteitscontrole-1-800x600.jpg);\"><\/div><\/div><div class=\"inner-wrapper\"><h2 class=\"part-title\" itemprop=\"headline\">Der Nutzen einer Qualit\u00e4tskontrolle<\/h2><div class=\"cat-label-wrapper\"><span class=\"cat-label\">Nachrichten<\/span><\/div><\/div><\/article><meta content=\"07\/12\/2018\" itemprop=\"datePublished\"><meta content=\"13\/11\/2024\" itemprop=\"dateModified\"><meta content=\"admin\" itemprop=\"author\"><div class=\"meta-tag-wrapper\" itemprop=\"publisher\" itemscope itemtype=\"https:\/\/schema.org\/Organization\"><meta content=\"QC: Quality Control - DE\" itemprop=\"name\"><div itemprop=\"logo\" itemscope itemtype=\"https:\/\/schema.org\/ImageObject\"><meta itemprop=\"url\" content=\"https:\/\/www.qcchina.nl\/de\/wp-content\/themes\/qcchina\/assets\/dist\/images\/logo.svg\"><\/div><\/div><\/a><\/li><li class=\"list-item highlighted-mini post\"><a href=\"https:\/\/www.qcchina.nl\/de\/die-arbeit-eines-qualitaetsgutachters\/\" class=\"part highlighted-mini-part\" itemscope itemtype=\"https:\/\/schema.org\/Article\"><article><div class=\"thumb\"><div class=\"background-el\" style=\"background-image:url(https:\/\/www.qcchina.nl\/de\/wp-content\/uploads\/sites\/2\/2018\/12\/het_werk_van_een_inspecteur_QC_kwaliteitsinspectie_China_India_Vietnam_kwaliteitscontrole-1-800x600.jpg);\"><\/div><\/div><div class=\"inner-wrapper\"><h2 class=\"part-title\" itemprop=\"headline\">Die Arbeit eines Qualit\u00e4tsgutachters<\/h2><div class=\"cat-label-wrapper\"><span class=\"cat-label\">Nachrichten<\/span><\/div><\/div><\/article><meta content=\"07\/12\/2018\" itemprop=\"datePublished\"><meta content=\"13\/11\/2024\" itemprop=\"dateModified\"><meta content=\"admin\" itemprop=\"author\"><div class=\"meta-tag-wrapper\" itemprop=\"publisher\" itemscope itemtype=\"https:\/\/schema.org\/Organization\"><meta content=\"QC: Quality Control - DE\" itemprop=\"name\"><div itemprop=\"logo\" itemscope itemtype=\"https:\/\/schema.org\/ImageObject\"><meta itemprop=\"url\" content=\"https:\/\/www.qcchina.nl\/de\/wp-content\/themes\/qcchina\/assets\/dist\/images\/logo.svg\"><\/div><\/div><\/a><\/li><li class=\"list-item highlighted-mini post\"><a href=\"https:\/\/www.qcchina.nl\/de\/ihre-produktspezifikationen-auf-einen-blick\/\" class=\"part highlighted-mini-part\" itemscope itemtype=\"https:\/\/schema.org\/Article\"><article><div class=\"thumb\"><div class=\"background-el\" style=\"background-image:url(https:\/\/www.qcchina.nl\/de\/wp-content\/uploads\/sites\/2\/2018\/12\/uw_productspecificaties_op_een_rijtje__kwaliteitscontrole_QC_kwaliteitsinspectie_China_India_Vietnam-1-800x600.jpg);\"><\/div><\/div><div class=\"inner-wrapper\"><h2 class=\"part-title\" itemprop=\"headline\">Ihre Produktspezifikationen auf einen Blick<\/h2><div class=\"cat-label-wrapper\"><span class=\"cat-label\">Nachrichten<\/span><\/div><\/div><\/article><meta content=\"07\/12\/2018\" itemprop=\"datePublished\"><meta content=\"13\/11\/2024\" itemprop=\"dateModified\"><meta content=\"admin\" itemprop=\"author\"><div class=\"meta-tag-wrapper\" itemprop=\"publisher\" itemscope itemtype=\"https:\/\/schema.org\/Organization\"><meta content=\"QC: Quality Control - DE\" itemprop=\"name\"><div itemprop=\"logo\" itemscope itemtype=\"https:\/\/schema.org\/ImageObject\"><meta itemprop=\"url\" content=\"https:\/\/www.qcchina.nl\/de\/wp-content\/themes\/qcchina\/assets\/dist\/images\/logo.svg\"><\/div><\/div><\/a><\/li><\/ul><div class=\"collection-side\"><ul class=\"collection-wrapper\" itemscope itemtype=\"https:\/\/schema.org\/Collection\"><li class=\"list-item post\"><a href=\"https:\/\/www.qcchina.nl\/de\/unternehmen-in-china-waehrend-covid-19\/\" class=\"part post-part\" itemscope itemtype=\"https:\/\/schema.org\/Article\"><article><div class=\"thumb\"><meta content=\"https:\/\/www.qcchina.nl\/de\/wp-content\/uploads\/sites\/2\/2024\/10\/QC-Container-Loading-Check-CLC-1600x900.jpg\" itemprop=\"image\"><img loading=\"lazy\" decoding=\"async\" width=\"1600\" height=\"900\" src=\"https:\/\/www.qcchina.nl\/de\/wp-content\/uploads\/sites\/2\/2024\/10\/QC-Container-Loading-Check-CLC-1600x900.jpg\" class=\"attachment-landscape size-landscape wp-post-image\" alt=\"\" \/><div class=\"cat-label-wrapper\"><span class=\"cat-label\">Nachrichten<\/span><\/div><\/div><div class=\"inner-wrapper\"><h2 class=\"part-title\" itemprop=\"headline\">Unternehmen in China w\u00e4hrend Covid-19<\/h2><div class=\"part-desc\"><p>Covid-19 hat in dem letzten Jahr eine globale Krise verursacht. Um die Ausbreitung des Virus einzud\u00e4mmen, hat die chinesische Regierung eine Reihe von..<\/p><\/div><\/div><\/article><meta content=\"29\/04\/2022\" itemprop=\"datePublished\"><meta content=\"13\/11\/2025\" itemprop=\"dateModified\"><meta content=\"admin\" itemprop=\"author\"><div class=\"meta-tag-wrapper\" itemprop=\"publisher\" itemscope itemtype=\"https:\/\/schema.org\/Organization\"><meta content=\"QC: Quality Control - DE\" itemprop=\"name\"><div itemprop=\"logo\" itemscope itemtype=\"https:\/\/schema.org\/ImageObject\"><meta itemprop=\"url\" content=\"https:\/\/www.qcchina.nl\/de\/wp-content\/themes\/qcchina\/assets\/dist\/images\/logo.svg\"><\/div><\/div><\/a><\/li><li class=\"list-item post\"><a href=\"https:\/\/www.qcchina.nl\/de\/kleidung-und-textilien-importieren-aus-china-indien-vietnam-und-bangladesch\/\" class=\"part post-part\" itemscope itemtype=\"https:\/\/schema.org\/Article\"><article><div class=\"thumb\"><meta content=\"https:\/\/www.qcchina.nl\/de\/wp-content\/uploads\/sites\/2\/2020\/09\/image2-32.jpeg\" itemprop=\"image\"><img loading=\"lazy\" decoding=\"async\" width=\"512\" height=\"256\" src=\"https:\/\/www.qcchina.nl\/de\/wp-content\/uploads\/sites\/2\/2020\/09\/image2-32.jpeg\" class=\"attachment-landscape size-landscape wp-post-image\" alt=\"\" srcset=\"https:\/\/www.qcchina.nl\/de\/wp-content\/uploads\/sites\/2\/2020\/09\/image2-32.jpeg 512w, https:\/\/www.qcchina.nl\/de\/wp-content\/uploads\/sites\/2\/2020\/09\/image2-32-300x150.jpeg 300w\" sizes=\"(max-width: 512px) 100vw, 512px\" \/><div class=\"cat-label-wrapper\"><span class=\"cat-label\">Nachrichten<\/span><\/div><\/div><div class=\"inner-wrapper\"><h2 class=\"part-title\" itemprop=\"headline\">Kleidung und Textilien importieren aus China, Indien, Vietnam und Bangladesch<\/h2><div class=\"part-desc\"><p>Kleidung und Textilien importieren aus China, Indien, Vietnam und Bangladesch! In diesem Blogbeitrag finden Sie weitere Informationen zum Import von Modeprodukten bei..<\/p><\/div><\/div><\/article><meta content=\"18\/09\/2020\" itemprop=\"datePublished\"><meta content=\"13\/11\/2024\" itemprop=\"dateModified\"><meta content=\"admin\" itemprop=\"author\"><div class=\"meta-tag-wrapper\" itemprop=\"publisher\" itemscope itemtype=\"https:\/\/schema.org\/Organization\"><meta content=\"QC: Quality Control - DE\" itemprop=\"name\"><div itemprop=\"logo\" itemscope itemtype=\"https:\/\/schema.org\/ImageObject\"><meta itemprop=\"url\" content=\"https:\/\/www.qcchina.nl\/de\/wp-content\/themes\/qcchina\/assets\/dist\/images\/logo.svg\"><\/div><\/div><\/a><\/li><li class=\"list-item post\"><a href=\"https:\/\/www.qcchina.nl\/de\/moebeln-importieren-aus-china-vietnam-und-indien\/\" class=\"part post-part\" itemscope itemtype=\"https:\/\/schema.org\/Article\"><article><div class=\"thumb\"><meta content=\"https:\/\/www.qcchina.nl\/de\/wp-content\/uploads\/sites\/2\/2020\/06\/image1-30-2.jpeg\" itemprop=\"image\"><img loading=\"lazy\" decoding=\"async\" width=\"512\" height=\"256\" src=\"https:\/\/www.qcchina.nl\/de\/wp-content\/uploads\/sites\/2\/2020\/06\/image1-30-2.jpeg\" class=\"attachment-landscape size-landscape wp-post-image\" alt=\"M\u00f6beln importieren aus China, Vietnam und Indien\" srcset=\"https:\/\/www.qcchina.nl\/de\/wp-content\/uploads\/sites\/2\/2020\/06\/image1-30-2.jpeg 512w, https:\/\/www.qcchina.nl\/de\/wp-content\/uploads\/sites\/2\/2020\/06\/image1-30-2-300x150.jpeg 300w\" sizes=\"(max-width: 512px) 100vw, 512px\" \/><div class=\"cat-label-wrapper\"><span class=\"cat-label\">Nachrichten<\/span><\/div><\/div><div class=\"inner-wrapper\"><h2 class=\"part-title\" itemprop=\"headline\">M\u00f6beln importieren aus China, Vietnam und Indien<\/h2><div class=\"part-desc\"><p>Importieren von M\u00f6beln aus China, Vietnam und Indien! Einen lukrativen Business f\u00fcr immer mehr westliche Unternehmen und unabh\u00e4ngige Importeure. Vorausgesetzt, Sie..<\/p><\/div><\/div><\/article><meta content=\"30\/06\/2020\" itemprop=\"datePublished\"><meta content=\"13\/11\/2024\" itemprop=\"dateModified\"><meta content=\"admin\" itemprop=\"author\"><div class=\"meta-tag-wrapper\" itemprop=\"publisher\" itemscope itemtype=\"https:\/\/schema.org\/Organization\"><meta content=\"QC: Quality Control - DE\" itemprop=\"name\"><div itemprop=\"logo\" itemscope itemtype=\"https:\/\/schema.org\/ImageObject\"><meta itemprop=\"url\" content=\"https:\/\/www.qcchina.nl\/de\/wp-content\/themes\/qcchina\/assets\/dist\/images\/logo.svg\"><\/div><\/div><\/a><\/li><li class=\"list-item post\"><a href=\"https:\/\/www.qcchina.nl\/de\/ihre-sourcing-agent-vor-ort-ist-kein-zuverlaessiger-qualitaetsgutachter\/\" class=\"part post-part\" itemscope itemtype=\"https:\/\/schema.org\/Article\"><article><div class=\"thumb\"><meta content=\"https:\/\/www.qcchina.nl\/de\/wp-content\/uploads\/sites\/2\/2018\/12\/uw_lokale_sourcing_agent_geen_betrouwbare_kwaliteitsinspecteur_QC_kwaliteitsinspectie_China_India_Vietnam-1-1600x900.jpg\" itemprop=\"image\"><img loading=\"lazy\" decoding=\"async\" width=\"1600\" height=\"900\" src=\"https:\/\/www.qcchina.nl\/de\/wp-content\/uploads\/sites\/2\/2018\/12\/uw_lokale_sourcing_agent_geen_betrouwbare_kwaliteitsinspecteur_QC_kwaliteitsinspectie_China_India_Vietnam-1-1600x900.jpg\" class=\"attachment-landscape size-landscape wp-post-image\" alt=\"\" \/><div class=\"cat-label-wrapper\"><span class=\"cat-label\">Nachrichten<\/span><\/div><\/div><div class=\"inner-wrapper\"><h2 class=\"part-title\" itemprop=\"headline\">Ihre Sourcing Agent vor Ort ist kein zuverl\u00e4ssiger Qualit\u00e4tsgutachter!<\/h2><div class=\"part-desc\"><p>Bei Gesch\u00e4ften mit China, Indien oder Vietnam nehmen Sie wahrscheinlich alle Hilfe in Anspruch, die Ihnen geboten wird. Sicherlich ist es naheliegend, einen Sourcing..<\/p><\/div><\/div><\/article><meta content=\"07\/12\/2018\" itemprop=\"datePublished\"><meta content=\"13\/11\/2024\" itemprop=\"dateModified\"><meta content=\"admin\" itemprop=\"author\"><div class=\"meta-tag-wrapper\" itemprop=\"publisher\" itemscope itemtype=\"https:\/\/schema.org\/Organization\"><meta content=\"QC: Quality Control - DE\" itemprop=\"name\"><div itemprop=\"logo\" itemscope itemtype=\"https:\/\/schema.org\/ImageObject\"><meta itemprop=\"url\" content=\"https:\/\/www.qcchina.nl\/de\/wp-content\/themes\/qcchina\/assets\/dist\/images\/logo.svg\"><\/div><\/div><\/a><\/li><li class=\"list-item post\"><a href=\"https:\/\/www.qcchina.nl\/de\/warten-sie-nicht-bis-es-zu-spaet-ist\/\" class=\"part post-part\" itemscope itemtype=\"https:\/\/schema.org\/Article\"><article><div class=\"thumb\"><meta content=\"https:\/\/www.qcchina.nl\/de\/wp-content\/uploads\/sites\/2\/2018\/12\/wacht_niet_tot_het_te_laat_QC_kwaliteitsinspectie_China_India_Vietnam_kwaliteitscontrole_in-1-1600x900.jpg\" itemprop=\"image\"><img loading=\"lazy\" decoding=\"async\" width=\"1600\" height=\"900\" src=\"https:\/\/www.qcchina.nl\/de\/wp-content\/uploads\/sites\/2\/2018\/12\/wacht_niet_tot_het_te_laat_QC_kwaliteitsinspectie_China_India_Vietnam_kwaliteitscontrole_in-1-1600x900.jpg\" class=\"attachment-landscape size-landscape wp-post-image\" alt=\"\" \/><div class=\"cat-label-wrapper\"><span class=\"cat-label\">Nachrichten<\/span><\/div><\/div><div class=\"inner-wrapper\"><h2 class=\"part-title\" itemprop=\"headline\">Warten Sie nicht, bis es zu sp\u00e4t ist<\/h2><div class=\"part-desc\"><p>Wenn Sie abwarten, bis Ihre Produkte in Europa eintreffen, ist es schlicht und einfach zu sp\u00e4t. Sie haben Produkte in China, Indien oder Vietnam bestellt, bei einem..<\/p><\/div><\/div><\/article><meta content=\"07\/12\/2018\" itemprop=\"datePublished\"><meta content=\"13\/11\/2024\" itemprop=\"dateModified\"><meta content=\"admin\" itemprop=\"author\"><div class=\"meta-tag-wrapper\" itemprop=\"publisher\" itemscope itemtype=\"https:\/\/schema.org\/Organization\"><meta content=\"QC: Quality Control - DE\" itemprop=\"name\"><div itemprop=\"logo\" itemscope itemtype=\"https:\/\/schema.org\/ImageObject\"><meta itemprop=\"url\" content=\"https:\/\/www.qcchina.nl\/de\/wp-content\/themes\/qcchina\/assets\/dist\/images\/logo.svg\"><\/div><\/div><\/a><\/li><li class=\"list-item post\"><a href=\"https:\/\/www.qcchina.nl\/de\/ist-qualitaetskontrolle-eine-einfuehrung-fuer-importeure\/\" class=\"part post-part\" itemscope itemtype=\"https:\/\/schema.org\/Article\"><article><div class=\"thumb\"><meta content=\"https:\/\/www.qcchina.nl\/de\/wp-content\/uploads\/sites\/2\/2018\/12\/wat_kwaliteitscontrole_een_introductie_voor_importeurs_kwaliteitscontrole_QC_kwaliteitsinspectie_China-1-1600x900.jpg\" itemprop=\"image\"><img loading=\"lazy\" decoding=\"async\" width=\"1600\" height=\"900\" src=\"https:\/\/www.qcchina.nl\/de\/wp-content\/uploads\/sites\/2\/2018\/12\/wat_kwaliteitscontrole_een_introductie_voor_importeurs_kwaliteitscontrole_QC_kwaliteitsinspectie_China-1-1600x900.jpg\" class=\"attachment-landscape size-landscape wp-post-image\" alt=\"\" \/><div class=\"cat-label-wrapper\"><span class=\"cat-label\">Nachrichten<\/span><\/div><\/div><div class=\"inner-wrapper\"><h2 class=\"part-title\" itemprop=\"headline\">Was ist Qualit\u00e4tskontrolle? Eine Einf\u00fchrung f\u00fcr Importeure<\/h2><div class=\"part-desc\"><p>Produkte aus Entwicklungsl\u00e4ndern zu importieren ist nicht ganz unriskant. Nicht jeder ist auch das, was er vorgibt zu sein, und gelegentlich machen sich unehrliche..<\/p><\/div><\/div><\/article><meta content=\"07\/12\/2018\" itemprop=\"datePublished\"><meta content=\"13\/11\/2024\" itemprop=\"dateModified\"><meta content=\"admin\" itemprop=\"author\"><div class=\"meta-tag-wrapper\" itemprop=\"publisher\" itemscope itemtype=\"https:\/\/schema.org\/Organization\"><meta content=\"QC: Quality Control - DE\" itemprop=\"name\"><div itemprop=\"logo\" itemscope itemtype=\"https:\/\/schema.org\/ImageObject\"><meta itemprop=\"url\" content=\"https:\/\/www.qcchina.nl\/de\/wp-content\/themes\/qcchina\/assets\/dist\/images\/logo.svg\"><\/div><\/div><\/a><\/li><\/ul><\/div><\/div><\/div><\/div><\/section>","protected":false},"excerpt":{"rendered":"","protected":false},"author":1,"featured_media":0,"parent":0,"menu_order":505,"comment_status":"closed","ping_status":"closed","template":"","meta":{"_acf_changed":false,"footnotes":""},"acf":[],"yoast_head":"<!-- This site is optimized with the Yoast SEO plugin v24.5 - https:\/\/yoast.com\/wordpress\/plugins\/seo\/ -->\n<title>Wissen &amp; Neuigkeiten - QC: Quality Control - DE<\/title>\n<meta name=\"description\" content=\"Der Blog von Quality Control enth\u00e4lt Artikel zu Themen rund um den Import von Produkten aus China, Vietnam und Indien.\" \/>\n<meta name=\"robots\" content=\"index, follow, max-snippet:-1, max-image-preview:large, max-video-preview:-1\" \/>\n<link rel=\"canonical\" href=\"https:\/\/www.qcchina.nl\/de\/blog\/\" \/>\n<meta property=\"og:locale\" content=\"de_DE\" \/>\n<meta property=\"og:type\" content=\"article\" \/>\n<meta property=\"og:title\" content=\"Wissen &amp; Neuigkeiten - QC: Quality Control - DE\" \/>\n<meta property=\"og:description\" content=\"Der Blog von Quality Control enth\u00e4lt Artikel zu Themen rund um den Import von Produkten aus China, Vietnam und Indien.\" \/>\n<meta property=\"og:url\" content=\"https:\/\/www.qcchina.nl\/de\/blog\/\" \/>\n<meta property=\"og:site_name\" content=\"QC: Quality Control - DE\" \/>\n<meta property=\"article:modified_time\" content=\"2024-12-10T15:36:31+00:00\" \/>\n<meta name=\"twitter:card\" content=\"summary_large_image\" \/>\n<meta name=\"twitter:label1\" content=\"Est. reading time\" \/>\n\t<meta name=\"twitter:data1\" content=\"1 Minute\" \/>\n<script type=\"application\/ld+json\" class=\"yoast-schema-graph\">{\"@context\":\"https:\/\/schema.org\",\"@graph\":[{\"@type\":\"WebPage\",\"@id\":\"https:\/\/www.qcchina.nl\/de\/blog\/\",\"url\":\"https:\/\/www.qcchina.nl\/de\/blog\/\",\"name\":\"Wissen & Neuigkeiten - QC: Quality Control - DE\",\"isPartOf\":{\"@id\":\"https:\/\/www.qcchina.nl\/de\/#website\"},\"datePublished\":\"2024-10-24T08:42:52+00:00\",\"dateModified\":\"2024-12-10T15:36:31+00:00\",\"description\":\"Der Blog von Quality Control enth\u00e4lt Artikel zu Themen rund um den Import von Produkten aus China, Vietnam und Indien.\",\"breadcrumb\":{\"@id\":\"https:\/\/www.qcchina.nl\/de\/blog\/#breadcrumb\"},\"inLanguage\":\"de\",\"potentialAction\":[{\"@type\":\"ReadAction\",\"target\":[\"https:\/\/www.qcchina.nl\/de\/blog\/\"]}]},{\"@type\":\"BreadcrumbList\",\"@id\":\"https:\/\/www.qcchina.nl\/de\/blog\/#breadcrumb\",\"itemListElement\":[{\"@type\":\"ListItem\",\"position\":1,\"name\":\"Home\",\"item\":\"https:\/\/www.qcchina.nl\/de\/\"},{\"@type\":\"ListItem\",\"position\":2,\"name\":\"Blog\"}]},{\"@type\":\"WebSite\",\"@id\":\"https:\/\/www.qcchina.nl\/de\/#website\",\"url\":\"https:\/\/www.qcchina.nl\/de\/\",\"name\":\"QC: Quality Control - DE\",\"description\":\"\",\"potentialAction\":[{\"@type\":\"SearchAction\",\"target\":{\"@type\":\"EntryPoint\",\"urlTemplate\":\"https:\/\/www.qcchina.nl\/de\/?s={search_term_string}\"},\"query-input\":{\"@type\":\"PropertyValueSpecification\",\"valueRequired\":true,\"valueName\":\"search_term_string\"}}],\"inLanguage\":\"de\"}]}<\/script>\n<!-- \/ Yoast SEO plugin. -->","yoast_head_json":{"title":"Wissen & Neuigkeiten - QC: Quality Control - DE","description":"Der Blog von Quality Control enth\u00e4lt Artikel zu Themen rund um den Import von Produkten aus China, Vietnam und Indien.","robots":{"index":"index","follow":"follow","max-snippet":"max-snippet:-1","max-image-preview":"max-image-preview:large","max-video-preview":"max-video-preview:-1"},"canonical":"https:\/\/www.qcchina.nl\/de\/blog\/","og_locale":"de_DE","og_type":"article","og_title":"Wissen & Neuigkeiten - QC: Quality Control - DE","og_description":"Der Blog von Quality Control enth\u00e4lt Artikel zu Themen rund um den Import von Produkten aus China, Vietnam und Indien.","og_url":"https:\/\/www.qcchina.nl\/de\/blog\/","og_site_name":"QC: Quality Control - DE","article_modified_time":"2024-12-10T15:36:31+00:00","twitter_card":"summary_large_image","twitter_misc":{"Est. reading time":"1 Minute"},"schema":{"@context":"https:\/\/schema.org","@graph":[{"@type":"WebPage","@id":"https:\/\/www.qcchina.nl\/de\/blog\/","url":"https:\/\/www.qcchina.nl\/de\/blog\/","name":"Wissen & Neuigkeiten - QC: Quality Control - DE","isPartOf":{"@id":"https:\/\/www.qcchina.nl\/de\/#website"},"datePublished":"2024-10-24T08:42:52+00:00","dateModified":"2024-12-10T15:36:31+00:00","description":"Der Blog von Quality Control enth\u00e4lt Artikel zu Themen rund um den Import von Produkten aus China, Vietnam und Indien.","breadcrumb":{"@id":"https:\/\/www.qcchina.nl\/de\/blog\/#breadcrumb"},"inLanguage":"de","potentialAction":[{"@type":"ReadAction","target":["https:\/\/www.qcchina.nl\/de\/blog\/"]}]},{"@type":"BreadcrumbList","@id":"https:\/\/www.qcchina.nl\/de\/blog\/#breadcrumb","itemListElement":[{"@type":"ListItem","position":1,"name":"Home","item":"https:\/\/www.qcchina.nl\/de\/"},{"@type":"ListItem","position":2,"name":"Blog"}]},{"@type":"WebSite","@id":"https:\/\/www.qcchina.nl\/de\/#website","url":"https:\/\/www.qcchina.nl\/de\/","name":"QC: Quality Control - DE","description":"","potentialAction":[{"@type":"SearchAction","target":{"@type":"EntryPoint","urlTemplate":"https:\/\/www.qcchina.nl\/de\/?s={search_term_string}"},"query-input":{"@type":"PropertyValueSpecification","valueRequired":true,"valueName":"search_term_string"}}],"inLanguage":"de"}]}},"_links":{"self":[{"href":"https:\/\/www.qcchina.nl\/de\/wp-json\/wp\/v2\/pages\/1552"}],"collection":[{"href":"https:\/\/www.qcchina.nl\/de\/wp-json\/wp\/v2\/pages"}],"about":[{"href":"https:\/\/www.qcchina.nl\/de\/wp-json\/wp\/v2\/types\/page"}],"author":[{"embeddable":true,"href":"https:\/\/www.qcchina.nl\/de\/wp-json\/wp\/v2\/users\/1"}],"replies":[{"embeddable":true,"href":"https:\/\/www.qcchina.nl\/de\/wp-json\/wp\/v2\/comments?post=1552"}],"version-history":[{"count":3,"href":"https:\/\/www.qcchina.nl\/de\/wp-json\/wp\/v2\/pages\/1552\/revisions"}],"predecessor-version":[{"id":2096,"href":"https:\/\/www.qcchina.nl\/de\/wp-json\/wp\/v2\/pages\/1552\/revisions\/2096"}],"wp:attachment":[{"href":"https:\/\/www.qcchina.nl\/de\/wp-json\/wp\/v2\/media?parent=1552"}],"curies":[{"name":"wp","href":"https:\/\/api.w.org\/{rel}","templated":true}]}}