{"id":1595,"date":"2024-10-24T11:52:11","date_gmt":"2024-10-24T09:52:11","guid":{"rendered":"https:\/\/www.qcchina.nl\/?page_id=1595"},"modified":"2024-11-26T17:14:38","modified_gmt":"2024-11-26T16:14:38","slug":"quality-control","status":"publish","type":"page","link":"https:\/\/www.qcchina.nl\/de\/quality-control\/","title":{"rendered":"Quality Control"},"content":{"rendered":"<section id=section-block-block_dbbb577db8291f4e1c28c45754753899 class=\"section block_content_and_image_left regular\" itemscope itemtype=\"http:\/\/schema.org\/WebPageElement\" itemprop=\"hasPart\"><div class=\"container\"><div class=\"block-row blocks-in-row-2\"><div class=\"block content-block\" itemscope itemtype=\"http:\/\/schema.org\/WebPageElement\" itemprop=\"isPartOf\"><div class=\"inner-wrapper\"><div class=\"element-wrapper\"><div itemprop=\"text\" class=\"content-wrapper\"><p>Wir arbeiten seit mehr als 20 Jahren f\u00fcr Unternehmen und Importeure, die aus diesen L\u00e4ndern einkaufen. Unsere Kunden reichen von neu gegr\u00fcndeten Importunternehmen bis hin zu Firmen mit etablierten Namen und jahrzehntelanger Handelserfahrung.<\/p>\n<h2>Quality Control begrenzt Ihre Risiken weltweit<\/h2>\n<p>Unternehmen, die bereits mit Auslandsgesch\u00e4ften vertraut sind, wissen, dass in den &#8222;\u00dcbergabemomenten&#8220; gro\u00dfe Risiken bestehen. Diese Risiken werden durch unsere Dienstleistungen verringert. Deswegen ist Quality Control ein gefragter Partner und arbeitet f\u00fcr Importeure in aller Welt.<\/p>\n<\/div><\/div><\/div><\/div><div class=\"block image-block  square\" itemscope itemtype=\"http:\/\/schema.org\/WebPageElement\" itemprop=\"isPartOf\"><div class=\"inner-wrapper\"><figure itemscope itemtype=\"http:\/\/schema.org\/ImageObject\" itemprop=\"isPartOf\" class=\"img-wrapper\"><img loading=\"lazy\" decoding=\"async\" title=\"Checklist\" alt=\"\" width=\"800\" height=\"800\" src=\"https:\/\/www.qcchina.nl\/de\/wp-content\/uploads\/sites\/2\/2024\/10\/Checklist-800x800.jpg\"\/><meta itemprop=\"name\" content=\"Checklist\"><meta itemprop=\"image\" content=\"https:\/\/www.qcchina.nl\/de\/wp-content\/uploads\/sites\/2\/2024\/10\/Checklist-800x800.jpg\"><\/figure><\/div><\/div><\/div><\/div><\/section>\n\n<section id=section-block-block_d2bc08dc19bb779d7abc003f2ed131f0 class=\"section block_only_title align-center\" itemscope itemtype=\"http:\/\/schema.org\/WebPageElement\" itemprop=\"isPartOf\"><div class=\"container\"><div class=\"block-row blocks-in-row-1\"><div class=\"block title-block\"><div class=\"inner-wrapper\"><div class=\"title-wrapper\"><h2 class=\"block-title h2\">Produktgruppen<\/h2><\/div><div class=\"block-intro\"><p>Quality Control verf\u00fcgt \u00fcber ein breites Netz von Au\u00dfenhandelspartnern. Hier helfen wir Unternehmen und Importeuren aus der ganzen Welt, ihre Lieferkette zu verbessern. <\/p><\/div><\/div><\/div><\/div><\/div><\/section>\n\n<section id=section-block-block_9fa288dce13ff091b62f9358d3b902cb class=\"section link_repeater_block\" itemscope itemtype=\"https:\/\/schema.org\/FAQPage\"><div class=\"container\"><div class=\"block-row blocks-in-row-1\"><div class=\"block link-block-repeater-block\"><div class=\"inner-wrapper\"><ul class=\"items-wrapper\"><li class=\"item\"><span class=\"inner-item\"><div class=\"background-el\"><span class=\"bg-wrapper\" style=\"background-image:url(https:\/\/www.qcchina.nl\/de\/wp-content\/uploads\/sites\/2\/2024\/10\/qc-softline-900x1600.jpg)\"><\/span><\/div><span class=\"item-title\">Softline-Produkte<\/span><span class=\"item-desc\">Wie zum Beispiel Taschen, Spielzeug, Textilien, Schuhe, Lederwaren, Gummilatex und Accessoires.<\/span><\/span><\/li><li class=\"item\"><span class=\"inner-item\"><div class=\"background-el\"><span class=\"bg-wrapper\" style=\"background-image:url(https:\/\/www.qcchina.nl\/de\/wp-content\/uploads\/sites\/2\/2024\/10\/qc-hardline-900x1600.jpg)\"><\/span><\/div><span class=\"item-title\">Hardline-Produkte<\/span><span class=\"item-desc\">Zum Beispiel M\u00f6bel, Baumaterialien, Wohnaccessoires, Werbegeschenke und Gartenbedarf.<\/span><\/span><\/li><li class=\"item\"><span class=\"inner-item\"><div class=\"background-el\"><span class=\"bg-wrapper\" style=\"background-image:url(https:\/\/www.qcchina.nl\/de\/wp-content\/uploads\/sites\/2\/2024\/10\/qc-elektronica-900x1600.jpg)\"><\/span><\/div><span class=\"item-title\">Elektronische Produkte<\/span><span class=\"item-desc\">Zum Beispiel Unterhaltungselektronik, K\u00fcchenwagen, Ladeger\u00e4te, Spielzeug, Audio und Video.<\/span><\/span><\/li><li class=\"item\"><span class=\"inner-item\"><div class=\"background-el\"><span class=\"bg-wrapper\" style=\"background-image:url(https:\/\/www.qcchina.nl\/de\/wp-content\/uploads\/sites\/2\/2024\/10\/qc-techniek-900x1600.jpg)\"><\/span><\/div><span class=\"item-title\">Technische Produkte<\/span><span class=\"item-desc\">Zum Beispiel Maschinen, Schmiedeteile, Gussteile, Formen, Spritzguss, Schwei\u00dfen, Autoteile und Kunststoff.<\/span><\/span><\/li><\/ul><\/div><\/div><\/div><\/div><\/section>\n\n<section id=section-block-block_4851c7658e2f864d16e909907c1f17ae class=\"section cta_with_button_block\" itemscope itemtype=\"http:\/\/schema.org\/WebPageElement\" itemprop=\"isPartOf\"><div class=\"container\"><div class=\"block-row blocks-in-row-2\"><div class=\"block image-block\" itemscope itemtype=\"http:\/\/schema.org\/WebPageElement\" itemprop=\"isPartOf\"><div class=\"inner-wrapper\"><figure itemscope itemtype=\"http:\/\/schema.org\/ImageObject\" itemprop=\"isPartOf\" class=\"img-wrapper\"><img loading=\"lazy\" decoding=\"async\" title=\"QCChina_kantoor\" alt=\"\" width=\"800\" height=\"800\" src=\"https:\/\/www.qcchina.nl\/de\/wp-content\/uploads\/sites\/2\/2024\/10\/QCChina_kantoor-800x800.jpg\"\/><meta itemprop=\"name\" content=\"QCChina_kantoor\"><meta itemprop=\"image\" content=\"https:\/\/www.qcchina.nl\/de\/wp-content\/uploads\/sites\/2\/2024\/10\/QCChina_kantoor-800x800.jpg\"><\/figure><\/div><\/div><div class=\"block cta-with-button-block\"><div class=\"inner-wrapper\"><div class=\"title-wrapper\"><h2 class=\"block-title h3\">Sie haben Interesse oder Fragen?<\/h2><\/div><div itemprop=\"text\" class=\"content-wrapper\"><p>Quality Control\u00a0steht f\u00fcr Wissen, Erfahrung und Fachkompetenz. Gemeinsam mit unseren bestens ausgebildeten Qualit\u00e4tspr\u00fcfern k\u00f6nnen wir w\u00e4hrend des gesamten Einkaufsprozesses f\u00fcr beste Qualit\u00e4tskontrollen sorgen. M\u00f6chten Sie mehr \u00fcber unseren Service und unsere Leistungen erfahren? Kontaktieren Sie uns gerne, wir erz\u00e4hlen Ihnen gerne mehr dar\u00fcber.<\/p>\n<\/div><ul class=\"buttons-wrapper\"><li><a  title=\"+31 (0) 73 645 71 40\" href=\"tel:+310736457140\" class=\"link set\" itemscope itemtype=\"http:\/\/schema.org\/WebPage\" itemprop=\"isPartOf\"><meta itemprop=\"significantLink\" content=\"tel:+310736457140\">+31 (0) 73 645 71 40<\/a><\/li><li><a  title=\"info@qcchina.nl\" href=\"mailto:info@qcchina.nl\" class=\"link\" itemscope itemtype=\"http:\/\/schema.org\/WebPage\" itemprop=\"isPartOf\"><meta itemprop=\"significantLink\" content=\"mailto:info@qcchina.nl\">info@qcchina.nl<\/a><\/li><\/ul><\/div><\/div><\/div><\/div><\/section>","protected":false},"excerpt":{"rendered":"","protected":false},"author":1,"featured_media":0,"parent":0,"menu_order":400,"comment_status":"closed","ping_status":"closed","template":"","meta":{"_acf_changed":false,"footnotes":""},"acf":[],"yoast_head":"<!-- This site is optimized with the Yoast SEO plugin v24.5 - https:\/\/yoast.com\/wordpress\/plugins\/seo\/ -->\n<title>Qualit\u00e4tskontrollen und Inspektionen | QC Quality Control<\/title>\n<meta name=\"description\" content=\"Quality Control pr\u00fcft und kontrolliert Produkte auf die gew\u00fcnschte Qualit\u00e4t und Unversehrtheit und ist in verschiedenen Produktgruppen t\u00e4tig. Lesen Sie hier mehr.\" \/>\n<meta name=\"robots\" content=\"index, follow, max-snippet:-1, max-image-preview:large, max-video-preview:-1\" \/>\n<link rel=\"canonical\" href=\"https:\/\/www.qcchina.nl\/de\/quality-control\/\" \/>\n<meta property=\"og:locale\" content=\"de_DE\" \/>\n<meta property=\"og:type\" content=\"article\" \/>\n<meta property=\"og:title\" content=\"Qualit\u00e4tskontrollen und Inspektionen | QC Quality Control\" \/>\n<meta property=\"og:description\" content=\"Quality Control pr\u00fcft und kontrolliert Produkte auf die gew\u00fcnschte Qualit\u00e4t und Unversehrtheit und ist in verschiedenen Produktgruppen t\u00e4tig. Lesen Sie hier mehr.\" \/>\n<meta property=\"og:url\" content=\"https:\/\/www.qcchina.nl\/de\/quality-control\/\" \/>\n<meta property=\"og:site_name\" content=\"QC: Quality Control - DE\" \/>\n<meta property=\"article:modified_time\" content=\"2024-11-26T16:14:38+00:00\" \/>\n<meta name=\"twitter:card\" content=\"summary_large_image\" \/>\n<meta name=\"twitter:label1\" content=\"Est. reading time\" \/>\n\t<meta name=\"twitter:data1\" content=\"3 Minuten\" \/>\n<script type=\"application\/ld+json\" class=\"yoast-schema-graph\">{\"@context\":\"https:\/\/schema.org\",\"@graph\":[{\"@type\":\"WebPage\",\"@id\":\"https:\/\/www.qcchina.nl\/de\/quality-control\/\",\"url\":\"https:\/\/www.qcchina.nl\/de\/quality-control\/\",\"name\":\"Qualit\u00e4tskontrollen und Inspektionen | QC Quality Control\",\"isPartOf\":{\"@id\":\"https:\/\/www.qcchina.nl\/de\/#website\"},\"datePublished\":\"2024-10-24T09:52:11+00:00\",\"dateModified\":\"2024-11-26T16:14:38+00:00\",\"description\":\"Quality Control pr\u00fcft und kontrolliert Produkte auf die gew\u00fcnschte Qualit\u00e4t und Unversehrtheit und ist in verschiedenen Produktgruppen t\u00e4tig. Lesen Sie hier mehr.\",\"breadcrumb\":{\"@id\":\"https:\/\/www.qcchina.nl\/de\/quality-control\/#breadcrumb\"},\"inLanguage\":\"de\",\"potentialAction\":[{\"@type\":\"ReadAction\",\"target\":[\"https:\/\/www.qcchina.nl\/de\/quality-control\/\"]}]},{\"@type\":\"BreadcrumbList\",\"@id\":\"https:\/\/www.qcchina.nl\/de\/quality-control\/#breadcrumb\",\"itemListElement\":[{\"@type\":\"ListItem\",\"position\":1,\"name\":\"Home\",\"item\":\"https:\/\/www.qcchina.nl\/de\/\"},{\"@type\":\"ListItem\",\"position\":2,\"name\":\"Quality Control\"}]},{\"@type\":\"WebSite\",\"@id\":\"https:\/\/www.qcchina.nl\/de\/#website\",\"url\":\"https:\/\/www.qcchina.nl\/de\/\",\"name\":\"QC: Quality Control - DE\",\"description\":\"\",\"potentialAction\":[{\"@type\":\"SearchAction\",\"target\":{\"@type\":\"EntryPoint\",\"urlTemplate\":\"https:\/\/www.qcchina.nl\/de\/?s={search_term_string}\"},\"query-input\":{\"@type\":\"PropertyValueSpecification\",\"valueRequired\":true,\"valueName\":\"search_term_string\"}}],\"inLanguage\":\"de\"}]}<\/script>\n<!-- \/ Yoast SEO plugin. -->","yoast_head_json":{"title":"Qualit\u00e4tskontrollen und Inspektionen | QC Quality Control","description":"Quality Control pr\u00fcft und kontrolliert Produkte auf die gew\u00fcnschte Qualit\u00e4t und Unversehrtheit und ist in verschiedenen Produktgruppen t\u00e4tig. Lesen Sie hier mehr.","robots":{"index":"index","follow":"follow","max-snippet":"max-snippet:-1","max-image-preview":"max-image-preview:large","max-video-preview":"max-video-preview:-1"},"canonical":"https:\/\/www.qcchina.nl\/de\/quality-control\/","og_locale":"de_DE","og_type":"article","og_title":"Qualit\u00e4tskontrollen und Inspektionen | QC Quality Control","og_description":"Quality Control pr\u00fcft und kontrolliert Produkte auf die gew\u00fcnschte Qualit\u00e4t und Unversehrtheit und ist in verschiedenen Produktgruppen t\u00e4tig. Lesen Sie hier mehr.","og_url":"https:\/\/www.qcchina.nl\/de\/quality-control\/","og_site_name":"QC: Quality Control - DE","article_modified_time":"2024-11-26T16:14:38+00:00","twitter_card":"summary_large_image","twitter_misc":{"Est. reading time":"3 Minuten"},"schema":{"@context":"https:\/\/schema.org","@graph":[{"@type":"WebPage","@id":"https:\/\/www.qcchina.nl\/de\/quality-control\/","url":"https:\/\/www.qcchina.nl\/de\/quality-control\/","name":"Qualit\u00e4tskontrollen und Inspektionen | QC Quality Control","isPartOf":{"@id":"https:\/\/www.qcchina.nl\/de\/#website"},"datePublished":"2024-10-24T09:52:11+00:00","dateModified":"2024-11-26T16:14:38+00:00","description":"Quality Control pr\u00fcft und kontrolliert Produkte auf die gew\u00fcnschte Qualit\u00e4t und Unversehrtheit und ist in verschiedenen Produktgruppen t\u00e4tig. Lesen Sie hier mehr.","breadcrumb":{"@id":"https:\/\/www.qcchina.nl\/de\/quality-control\/#breadcrumb"},"inLanguage":"de","potentialAction":[{"@type":"ReadAction","target":["https:\/\/www.qcchina.nl\/de\/quality-control\/"]}]},{"@type":"BreadcrumbList","@id":"https:\/\/www.qcchina.nl\/de\/quality-control\/#breadcrumb","itemListElement":[{"@type":"ListItem","position":1,"name":"Home","item":"https:\/\/www.qcchina.nl\/de\/"},{"@type":"ListItem","position":2,"name":"Quality Control"}]},{"@type":"WebSite","@id":"https:\/\/www.qcchina.nl\/de\/#website","url":"https:\/\/www.qcchina.nl\/de\/","name":"QC: Quality Control - DE","description":"","potentialAction":[{"@type":"SearchAction","target":{"@type":"EntryPoint","urlTemplate":"https:\/\/www.qcchina.nl\/de\/?s={search_term_string}"},"query-input":{"@type":"PropertyValueSpecification","valueRequired":true,"valueName":"search_term_string"}}],"inLanguage":"de"}]}},"_links":{"self":[{"href":"https:\/\/www.qcchina.nl\/de\/wp-json\/wp\/v2\/pages\/1595"}],"collection":[{"href":"https:\/\/www.qcchina.nl\/de\/wp-json\/wp\/v2\/pages"}],"about":[{"href":"https:\/\/www.qcchina.nl\/de\/wp-json\/wp\/v2\/types\/page"}],"author":[{"embeddable":true,"href":"https:\/\/www.qcchina.nl\/de\/wp-json\/wp\/v2\/users\/1"}],"replies":[{"embeddable":true,"href":"https:\/\/www.qcchina.nl\/de\/wp-json\/wp\/v2\/comments?post=1595"}],"version-history":[{"count":2,"href":"https:\/\/www.qcchina.nl\/de\/wp-json\/wp\/v2\/pages\/1595\/revisions"}],"predecessor-version":[{"id":2082,"href":"https:\/\/www.qcchina.nl\/de\/wp-json\/wp\/v2\/pages\/1595\/revisions\/2082"}],"wp:attachment":[{"href":"https:\/\/www.qcchina.nl\/de\/wp-json\/wp\/v2\/media?parent=1595"}],"curies":[{"name":"wp","href":"https:\/\/api.w.org\/{rel}","templated":true}]}}