{"id":1597,"date":"2024-10-24T11:52:23","date_gmt":"2024-10-24T09:52:23","guid":{"rendered":"https:\/\/www.qcchina.nl\/?page_id=1597"},"modified":"2024-11-13T13:27:54","modified_gmt":"2024-11-13T12:27:54","slug":"produktbereiche","status":"publish","type":"page","link":"https:\/\/www.qcchina.nl\/de\/quality-control\/produktbereiche\/","title":{"rendered":"Produktbereiche"},"content":{"rendered":"<section id=section-block-block_9e45bc751ee52a9f696c8de16762f522 class=\"section block_content_and_image_left regular contains-check-icon\" itemscope itemtype=\"http:\/\/schema.org\/WebPageElement\" itemprop=\"hasPart\"><div class=\"container\"><div class=\"block-row blocks-in-row-2\"><div class=\"block content-block\" itemscope itemtype=\"http:\/\/schema.org\/WebPageElement\" itemprop=\"isPartOf\"><div class=\"inner-wrapper\"><div class=\"element-wrapper\"><div class=\"title-wrapper\"><h2 class=\"block-title h4\">Softline-Produkte<\/h2><\/div><div itemprop=\"text\" class=\"content-wrapper\"><ul>\n<li>Zubeh\u00f6r<\/li>\n<li>Taschen und Geldb\u00f6rsen<\/li>\n<li>Spielzeug (weich)<\/li>\n<li>Heimtextilien<\/li>\n<li>Schuhe und Schuhwerk<\/li>\n<li>Lederwaren<\/li>\n<li>Gummi<\/li>\n<li>Latex<\/li>\n<li>Und andere<\/li>\n<\/ul>\n<\/div><\/div><\/div><\/div><div class=\"block image-block  full\" itemscope itemtype=\"http:\/\/schema.org\/WebPageElement\" itemprop=\"isPartOf\"><div class=\"inner-wrapper\"><figure itemscope itemtype=\"http:\/\/schema.org\/ImageObject\" itemprop=\"isPartOf\" class=\"img-wrapper\"><img loading=\"lazy\" decoding=\"async\" title=\"qc-softline\" alt=\"\" width=\"1920\" height=\"1280\" src=\"https:\/\/www.qcchina.nl\/de\/wp-content\/uploads\/sites\/2\/2024\/10\/qc-softline.jpg\"\/><meta itemprop=\"name\" content=\"qc-softline\"><meta itemprop=\"image\" content=\"https:\/\/www.qcchina.nl\/de\/wp-content\/uploads\/sites\/2\/2024\/10\/qc-softline.jpg\"><\/figure><\/div><\/div><\/div><\/div><\/section>\n\n<section id=section-block_828a3174288d4b06de2b020f87888c60 class=\"section block_image_and_content_left regular contains-check-icon\" itemscope itemtype=\"http:\/\/schema.org\/WebPageElement\" itemprop=\"hasPart\"><div class=\"container\"><div class=\"block-row blocks-in-row-2\"><div class=\"block image-block  full\" itemscope itemtype=\"http:\/\/schema.org\/WebPageElement\" itemprop=\"isPartOf\"><div class=\"inner-wrapper\"><figure itemscope itemtype=\"http:\/\/schema.org\/ImageObject\" itemprop=\"isPartOf\" class=\"img-wrapper\"><img loading=\"lazy\" decoding=\"async\" title=\"qc-hardline\" alt=\"\" width=\"1920\" height=\"1144\" src=\"https:\/\/www.qcchina.nl\/de\/wp-content\/uploads\/sites\/2\/2024\/10\/qc-hardline.jpg\"\/><meta itemprop=\"name\" content=\"qc-hardline\"><meta itemprop=\"image\" content=\"https:\/\/www.qcchina.nl\/de\/wp-content\/uploads\/sites\/2\/2024\/10\/qc-hardline.jpg\"><\/figure><\/div><\/div><div class=\"block content-block\" itemscope itemtype=\"http:\/\/schema.org\/WebPageElement\" itemprop=\"isPartOf\"><div class=\"inner-wrapper\"><div class=\"element-wrapper\"><div class=\"title-wrapper\"><h2 class=\"block-title h4\">Hardline-Produkte<\/h2><\/div><div itemprop=\"description\" class=\"content-wrapper\"><ul>\n<li>M\u00f6bel<\/li>\n<li>Baumaterialien<\/li>\n<li>Werbegeschenke<\/li>\n<li>Pflegemittel<\/li>\n<li>Sportartikel<\/li>\n<li>Gartenartikel<\/li>\n<li>Wohnaccessoires<\/li>\n<li>Zubeh\u00f6r f\u00fcr Haustiere<\/li>\n<li>Und andere<\/li>\n<\/ul>\n<\/div><\/div><\/div><\/div><\/div><\/div><\/section>\n\n<section id=section-block-block_34f94965de1b08bd864c2775992b1bd4 class=\"section block_content_and_image_left regular contains-check-icon\" itemscope itemtype=\"http:\/\/schema.org\/WebPageElement\" itemprop=\"hasPart\"><div class=\"container\"><div class=\"block-row blocks-in-row-2\"><div class=\"block content-block\" itemscope itemtype=\"http:\/\/schema.org\/WebPageElement\" itemprop=\"isPartOf\"><div class=\"inner-wrapper\"><div class=\"element-wrapper\"><div class=\"title-wrapper\"><h2 class=\"block-title h4\">Elektronische Produkte<\/h2><\/div><div itemprop=\"text\" class=\"content-wrapper\"><ul>\n<li>Unterhaltungselektronik<\/li>\n<li>K\u00fcchenger\u00e4te<\/li>\n<li>Ladeger\u00e4te<\/li>\n<li>Pr\u00fcfger\u00e4te<\/li>\n<li>Spielzeug<\/li>\n<li>Audio und Video<\/li>\n<li>Telekommunikation<\/li>\n<li>Powerbanks<\/li>\n<li>Und andere<\/li>\n<\/ul>\n<\/div><\/div><\/div><\/div><div class=\"block image-block  full\" itemscope itemtype=\"http:\/\/schema.org\/WebPageElement\" itemprop=\"isPartOf\"><div class=\"inner-wrapper\"><figure itemscope itemtype=\"http:\/\/schema.org\/ImageObject\" itemprop=\"isPartOf\" class=\"img-wrapper\"><img loading=\"lazy\" decoding=\"async\" title=\"qc-elektronica\" alt=\"\" width=\"1920\" height=\"1272\" src=\"https:\/\/www.qcchina.nl\/de\/wp-content\/uploads\/sites\/2\/2024\/10\/qc-elektronica.jpg\"\/><meta itemprop=\"name\" content=\"qc-elektronica\"><meta itemprop=\"image\" content=\"https:\/\/www.qcchina.nl\/de\/wp-content\/uploads\/sites\/2\/2024\/10\/qc-elektronica.jpg\"><\/figure><\/div><\/div><\/div><\/div><\/section>\n\n<section id=section-block_08e614b1219a2bc55d29e5a1252b219a class=\"section block_image_and_content_left regular contains-check-icon\" itemscope itemtype=\"http:\/\/schema.org\/WebPageElement\" itemprop=\"hasPart\"><div class=\"container\"><div class=\"block-row blocks-in-row-2\"><div class=\"block image-block  full\" itemscope itemtype=\"http:\/\/schema.org\/WebPageElement\" itemprop=\"isPartOf\"><div class=\"inner-wrapper\"><figure itemscope itemtype=\"http:\/\/schema.org\/ImageObject\" itemprop=\"isPartOf\" class=\"img-wrapper\"><img loading=\"lazy\" decoding=\"async\" title=\"qc-hardline\" alt=\"\" width=\"1920\" height=\"1144\" src=\"https:\/\/www.qcchina.nl\/de\/wp-content\/uploads\/sites\/2\/2024\/10\/qc-hardline.jpg\"\/><meta itemprop=\"name\" content=\"qc-hardline\"><meta itemprop=\"image\" content=\"https:\/\/www.qcchina.nl\/de\/wp-content\/uploads\/sites\/2\/2024\/10\/qc-hardline.jpg\"><\/figure><\/div><\/div><div class=\"block content-block\" itemscope itemtype=\"http:\/\/schema.org\/WebPageElement\" itemprop=\"isPartOf\"><div class=\"inner-wrapper\"><div class=\"element-wrapper\"><div class=\"title-wrapper\"><h2 class=\"block-title h4\">Technische Produkte<\/h2><\/div><div itemprop=\"description\" class=\"content-wrapper\"><ul>\n<li>Maschinenpark<\/li>\n<li>Schmiedearbeiten<\/li>\n<li>Gussteile<\/li>\n<li>Formen<\/li>\n<li>Spritzguss<\/li>\n<li>Schwei\u00dfteile<\/li>\n<li>Automobilteile<\/li>\n<li>Kunststoffe<\/li>\n<li>Und andere<\/li>\n<\/ul>\n<\/div><\/div><\/div><\/div><\/div><\/div><\/section>","protected":false},"excerpt":{"rendered":"","protected":false},"author":1,"featured_media":0,"parent":1595,"menu_order":410,"comment_status":"closed","ping_status":"closed","template":"","meta":{"_acf_changed":false,"footnotes":""},"acf":[],"yoast_head":"<!-- This site is optimized with the Yoast SEO plugin v24.5 - https:\/\/yoast.com\/wordpress\/plugins\/seo\/ -->\n<title>Quality Control ist in verschiedenen Produktgruppen aktiv | QC Quality Control<\/title>\n<meta name=\"description\" content=\"Quality Control verf\u00fcgt \u00fcber ein umfangreiches Netzwerk mit Handelspartnern in China, Vietnam, Indien und der T\u00fcrkei.\" \/>\n<meta name=\"robots\" content=\"index, follow, max-snippet:-1, max-image-preview:large, max-video-preview:-1\" \/>\n<link rel=\"canonical\" href=\"https:\/\/www.qcchina.nl\/de\/quality-control\/produktbereiche\/\" \/>\n<meta property=\"og:locale\" content=\"de_DE\" \/>\n<meta property=\"og:type\" content=\"article\" \/>\n<meta property=\"og:title\" content=\"Quality Control ist in verschiedenen Produktgruppen aktiv | QC Quality Control\" \/>\n<meta property=\"og:description\" content=\"Quality Control verf\u00fcgt \u00fcber ein umfangreiches Netzwerk mit Handelspartnern in China, Vietnam, Indien und der T\u00fcrkei.\" \/>\n<meta property=\"og:url\" content=\"https:\/\/www.qcchina.nl\/de\/quality-control\/produktbereiche\/\" \/>\n<meta property=\"og:site_name\" content=\"QC: Quality Control - DE\" \/>\n<meta property=\"article:modified_time\" content=\"2024-11-13T12:27:54+00:00\" \/>\n<meta name=\"twitter:card\" content=\"summary_large_image\" \/>\n<meta name=\"twitter:label1\" content=\"Est. reading time\" \/>\n\t<meta name=\"twitter:data1\" content=\"2 Minuten\" \/>\n<script type=\"application\/ld+json\" class=\"yoast-schema-graph\">{\"@context\":\"https:\/\/schema.org\",\"@graph\":[{\"@type\":\"WebPage\",\"@id\":\"https:\/\/www.qcchina.nl\/de\/quality-control\/produktbereiche\/\",\"url\":\"https:\/\/www.qcchina.nl\/de\/quality-control\/produktbereiche\/\",\"name\":\"Quality Control ist in verschiedenen Produktgruppen aktiv | QC Quality Control\",\"isPartOf\":{\"@id\":\"https:\/\/www.qcchina.nl\/de\/#website\"},\"datePublished\":\"2024-10-24T09:52:23+00:00\",\"dateModified\":\"2024-11-13T12:27:54+00:00\",\"description\":\"Quality Control verf\u00fcgt \u00fcber ein umfangreiches Netzwerk mit Handelspartnern in China, Vietnam, Indien und der T\u00fcrkei.\",\"breadcrumb\":{\"@id\":\"https:\/\/www.qcchina.nl\/de\/quality-control\/produktbereiche\/#breadcrumb\"},\"inLanguage\":\"de\",\"potentialAction\":[{\"@type\":\"ReadAction\",\"target\":[\"https:\/\/www.qcchina.nl\/de\/quality-control\/produktbereiche\/\"]}]},{\"@type\":\"BreadcrumbList\",\"@id\":\"https:\/\/www.qcchina.nl\/de\/quality-control\/produktbereiche\/#breadcrumb\",\"itemListElement\":[{\"@type\":\"ListItem\",\"position\":1,\"name\":\"Home\",\"item\":\"https:\/\/www.qcchina.nl\/de\/\"},{\"@type\":\"ListItem\",\"position\":2,\"name\":\"Quality Control\",\"item\":\"https:\/\/www.qcchina.nl\/de\/quality-control\/\"},{\"@type\":\"ListItem\",\"position\":3,\"name\":\"Produktbereiche\"}]},{\"@type\":\"WebSite\",\"@id\":\"https:\/\/www.qcchina.nl\/de\/#website\",\"url\":\"https:\/\/www.qcchina.nl\/de\/\",\"name\":\"QC: Quality Control - DE\",\"description\":\"\",\"potentialAction\":[{\"@type\":\"SearchAction\",\"target\":{\"@type\":\"EntryPoint\",\"urlTemplate\":\"https:\/\/www.qcchina.nl\/de\/?s={search_term_string}\"},\"query-input\":{\"@type\":\"PropertyValueSpecification\",\"valueRequired\":true,\"valueName\":\"search_term_string\"}}],\"inLanguage\":\"de\"}]}<\/script>\n<!-- \/ Yoast SEO plugin. -->","yoast_head_json":{"title":"Quality Control ist in verschiedenen Produktgruppen aktiv | QC Quality Control","description":"Quality Control verf\u00fcgt \u00fcber ein umfangreiches Netzwerk mit Handelspartnern in China, Vietnam, Indien und der T\u00fcrkei.","robots":{"index":"index","follow":"follow","max-snippet":"max-snippet:-1","max-image-preview":"max-image-preview:large","max-video-preview":"max-video-preview:-1"},"canonical":"https:\/\/www.qcchina.nl\/de\/quality-control\/produktbereiche\/","og_locale":"de_DE","og_type":"article","og_title":"Quality Control ist in verschiedenen Produktgruppen aktiv | QC Quality Control","og_description":"Quality Control verf\u00fcgt \u00fcber ein umfangreiches Netzwerk mit Handelspartnern in China, Vietnam, Indien und der T\u00fcrkei.","og_url":"https:\/\/www.qcchina.nl\/de\/quality-control\/produktbereiche\/","og_site_name":"QC: Quality Control - DE","article_modified_time":"2024-11-13T12:27:54+00:00","twitter_card":"summary_large_image","twitter_misc":{"Est. reading time":"2 Minuten"},"schema":{"@context":"https:\/\/schema.org","@graph":[{"@type":"WebPage","@id":"https:\/\/www.qcchina.nl\/de\/quality-control\/produktbereiche\/","url":"https:\/\/www.qcchina.nl\/de\/quality-control\/produktbereiche\/","name":"Quality Control ist in verschiedenen Produktgruppen aktiv | QC Quality Control","isPartOf":{"@id":"https:\/\/www.qcchina.nl\/de\/#website"},"datePublished":"2024-10-24T09:52:23+00:00","dateModified":"2024-11-13T12:27:54+00:00","description":"Quality Control verf\u00fcgt \u00fcber ein umfangreiches Netzwerk mit Handelspartnern in China, Vietnam, Indien und der T\u00fcrkei.","breadcrumb":{"@id":"https:\/\/www.qcchina.nl\/de\/quality-control\/produktbereiche\/#breadcrumb"},"inLanguage":"de","potentialAction":[{"@type":"ReadAction","target":["https:\/\/www.qcchina.nl\/de\/quality-control\/produktbereiche\/"]}]},{"@type":"BreadcrumbList","@id":"https:\/\/www.qcchina.nl\/de\/quality-control\/produktbereiche\/#breadcrumb","itemListElement":[{"@type":"ListItem","position":1,"name":"Home","item":"https:\/\/www.qcchina.nl\/de\/"},{"@type":"ListItem","position":2,"name":"Quality Control","item":"https:\/\/www.qcchina.nl\/de\/quality-control\/"},{"@type":"ListItem","position":3,"name":"Produktbereiche"}]},{"@type":"WebSite","@id":"https:\/\/www.qcchina.nl\/de\/#website","url":"https:\/\/www.qcchina.nl\/de\/","name":"QC: Quality Control - DE","description":"","potentialAction":[{"@type":"SearchAction","target":{"@type":"EntryPoint","urlTemplate":"https:\/\/www.qcchina.nl\/de\/?s={search_term_string}"},"query-input":{"@type":"PropertyValueSpecification","valueRequired":true,"valueName":"search_term_string"}}],"inLanguage":"de"}]}},"_links":{"self":[{"href":"https:\/\/www.qcchina.nl\/de\/wp-json\/wp\/v2\/pages\/1597"}],"collection":[{"href":"https:\/\/www.qcchina.nl\/de\/wp-json\/wp\/v2\/pages"}],"about":[{"href":"https:\/\/www.qcchina.nl\/de\/wp-json\/wp\/v2\/types\/page"}],"author":[{"embeddable":true,"href":"https:\/\/www.qcchina.nl\/de\/wp-json\/wp\/v2\/users\/1"}],"replies":[{"embeddable":true,"href":"https:\/\/www.qcchina.nl\/de\/wp-json\/wp\/v2\/comments?post=1597"}],"version-history":[{"count":11,"href":"https:\/\/www.qcchina.nl\/de\/wp-json\/wp\/v2\/pages\/1597\/revisions"}],"predecessor-version":[{"id":2053,"href":"https:\/\/www.qcchina.nl\/de\/wp-json\/wp\/v2\/pages\/1597\/revisions\/2053"}],"up":[{"embeddable":true,"href":"https:\/\/www.qcchina.nl\/de\/wp-json\/wp\/v2\/pages\/1595"}],"wp:attachment":[{"href":"https:\/\/www.qcchina.nl\/de\/wp-json\/wp\/v2\/media?parent=1597"}],"curies":[{"name":"wp","href":"https:\/\/api.w.org\/{rel}","templated":true}]}}