{"id":1606,"date":"2024-10-24T11:53:13","date_gmt":"2024-10-24T09:53:13","guid":{"rendered":"https:\/\/www.qcchina.nl\/?page_id=1606"},"modified":"2024-11-13T12:25:58","modified_gmt":"2024-11-13T11:25:58","slug":"inhalt-eines-berichts","status":"publish","type":"page","link":"https:\/\/www.qcchina.nl\/de\/quality-control\/inhalt-eines-berichts\/","title":{"rendered":"Inhalt eines berichts"},"content":{"rendered":"<section id=section-block-block_b94711ffb330abba968e643024c5fdf8 class=\"section block_content_and_image_left wide-content contains-check-icon\" itemscope itemtype=\"http:\/\/schema.org\/WebPageElement\" itemprop=\"hasPart\"><div class=\"container\"><div class=\"block-row blocks-in-row-2\"><div class=\"block content-block\" itemscope itemtype=\"http:\/\/schema.org\/WebPageElement\" itemprop=\"isPartOf\"><div class=\"inner-wrapper\"><div class=\"element-wrapper\"><div class=\"title-wrapper\"><h2 class=\"block-title h2\">Woraus besteht ein Quality Control Bericht?<\/h2><\/div><div itemprop=\"text\" class=\"content-wrapper\"><p>Ein Bericht besteht u.a. aus folgenden Bestandteilen; welche Bestandteile zutreffend sind, beurteilen wir pro Auftrag:<\/p>\n<ul>\n<li>Fabriksdaten<\/li>\n<li>Bemerkungen\/Besonderheiten des Auftraggebers<\/li>\n<li>Bemerkungen\/Besonderheiten der QC<\/li>\n<li>Produktbeschreibung<\/li>\n<li>Ergebnisse\/Schlussfolgerungen<\/li>\n<li>Standardisierungsgrad der Kriterien (welcher Prozentsatz muss gut sein, damit der Auftrag angenommen wird)<\/li>\n<li>Qualit\u00e4tsanforderungen\/Spezifikationen<\/li>\n<li>Detaillierter Fotobericht der vorgefundenen Produkte<\/li>\n<li>Detaillierter Fotobericht der vorgefundenen Produkte<\/li>\n<li>Ergebnisse Abmessungen und Detailfotos<\/li>\n<li>Ergebnisse Gewicht plus Detailfotos<\/li>\n<li>Gestaltung plus Detailfotos<\/li>\n<li>Gestaltung: Logo, Text, Farbgebung, Positionierung, Qualit\u00e4tsdruck, usw.<\/li>\n<li>Etiketten\/Aufkleber<\/li>\n<li>Verpackung: pro St\u00fcck, pro Au\u00dfenkarton, Innenkarton, etc.<\/li>\n<li>Abmessungen der Verpackung<\/li>\n<li>Gewicht der Verpackung<\/li>\n<li>Versandmarkierungen<\/li>\n<li>Ergebnisse der Festigkeitspr\u00fcfung der Verpackungen (Falltest)<\/li>\n<li>Stabilisierung des Produkts<\/li>\n<li>Testergebnisse Festigkeitspr\u00fcfung<\/li>\n<li>Qualit\u00e4tskontrollaufkleber auf kontrollierten Produkten\/Kartons<\/li>\n<li>Detaillierte Daten und Fotos von M\u00e4ngeln<\/li>\n<li>Bericht \u00fcber die Zusammenarbeit in der Fabrik<\/li>\n<li>Besondere Checks<\/li>\n<\/ul>\n<\/div><\/div><\/div><\/div><div class=\"block image-block  portrait\" itemscope itemtype=\"http:\/\/schema.org\/WebPageElement\" itemprop=\"isPartOf\"><div class=\"inner-wrapper\"><figure itemscope itemtype=\"http:\/\/schema.org\/ImageObject\" itemprop=\"isPartOf\" class=\"img-wrapper\"><img loading=\"lazy\" decoding=\"async\" title=\"Bruce checklist logo\" alt=\"\" width=\"900\" height=\"1600\" src=\"https:\/\/www.qcchina.nl\/de\/wp-content\/uploads\/sites\/2\/2024\/10\/Bruce-checklist-logo-900x1600.jpg\"\/><meta itemprop=\"name\" content=\"Bruce checklist logo\"><meta itemprop=\"image\" content=\"https:\/\/www.qcchina.nl\/de\/wp-content\/uploads\/sites\/2\/2024\/10\/Bruce-checklist-logo-900x1600.jpg\"><\/figure><\/div><\/div><\/div><\/div><\/section>\n\n<section id=section-block-block_63c33f1bc26d7eb40009d007f85bd4e9 class=\"section cta_with_button_block\" itemscope itemtype=\"http:\/\/schema.org\/WebPageElement\" itemprop=\"isPartOf\"><div class=\"container\"><div class=\"block-row blocks-in-row-2\"><div class=\"block image-block\" itemscope itemtype=\"http:\/\/schema.org\/WebPageElement\" itemprop=\"isPartOf\"><div class=\"inner-wrapper\"><figure itemscope itemtype=\"http:\/\/schema.org\/ImageObject\" itemprop=\"isPartOf\" class=\"img-wrapper\"><img loading=\"lazy\" decoding=\"async\" title=\"QCChina_kantoor\" alt=\"\" width=\"800\" height=\"800\" src=\"https:\/\/www.qcchina.nl\/de\/wp-content\/uploads\/sites\/2\/2024\/10\/QCChina_kantoor-800x800.jpg\"\/><meta itemprop=\"name\" content=\"QCChina_kantoor\"><meta itemprop=\"image\" content=\"https:\/\/www.qcchina.nl\/de\/wp-content\/uploads\/sites\/2\/2024\/10\/QCChina_kantoor-800x800.jpg\"><\/figure><\/div><\/div><div class=\"block cta-with-button-block\"><div class=\"inner-wrapper\"><div class=\"title-wrapper\"><h2 class=\"block-title h3\">Sie haben Interesse oder Fragen?<\/h2><\/div><div itemprop=\"text\" class=\"content-wrapper\"><p>Qualit\u00e4tskontrolle steht f\u00fcr Wissen, Erfahrung und Fachkompetenz. Gemeinsam mit unseren bestens ausgebildeten Qualit\u00e4tspr\u00fcfern k\u00f6nnen wir w\u00e4hrend des gesamten Einkaufsprozesses f\u00fcr beste Qualit\u00e4tskontrollen sorgen. M\u00f6chten Sie mehr \u00fcber unseren Service und unsere Leistungen erfahren? Kontaktieren Sie uns gerne, wir erz\u00e4hlen Ihnen gerne mehr dar\u00fcber.<\/p>\n<\/div><ul class=\"buttons-wrapper\"><li><a  title=\"+31 (0) 73 645 71 40\" href=\"tel:+310736457140\" class=\"link set\" itemscope itemtype=\"http:\/\/schema.org\/WebPage\" itemprop=\"isPartOf\"><meta itemprop=\"significantLink\" content=\"tel:+310736457140\">+31 (0) 73 645 71 40<\/a><\/li><li><a  title=\"info@qcchina.nl\" href=\"mailto:info@qcchina.nl\" class=\"link\" itemscope itemtype=\"http:\/\/schema.org\/WebPage\" itemprop=\"isPartOf\"><meta itemprop=\"significantLink\" content=\"mailto:info@qcchina.nl\">info@qcchina.nl<\/a><\/li><\/ul><\/div><\/div><\/div><\/div><\/section>\n\n<section id=section-block-block_c935c43fc8e8cbbf67a3d35c9a362695 class=\"section handpicked-query-overview-block\" itemscope itemtype=\"http:\/\/schema.org\/WebPageElement\" itemprop=\"isPartOf\"><div class=\"container\"><div class=\"block-row blocks-in-row-1\"><div class=\"block collection-overview-block diensten\"><div class=\"title-wrapper\"><h2 class=\"block-title h3\">Unsere Inspektionen<\/h2><\/div><ul class=\"collection-wrapper\" itemscope itemtype=\"https:\/\/schema.org\/Collection\"><li class=\"list-item diensten\"><a class=\"part diensten-part\" href=\"https:\/\/www.qcchina.nl\/de\/inspecties\/factory-audit\/\" itemscope itemtype=\"https:\/\/schema.org\/Article\"><article><div class=\"thumb\"><meta content=\"https:\/\/www.qcchina.nl\/de\/wp-content\/uploads\/sites\/2\/2024\/10\/QC-China-001-1600x900.jpg\" itemprop=\"image\"><img loading=\"lazy\" decoding=\"async\" width=\"1600\" height=\"900\" src=\"https:\/\/www.qcchina.nl\/de\/wp-content\/uploads\/sites\/2\/2024\/10\/QC-China-001-1600x900.jpg\" class=\"attachment-landscape size-landscape wp-post-image\" alt=\"\" \/><\/div><div class=\"inner-wrapper\"><h2 class=\"part-title\" itemprop=\"headline\">Werks-Audit<\/h2><div class=\"part-desc\"><p>Mit dem Fabrik-Audit wird die Fabrik gr\u00fcndlich \u00fcberpr\u00fcft. Zum Beispiel in den Bereichen Qualit\u00e4t, Hygiene, Arbeitsbedingungen und Umwelt. Dies hilft dir als Importeur bei der Beurteilung des Lieferanten.<\/p><\/div><span class=\"part-cta\">Ihrer Lieferkette verbessern<\/span><\/div><\/article><meta content=\"24\/10\/2024\" itemprop=\"datePublished\"><meta content=\"13\/11\/2024\" itemprop=\"dateModified\"><meta content=\"admin\" itemprop=\"author\"><div class=\"meta-tag-wrapper\" itemprop=\"publisher\" itemscope itemtype=\"https:\/\/schema.org\/Organization\"><meta content=\"QC: Quality Control - DE\" itemprop=\"name\"><div itemprop=\"logo\" itemscope itemtype=\"https:\/\/schema.org\/ImageObject\"><meta itemprop=\"url\" content=\"https:\/\/www.qcchina.nl\/de\/wp-content\/themes\/qcchina\/assets\/dist\/images\/logo.svg\"><\/div><\/div><\/a><\/li><li class=\"list-item diensten\"><a class=\"part diensten-part\" href=\"https:\/\/www.qcchina.nl\/de\/inspecties\/pre-shipment-inspection-psi\/\" itemscope itemtype=\"https:\/\/schema.org\/Article\"><article><div class=\"thumb\"><meta content=\"https:\/\/www.qcchina.nl\/de\/wp-content\/uploads\/sites\/2\/2024\/10\/QC-China-007-1600x900.jpg\" itemprop=\"image\"><img loading=\"lazy\" decoding=\"async\" width=\"1600\" height=\"900\" src=\"https:\/\/www.qcchina.nl\/de\/wp-content\/uploads\/sites\/2\/2024\/10\/QC-China-007-1600x900.jpg\" class=\"attachment-landscape size-landscape wp-post-image\" alt=\"\" \/><\/div><div class=\"inner-wrapper\"><h2 class=\"part-title\" itemprop=\"headline\">Pre-Shipment Inspection<\/h2><div class=\"part-desc\"><p>\u00dcberpr\u00fcfen Sie, ob Ihr Produktionsprozess den gew\u00fcnschten Spezifikationen entspricht. Identifizieren und l\u00f6sen Sie Probleme, bevor die Serienproduktion beginnt, um ein optimales Produkt zu gew\u00e4hrleisten.<\/p><\/div><span class=\"part-cta\">Versichern Sie Ihre Sendung<\/span><\/div><\/article><meta content=\"24\/10\/2024\" itemprop=\"datePublished\"><meta content=\"13\/11\/2024\" itemprop=\"dateModified\"><meta content=\"admin\" itemprop=\"author\"><div class=\"meta-tag-wrapper\" itemprop=\"publisher\" itemscope itemtype=\"https:\/\/schema.org\/Organization\"><meta content=\"QC: Quality Control - DE\" itemprop=\"name\"><div itemprop=\"logo\" itemscope itemtype=\"https:\/\/schema.org\/ImageObject\"><meta itemprop=\"url\" content=\"https:\/\/www.qcchina.nl\/de\/wp-content\/themes\/qcchina\/assets\/dist\/images\/logo.svg\"><\/div><\/div><\/a><\/li><li class=\"list-item diensten\"><a class=\"part diensten-part\" href=\"https:\/\/www.qcchina.nl\/de\/inspecties\/first-article-inspection\/\" itemscope itemtype=\"https:\/\/schema.org\/Article\"><article><div class=\"thumb\"><meta content=\"https:\/\/www.qcchina.nl\/de\/wp-content\/uploads\/sites\/2\/2024\/10\/Duo-inspection-1600x900.jpg\" itemprop=\"image\"><img loading=\"lazy\" decoding=\"async\" width=\"1600\" height=\"900\" src=\"https:\/\/www.qcchina.nl\/de\/wp-content\/uploads\/sites\/2\/2024\/10\/Duo-inspection-1600x900.jpg\" class=\"attachment-landscape size-landscape wp-post-image\" alt=\"\" \/><\/div><div class=\"inner-wrapper\"><h2 class=\"part-title\" itemprop=\"headline\">Erstbemusterung<\/h2><div class=\"part-desc\"><p>Eine Erstartikelpr\u00fcfung (FAI) macht deutlich, ob der Produktionsprozess den von dir gew\u00fcnschten Spezifikationen entspricht. Als Importeur ist die Kontrolle des ersten Artikels wichtig f\u00fcr die Bewertung der Produktqualit\u00e4t.<\/p><\/div><span class=\"part-cta\">Beginnen \u00dcberpr\u00fcfung<\/span><\/div><\/article><meta content=\"24\/10\/2024\" itemprop=\"datePublished\"><meta content=\"13\/11\/2024\" itemprop=\"dateModified\"><meta content=\"admin\" itemprop=\"author\"><div class=\"meta-tag-wrapper\" itemprop=\"publisher\" itemscope itemtype=\"https:\/\/schema.org\/Organization\"><meta content=\"QC: Quality Control - DE\" itemprop=\"name\"><div itemprop=\"logo\" itemscope itemtype=\"https:\/\/schema.org\/ImageObject\"><meta itemprop=\"url\" content=\"https:\/\/www.qcchina.nl\/de\/wp-content\/themes\/qcchina\/assets\/dist\/images\/logo.svg\"><\/div><\/div><\/a><\/li><\/ul><\/div><\/div><\/div><\/section>","protected":false},"excerpt":{"rendered":"","protected":false},"author":1,"featured_media":0,"parent":1595,"menu_order":450,"comment_status":"closed","ping_status":"closed","template":"","meta":{"_acf_changed":false,"footnotes":""},"acf":[],"yoast_head":"<!-- This site is optimized with the Yoast SEO plugin v24.5 - https:\/\/yoast.com\/wordpress\/plugins\/seo\/ -->\n<title>Woraus besteht ein Quality Control | QC Quality Control<\/title>\n<meta name=\"description\" content=\"Ein Qualit\u00e4tskontrollbericht besteht aus verschiedenen Teilen. F\u00fcr jede Aufgabe wird beurteilt, welche Teile zutreffen.\" \/>\n<meta name=\"robots\" content=\"index, follow, max-snippet:-1, max-image-preview:large, max-video-preview:-1\" \/>\n<link rel=\"canonical\" href=\"https:\/\/www.qcchina.nl\/de\/quality-control\/inhalt-eines-berichts\/\" \/>\n<meta property=\"og:locale\" content=\"de_DE\" \/>\n<meta property=\"og:type\" content=\"article\" \/>\n<meta property=\"og:title\" content=\"Woraus besteht ein Quality Control | QC Quality Control\" \/>\n<meta property=\"og:description\" content=\"Ein Qualit\u00e4tskontrollbericht besteht aus verschiedenen Teilen. F\u00fcr jede Aufgabe wird beurteilt, welche Teile zutreffen.\" \/>\n<meta property=\"og:url\" content=\"https:\/\/www.qcchina.nl\/de\/quality-control\/inhalt-eines-berichts\/\" \/>\n<meta property=\"og:site_name\" content=\"QC: Quality Control - DE\" \/>\n<meta property=\"article:modified_time\" content=\"2024-11-13T11:25:58+00:00\" \/>\n<meta name=\"twitter:card\" content=\"summary_large_image\" \/>\n<meta name=\"twitter:label1\" content=\"Est. reading time\" \/>\n\t<meta name=\"twitter:data1\" content=\"2 Minuten\" \/>\n<script type=\"application\/ld+json\" class=\"yoast-schema-graph\">{\"@context\":\"https:\/\/schema.org\",\"@graph\":[{\"@type\":\"WebPage\",\"@id\":\"https:\/\/www.qcchina.nl\/de\/quality-control\/inhalt-eines-berichts\/\",\"url\":\"https:\/\/www.qcchina.nl\/de\/quality-control\/inhalt-eines-berichts\/\",\"name\":\"Woraus besteht ein Quality Control | QC Quality Control\",\"isPartOf\":{\"@id\":\"https:\/\/www.qcchina.nl\/de\/#website\"},\"datePublished\":\"2024-10-24T09:53:13+00:00\",\"dateModified\":\"2024-11-13T11:25:58+00:00\",\"description\":\"Ein Qualit\u00e4tskontrollbericht besteht aus verschiedenen Teilen. F\u00fcr jede Aufgabe wird beurteilt, welche Teile zutreffen.\",\"breadcrumb\":{\"@id\":\"https:\/\/www.qcchina.nl\/de\/quality-control\/inhalt-eines-berichts\/#breadcrumb\"},\"inLanguage\":\"de\",\"potentialAction\":[{\"@type\":\"ReadAction\",\"target\":[\"https:\/\/www.qcchina.nl\/de\/quality-control\/inhalt-eines-berichts\/\"]}]},{\"@type\":\"BreadcrumbList\",\"@id\":\"https:\/\/www.qcchina.nl\/de\/quality-control\/inhalt-eines-berichts\/#breadcrumb\",\"itemListElement\":[{\"@type\":\"ListItem\",\"position\":1,\"name\":\"Home\",\"item\":\"https:\/\/www.qcchina.nl\/de\/\"},{\"@type\":\"ListItem\",\"position\":2,\"name\":\"Quality Control\",\"item\":\"https:\/\/www.qcchina.nl\/de\/quality-control\/\"},{\"@type\":\"ListItem\",\"position\":3,\"name\":\"Inhalt eines berichts\"}]},{\"@type\":\"WebSite\",\"@id\":\"https:\/\/www.qcchina.nl\/de\/#website\",\"url\":\"https:\/\/www.qcchina.nl\/de\/\",\"name\":\"QC: Quality Control - DE\",\"description\":\"\",\"potentialAction\":[{\"@type\":\"SearchAction\",\"target\":{\"@type\":\"EntryPoint\",\"urlTemplate\":\"https:\/\/www.qcchina.nl\/de\/?s={search_term_string}\"},\"query-input\":{\"@type\":\"PropertyValueSpecification\",\"valueRequired\":true,\"valueName\":\"search_term_string\"}}],\"inLanguage\":\"de\"}]}<\/script>\n<!-- \/ Yoast SEO plugin. -->","yoast_head_json":{"title":"Woraus besteht ein Quality Control | QC Quality Control","description":"Ein Qualit\u00e4tskontrollbericht besteht aus verschiedenen Teilen. F\u00fcr jede Aufgabe wird beurteilt, welche Teile zutreffen.","robots":{"index":"index","follow":"follow","max-snippet":"max-snippet:-1","max-image-preview":"max-image-preview:large","max-video-preview":"max-video-preview:-1"},"canonical":"https:\/\/www.qcchina.nl\/de\/quality-control\/inhalt-eines-berichts\/","og_locale":"de_DE","og_type":"article","og_title":"Woraus besteht ein Quality Control | QC Quality Control","og_description":"Ein Qualit\u00e4tskontrollbericht besteht aus verschiedenen Teilen. F\u00fcr jede Aufgabe wird beurteilt, welche Teile zutreffen.","og_url":"https:\/\/www.qcchina.nl\/de\/quality-control\/inhalt-eines-berichts\/","og_site_name":"QC: Quality Control - DE","article_modified_time":"2024-11-13T11:25:58+00:00","twitter_card":"summary_large_image","twitter_misc":{"Est. reading time":"2 Minuten"},"schema":{"@context":"https:\/\/schema.org","@graph":[{"@type":"WebPage","@id":"https:\/\/www.qcchina.nl\/de\/quality-control\/inhalt-eines-berichts\/","url":"https:\/\/www.qcchina.nl\/de\/quality-control\/inhalt-eines-berichts\/","name":"Woraus besteht ein Quality Control | QC Quality Control","isPartOf":{"@id":"https:\/\/www.qcchina.nl\/de\/#website"},"datePublished":"2024-10-24T09:53:13+00:00","dateModified":"2024-11-13T11:25:58+00:00","description":"Ein Qualit\u00e4tskontrollbericht besteht aus verschiedenen Teilen. F\u00fcr jede Aufgabe wird beurteilt, welche Teile zutreffen.","breadcrumb":{"@id":"https:\/\/www.qcchina.nl\/de\/quality-control\/inhalt-eines-berichts\/#breadcrumb"},"inLanguage":"de","potentialAction":[{"@type":"ReadAction","target":["https:\/\/www.qcchina.nl\/de\/quality-control\/inhalt-eines-berichts\/"]}]},{"@type":"BreadcrumbList","@id":"https:\/\/www.qcchina.nl\/de\/quality-control\/inhalt-eines-berichts\/#breadcrumb","itemListElement":[{"@type":"ListItem","position":1,"name":"Home","item":"https:\/\/www.qcchina.nl\/de\/"},{"@type":"ListItem","position":2,"name":"Quality Control","item":"https:\/\/www.qcchina.nl\/de\/quality-control\/"},{"@type":"ListItem","position":3,"name":"Inhalt eines berichts"}]},{"@type":"WebSite","@id":"https:\/\/www.qcchina.nl\/de\/#website","url":"https:\/\/www.qcchina.nl\/de\/","name":"QC: Quality Control - DE","description":"","potentialAction":[{"@type":"SearchAction","target":{"@type":"EntryPoint","urlTemplate":"https:\/\/www.qcchina.nl\/de\/?s={search_term_string}"},"query-input":{"@type":"PropertyValueSpecification","valueRequired":true,"valueName":"search_term_string"}}],"inLanguage":"de"}]}},"_links":{"self":[{"href":"https:\/\/www.qcchina.nl\/de\/wp-json\/wp\/v2\/pages\/1606"}],"collection":[{"href":"https:\/\/www.qcchina.nl\/de\/wp-json\/wp\/v2\/pages"}],"about":[{"href":"https:\/\/www.qcchina.nl\/de\/wp-json\/wp\/v2\/types\/page"}],"author":[{"embeddable":true,"href":"https:\/\/www.qcchina.nl\/de\/wp-json\/wp\/v2\/users\/1"}],"replies":[{"embeddable":true,"href":"https:\/\/www.qcchina.nl\/de\/wp-json\/wp\/v2\/comments?post=1606"}],"version-history":[{"count":9,"href":"https:\/\/www.qcchina.nl\/de\/wp-json\/wp\/v2\/pages\/1606\/revisions"}],"predecessor-version":[{"id":2036,"href":"https:\/\/www.qcchina.nl\/de\/wp-json\/wp\/v2\/pages\/1606\/revisions\/2036"}],"up":[{"embeddable":true,"href":"https:\/\/www.qcchina.nl\/de\/wp-json\/wp\/v2\/pages\/1595"}],"wp:attachment":[{"href":"https:\/\/www.qcchina.nl\/de\/wp-json\/wp\/v2\/media?parent=1606"}],"curies":[{"name":"wp","href":"https:\/\/api.w.org\/{rel}","templated":true}]}}