{"id":1608,"date":"2024-10-24T11:53:23","date_gmt":"2024-10-24T09:53:23","guid":{"rendered":"https:\/\/www.qcchina.nl\/?page_id=1608"},"modified":"2024-11-13T12:22:56","modified_gmt":"2024-11-13T11:22:56","slug":"arbeitsweise","status":"publish","type":"page","link":"https:\/\/www.qcchina.nl\/de\/quality-control\/arbeitsweise\/","title":{"rendered":"Arbeitsweise"},"content":{"rendered":"<section id=section-block-block_e2afbf40f7780c92fa94e0163e1cc711 class=\"section content_and_toggle_repeater_block\" itemscope itemtype=\"https:\/\/schema.org\/FAQPage\"><div class=\"container\"><div class=\"block-row blocks-in-row-2\"><div class=\"block content-block\"><div class=\"inner-wrapper\"><div class=\"title-wrapper\"><h2 class=\"block-title h2\">Hieran erkennst du den <span class=\"pink-color\">Qualit\u00e4tskontrolle<\/span> Ansatz.<\/h2><\/div><div itemprop=\"text\" class=\"content-wrapper\"><p>Unsere Arbeitsweise erkennt man schnell. Darin sind wir einzigartig. Bei uns hast du einen niederl\u00e4ndischen Ansprechpartner und Fachwissen vor Ort. So kannst du immer auf kurze, schnelle Wege und klare Kommunikation z\u00e4hlen. Dabei steht Transparenz im Mittelpunkt: Alles, was passiert, erz\u00e4hlen wir. Einfach so, wie es ist. Der Kontakt ist pers\u00f6nlich und unkompliziert. Zudem sind wir besonders flexibel. Jedes Projekt ist bei uns ma\u00dfgeschneidert, denn jedes Produkt und jeder Bestellprozess ist anders.<\/p>\n<\/div><a  title=\"Gemeinsam arbeiten\" href=\"https:\/\/www.qcchina.nl\/de\/contact\/\" class=\"button\" itemscope itemtype=\"http:\/\/schema.org\/WebPage\" itemprop=\"isPartOf\"><meta itemprop=\"significantLink\" content=\"https:\/\/www.qcchina.nl\/de\/contact\/\">Gemeinsam arbeiten<\/a><\/div><\/div><div class=\"block toggle-repeater-block\"><ul class=\"items-wrapper\"><li class=\"toggle-item\"><button class=\"item-title\" aria-expanded=\"false\">Einf\u00fchrung und Erl\u00e4uterung der Methodik<\/button><div class=\"item-desc\"><p>Wir beginnen mit einer unverbindlichen Einf\u00fchrung, in der wir unsere Arbeitsweise, Methodik und den Aufbau unserer Berichte erl\u00e4utern.<\/p>\n<\/div><\/li><li class=\"toggle-item\"><button class=\"item-title\" aria-expanded=\"false\">Ma\u00dfgeschneiderter Vorschlag<\/button><div class=\"item-desc\"><p>Nach Eingang des Inputs erstellen wir einen detaillierten Vorschlag. In diesem Angebot finden Sie einen \u00dcberblick \u00fcber alle von uns f\u00fcr Sie durchgef\u00fchrten Arbeiten und die Kosten.<\/p>\n<\/div><\/li><li class=\"toggle-item\"><button class=\"item-title\" aria-expanded=\"false\">Vorstellung des Produzenten<\/button><div class=\"item-desc\"><p>Sind Sie einverstanden? Anschlie\u00dfend bitten wir Sie, eine Einf\u00fchrungs-E-Mail (im CC-Format) an den Hersteller zu senden und ihn um uneingeschr\u00e4nkte Zusammenarbeit zu bitten.<\/p>\n<\/div><\/li><li class=\"toggle-item\"><button class=\"item-title\" aria-expanded=\"false\">Pers\u00f6nlicher Kontakt und Planung<\/button><div class=\"item-desc\"><p>Von diesem Moment an werden wir die Initiative \u00fcbernehmen. Wir kontaktieren den Produzenten pers\u00f6nlich und vereinbaren \u00fcber ein Best\u00e4tigungsformular den Termin f\u00fcr die Inspektion bzw. das Audit.<\/p>\n<\/div><\/li><li class=\"toggle-item\"><button class=\"item-title\" aria-expanded=\"false\">Inspektion durchf\u00fchren<\/button><div class=\"item-desc\"><p>Unser Qualit\u00e4tspr\u00fcfer f\u00fchrt am vereinbarten Tag vor Ort im Werk eine gr\u00fcndliche Pr\u00fcfung durch.<\/p>\n<\/div><\/li><li class=\"toggle-item\"><button class=\"item-title\" aria-expanded=\"false\">Berichterstattung<\/button><div class=\"item-desc\"><p>Unser Team in Shanghai verarbeitet die Erkenntnisse und Ergebnisse der Inspektion in einem umfangreichen Bericht.<\/p>\n<\/div><\/li><li class=\"toggle-item\"><button class=\"item-title\" aria-expanded=\"false\">Versenden von Bericht und Material<\/button><div class=\"item-desc\"><p>Wir senden Ihnen den vollst\u00e4ndigen Bericht digital zu, zusammen mit allen aufgenommenen Fotos und eventuellen Videos (auch solche, die nicht im Bericht enthalten sind).<\/p>\n<\/div><\/li><li class=\"toggle-item\"><button class=\"item-title\" aria-expanded=\"false\">Diskussion und Beratung<\/button><div class=\"item-desc\"><p>Wir stehen f\u00fcr Fragen und Beratung gerne zur Verf\u00fcgung. Dank unserer kurzen Kommunikationswege k\u00f6nnen wir dies schnell und in Absprache mit dem Pr\u00fcfer oder Produzenten erledigen.<\/p>\n<\/div><\/li><\/ul><\/div><\/div><\/div><\/section>\n\n<section id=section-block-block_9a770e0ff66de950a9d04360049079a9 class=\"section cta_with_button_block\" itemscope itemtype=\"http:\/\/schema.org\/WebPageElement\" itemprop=\"isPartOf\"><div class=\"container\"><div class=\"block-row blocks-in-row-2\"><div class=\"block image-block\" itemscope itemtype=\"http:\/\/schema.org\/WebPageElement\" itemprop=\"isPartOf\"><div class=\"inner-wrapper\"><figure itemscope itemtype=\"http:\/\/schema.org\/ImageObject\" itemprop=\"isPartOf\" class=\"img-wrapper\"><img loading=\"lazy\" decoding=\"async\" title=\"QCChina_kantoor\" alt=\"\" width=\"800\" height=\"800\" src=\"https:\/\/www.qcchina.nl\/de\/wp-content\/uploads\/sites\/2\/2024\/10\/QCChina_kantoor-800x800.jpg\"\/><meta itemprop=\"name\" content=\"QCChina_kantoor\"><meta itemprop=\"image\" content=\"https:\/\/www.qcchina.nl\/de\/wp-content\/uploads\/sites\/2\/2024\/10\/QCChina_kantoor-800x800.jpg\"><\/figure><\/div><\/div><div class=\"block cta-with-button-block\"><div class=\"inner-wrapper\"><div class=\"title-wrapper\"><h2 class=\"block-title h3\">Sie haben Interesse oder Fragen?<\/h2><\/div><div itemprop=\"text\" class=\"content-wrapper\"><p>Qualit\u00e4tskontrolle steht f\u00fcr Wissen, Erfahrung und Fachkompetenz. Gemeinsam mit unseren bestens ausgebildeten Qualit\u00e4tspr\u00fcfern k\u00f6nnen wir w\u00e4hrend des gesamten Einkaufsprozesses f\u00fcr beste Qualit\u00e4tskontrollen sorgen. M\u00f6chten Sie mehr \u00fcber unseren Service und unsere Leistungen erfahren? Kontaktieren Sie uns gerne, wir erz\u00e4hlen Ihnen gerne mehr dar\u00fcber.<\/p>\n<\/div><ul class=\"buttons-wrapper\"><li><a  title=\"+31 (0) 73 645 71 40\" href=\"tel:+310736457140\" class=\"link set\" itemscope itemtype=\"http:\/\/schema.org\/WebPage\" itemprop=\"isPartOf\"><meta itemprop=\"significantLink\" content=\"tel:+310736457140\">+31 (0) 73 645 71 40<\/a><\/li><li><a  title=\"info@qcchina.nl\" href=\"mailto:info@qcchina.nl\" class=\"link\" itemscope itemtype=\"http:\/\/schema.org\/WebPage\" itemprop=\"isPartOf\"><meta itemprop=\"significantLink\" content=\"mailto:info@qcchina.nl\">info@qcchina.nl<\/a><\/li><\/ul><\/div><\/div><\/div><\/div><\/section>","protected":false},"excerpt":{"rendered":"","protected":false},"author":1,"featured_media":0,"parent":1595,"menu_order":460,"comment_status":"closed","ping_status":"closed","template":"","meta":{"_acf_changed":false,"footnotes":""},"acf":[],"yoast_head":"<!-- This site is optimized with the Yoast SEO plugin v24.5 - https:\/\/yoast.com\/wordpress\/plugins\/seo\/ -->\n<title>Unsere Arbeitsweise | QC Quality Control<\/title>\n<meta name=\"description\" content=\"Erfahren Sie mehr \u00fcber unseren Ansatz bei Qualit\u00e4tskontrollen und Inspektionen. Lernen Sie Quality Control kennen.\" \/>\n<meta name=\"robots\" content=\"index, follow, max-snippet:-1, max-image-preview:large, max-video-preview:-1\" \/>\n<link rel=\"canonical\" href=\"https:\/\/www.qcchina.nl\/de\/quality-control\/arbeitsweise\/\" \/>\n<meta property=\"og:locale\" content=\"de_DE\" \/>\n<meta property=\"og:type\" content=\"article\" \/>\n<meta property=\"og:title\" content=\"Unsere Arbeitsweise | QC Quality Control\" \/>\n<meta property=\"og:description\" content=\"Erfahren Sie mehr \u00fcber unseren Ansatz bei Qualit\u00e4tskontrollen und Inspektionen. Lernen Sie Quality Control kennen.\" \/>\n<meta property=\"og:url\" content=\"https:\/\/www.qcchina.nl\/de\/quality-control\/arbeitsweise\/\" \/>\n<meta property=\"og:site_name\" content=\"QC: Quality Control - DE\" \/>\n<meta property=\"article:modified_time\" content=\"2024-11-13T11:22:56+00:00\" \/>\n<meta name=\"twitter:card\" content=\"summary_large_image\" \/>\n<meta name=\"twitter:label1\" content=\"Est. reading time\" \/>\n\t<meta name=\"twitter:data1\" content=\"3 Minuten\" \/>\n<script type=\"application\/ld+json\" class=\"yoast-schema-graph\">{\"@context\":\"https:\/\/schema.org\",\"@graph\":[{\"@type\":\"WebPage\",\"@id\":\"https:\/\/www.qcchina.nl\/de\/quality-control\/arbeitsweise\/\",\"url\":\"https:\/\/www.qcchina.nl\/de\/quality-control\/arbeitsweise\/\",\"name\":\"Unsere Arbeitsweise | QC Quality Control\",\"isPartOf\":{\"@id\":\"https:\/\/www.qcchina.nl\/de\/#website\"},\"datePublished\":\"2024-10-24T09:53:23+00:00\",\"dateModified\":\"2024-11-13T11:22:56+00:00\",\"description\":\"Erfahren Sie mehr \u00fcber unseren Ansatz bei Qualit\u00e4tskontrollen und Inspektionen. Lernen Sie Quality Control kennen.\",\"breadcrumb\":{\"@id\":\"https:\/\/www.qcchina.nl\/de\/quality-control\/arbeitsweise\/#breadcrumb\"},\"inLanguage\":\"de\",\"potentialAction\":[{\"@type\":\"ReadAction\",\"target\":[\"https:\/\/www.qcchina.nl\/de\/quality-control\/arbeitsweise\/\"]}]},{\"@type\":\"BreadcrumbList\",\"@id\":\"https:\/\/www.qcchina.nl\/de\/quality-control\/arbeitsweise\/#breadcrumb\",\"itemListElement\":[{\"@type\":\"ListItem\",\"position\":1,\"name\":\"Home\",\"item\":\"https:\/\/www.qcchina.nl\/de\/\"},{\"@type\":\"ListItem\",\"position\":2,\"name\":\"Quality Control\",\"item\":\"https:\/\/www.qcchina.nl\/de\/quality-control\/\"},{\"@type\":\"ListItem\",\"position\":3,\"name\":\"Arbeitsweise\"}]},{\"@type\":\"WebSite\",\"@id\":\"https:\/\/www.qcchina.nl\/de\/#website\",\"url\":\"https:\/\/www.qcchina.nl\/de\/\",\"name\":\"QC: Quality Control - DE\",\"description\":\"\",\"potentialAction\":[{\"@type\":\"SearchAction\",\"target\":{\"@type\":\"EntryPoint\",\"urlTemplate\":\"https:\/\/www.qcchina.nl\/de\/?s={search_term_string}\"},\"query-input\":{\"@type\":\"PropertyValueSpecification\",\"valueRequired\":true,\"valueName\":\"search_term_string\"}}],\"inLanguage\":\"de\"}]}<\/script>\n<!-- \/ Yoast SEO plugin. -->","yoast_head_json":{"title":"Unsere Arbeitsweise | QC Quality Control","description":"Erfahren Sie mehr \u00fcber unseren Ansatz bei Qualit\u00e4tskontrollen und Inspektionen. Lernen Sie Quality Control kennen.","robots":{"index":"index","follow":"follow","max-snippet":"max-snippet:-1","max-image-preview":"max-image-preview:large","max-video-preview":"max-video-preview:-1"},"canonical":"https:\/\/www.qcchina.nl\/de\/quality-control\/arbeitsweise\/","og_locale":"de_DE","og_type":"article","og_title":"Unsere Arbeitsweise | QC Quality Control","og_description":"Erfahren Sie mehr \u00fcber unseren Ansatz bei Qualit\u00e4tskontrollen und Inspektionen. Lernen Sie Quality Control kennen.","og_url":"https:\/\/www.qcchina.nl\/de\/quality-control\/arbeitsweise\/","og_site_name":"QC: Quality Control - DE","article_modified_time":"2024-11-13T11:22:56+00:00","twitter_card":"summary_large_image","twitter_misc":{"Est. reading time":"3 Minuten"},"schema":{"@context":"https:\/\/schema.org","@graph":[{"@type":"WebPage","@id":"https:\/\/www.qcchina.nl\/de\/quality-control\/arbeitsweise\/","url":"https:\/\/www.qcchina.nl\/de\/quality-control\/arbeitsweise\/","name":"Unsere Arbeitsweise | QC Quality Control","isPartOf":{"@id":"https:\/\/www.qcchina.nl\/de\/#website"},"datePublished":"2024-10-24T09:53:23+00:00","dateModified":"2024-11-13T11:22:56+00:00","description":"Erfahren Sie mehr \u00fcber unseren Ansatz bei Qualit\u00e4tskontrollen und Inspektionen. Lernen Sie Quality Control kennen.","breadcrumb":{"@id":"https:\/\/www.qcchina.nl\/de\/quality-control\/arbeitsweise\/#breadcrumb"},"inLanguage":"de","potentialAction":[{"@type":"ReadAction","target":["https:\/\/www.qcchina.nl\/de\/quality-control\/arbeitsweise\/"]}]},{"@type":"BreadcrumbList","@id":"https:\/\/www.qcchina.nl\/de\/quality-control\/arbeitsweise\/#breadcrumb","itemListElement":[{"@type":"ListItem","position":1,"name":"Home","item":"https:\/\/www.qcchina.nl\/de\/"},{"@type":"ListItem","position":2,"name":"Quality Control","item":"https:\/\/www.qcchina.nl\/de\/quality-control\/"},{"@type":"ListItem","position":3,"name":"Arbeitsweise"}]},{"@type":"WebSite","@id":"https:\/\/www.qcchina.nl\/de\/#website","url":"https:\/\/www.qcchina.nl\/de\/","name":"QC: Quality Control - DE","description":"","potentialAction":[{"@type":"SearchAction","target":{"@type":"EntryPoint","urlTemplate":"https:\/\/www.qcchina.nl\/de\/?s={search_term_string}"},"query-input":{"@type":"PropertyValueSpecification","valueRequired":true,"valueName":"search_term_string"}}],"inLanguage":"de"}]}},"_links":{"self":[{"href":"https:\/\/www.qcchina.nl\/de\/wp-json\/wp\/v2\/pages\/1608"}],"collection":[{"href":"https:\/\/www.qcchina.nl\/de\/wp-json\/wp\/v2\/pages"}],"about":[{"href":"https:\/\/www.qcchina.nl\/de\/wp-json\/wp\/v2\/types\/page"}],"author":[{"embeddable":true,"href":"https:\/\/www.qcchina.nl\/de\/wp-json\/wp\/v2\/users\/1"}],"replies":[{"embeddable":true,"href":"https:\/\/www.qcchina.nl\/de\/wp-json\/wp\/v2\/comments?post=1608"}],"version-history":[{"count":6,"href":"https:\/\/www.qcchina.nl\/de\/wp-json\/wp\/v2\/pages\/1608\/revisions"}],"predecessor-version":[{"id":2032,"href":"https:\/\/www.qcchina.nl\/de\/wp-json\/wp\/v2\/pages\/1608\/revisions\/2032"}],"up":[{"embeddable":true,"href":"https:\/\/www.qcchina.nl\/de\/wp-json\/wp\/v2\/pages\/1595"}],"wp:attachment":[{"href":"https:\/\/www.qcchina.nl\/de\/wp-json\/wp\/v2\/media?parent=1608"}],"curies":[{"name":"wp","href":"https:\/\/api.w.org\/{rel}","templated":true}]}}