{"id":1610,"date":"2024-10-24T11:53:38","date_gmt":"2024-10-24T09:53:38","guid":{"rendered":"https:\/\/www.qcchina.nl\/?page_id=1610"},"modified":"2024-11-13T13:08:51","modified_gmt":"2024-11-13T12:08:51","slug":"verhaltenskodizes-und-normen","status":"publish","type":"page","link":"https:\/\/www.qcchina.nl\/de\/quality-control\/verhaltenskodizes-und-normen\/","title":{"rendered":"Verhaltenskodizes und Normen"},"content":{"rendered":"<section id=section-block-block_508f93685c5559237596059f26e4eb45 class=\"section block_content_and_image_left wide-content contains-align-column-top\" itemscope itemtype=\"http:\/\/schema.org\/WebPageElement\" itemprop=\"hasPart\"><div class=\"container\"><div class=\"block-row blocks-in-row-2\"><div class=\"block content-block\" itemscope itemtype=\"http:\/\/schema.org\/WebPageElement\" itemprop=\"isPartOf\"><div class=\"inner-wrapper\"><div class=\"element-wrapper\"><div class=\"title-wrapper\"><h2 class=\"block-title h2\">Unsere Expertise in Verhaltenskodizes und Normen<\/h2><\/div><div itemprop=\"text\" class=\"content-wrapper\"><p>Bei Quality Control wissen wir, wie wichtig die Einhaltung internationaler Standards und Verhaltenskodizes ist. Unsere langj\u00e4hrige Erfahrung erm\u00f6glicht es uns, Unternehmen bei der Sicherstellung ethischer und qualitativer Standards in ihren Produktions- und Lieferketten zu begleiten und zu unterst\u00fctzen. Wir arbeiten mit einer Vielzahl f\u00fchrender Verhaltenskodizes und Standards, darunter:<\/p>\n<ul style=\"font-weight: 400;\">\n<li><strong>BSCI<\/strong> (Business Social Compliance Initiative): Bevordert verantwoorde werkomstandigheden in de toeleveringsketen.<\/li>\n<li><strong>SA8000<\/strong> (Social Accountability 8000): Richtlijn voor sociaal verantwoorde arbeidspraktijken.<\/li>\n<li><strong>SEDEX<\/strong> (Sedex Members Ethical Trade Audit): Bevordert transparantie en ethisch handelen in de supply chain.<\/li>\n<li><strong>ETI<\/strong> (Ethical Trading Initiative): Streeft naar eerlijke arbeidsomstandigheden wereldwijd.<\/li>\n<li><strong>ISO<\/strong> (International Organization of Standardization \u2013 ISO9000 &amp; ISO 14001): Garandeert kwaliteits- en milieumanagement volgens internationale standaarden.<\/li>\n<li><strong>QMS<\/strong> (Quality Management System): Zorgt voor consistente kwaliteitsbeheerprocessen.<\/li>\n<li><strong>WRAP<\/strong> (Worldwide Responsible Accredited Production): Richtlijnen voor verantwoorde productie, specifiek in de kledingindustrie.<\/li>\n<li><strong>ICTI<\/strong> (International Council of Toy Industries): Veiligheids- en ethische normen voor speelgoedproductie.<\/li>\n<li><strong>EICC<\/strong> (Electronic Industry Code of Conduct): Richt zich op verantwoordelijke en ethische praktijken in de elektronica-industrie.<\/li>\n<li><strong>WCA<\/strong> (Workplace Conditions Assessment): Bevordert veilige en gezonde werkomstandigheden.<\/li>\n<li><strong>ICS<\/strong> (Initiative Clause Sociale): Biedt ondersteuning bij sociale compliance audits.<\/li>\n<li><strong>FACCA<\/strong> (Factory Capability &amp; Capacity Assessment): Beoordeelt de capaciteit en competentie van productiebedrijven.<\/li>\n<li><strong>SQP<\/strong> (Supplier Qualification Program): Zorgt voor grondige kwalificatie van leveranciers.<\/li>\n<\/ul>\n<p style=\"font-weight: 400;\">Mit unserem Wissen und unserer Erfahrung in diesen verschiedenen Standards unterst\u00fctzen wir Unternehmen bei der Verfolgung hoher Qualit\u00e4tsstandards und einer ethisch verantwortungsvollen Gesch\u00e4ftst\u00e4tigkeit. Damit tragen wir zu einer nachhaltigen und fairen Lieferkette weltweit bei.<\/p>\n<\/div><\/div><\/div><\/div><div class=\"block image-block  square\" itemscope itemtype=\"http:\/\/schema.org\/WebPageElement\" itemprop=\"isPartOf\"><div class=\"inner-wrapper\"><figure itemscope itemtype=\"http:\/\/schema.org\/ImageObject\" itemprop=\"isPartOf\" class=\"img-wrapper\"><img loading=\"lazy\" decoding=\"async\" title=\"Bruce 1\" alt=\"\" width=\"800\" height=\"800\" src=\"https:\/\/www.qcchina.nl\/de\/wp-content\/uploads\/sites\/2\/2024\/10\/Bruce-1-800x800.jpg\"\/><meta itemprop=\"name\" content=\"Bruce 1\"><meta itemprop=\"image\" content=\"https:\/\/www.qcchina.nl\/de\/wp-content\/uploads\/sites\/2\/2024\/10\/Bruce-1-800x800.jpg\"><\/figure><\/div><\/div><\/div><\/div><\/section>","protected":false},"excerpt":{"rendered":"","protected":false},"author":1,"featured_media":0,"parent":1595,"menu_order":470,"comment_status":"closed","ping_status":"closed","template":"","meta":{"_acf_changed":false,"footnotes":""},"acf":[],"yoast_head":"<!-- This site is optimized with the Yoast SEO plugin v24.5 - https:\/\/yoast.com\/wordpress\/plugins\/seo\/ -->\n<title>Verhaltenskodizes und Normen | QC Quality Control<\/title>\n<meta name=\"description\" content=\"Quality Control ist mit verschiedenen Verhaltenskodizes und Standards vertraut, die in der internationalen Handelsgemeinschaft verwendet werden.\" \/>\n<meta name=\"robots\" content=\"index, follow, max-snippet:-1, max-image-preview:large, max-video-preview:-1\" \/>\n<link rel=\"canonical\" href=\"https:\/\/www.qcchina.nl\/de\/quality-control\/verhaltenskodizes-und-normen\/\" \/>\n<meta property=\"og:locale\" content=\"de_DE\" \/>\n<meta property=\"og:type\" content=\"article\" \/>\n<meta property=\"og:title\" content=\"Verhaltenskodizes und Normen | QC Quality Control\" \/>\n<meta property=\"og:description\" content=\"Quality Control ist mit verschiedenen Verhaltenskodizes und Standards vertraut, die in der internationalen Handelsgemeinschaft verwendet werden.\" \/>\n<meta property=\"og:url\" content=\"https:\/\/www.qcchina.nl\/de\/quality-control\/verhaltenskodizes-und-normen\/\" \/>\n<meta property=\"og:site_name\" content=\"QC: Quality Control - DE\" \/>\n<meta property=\"article:modified_time\" content=\"2024-11-13T12:08:51+00:00\" \/>\n<meta name=\"twitter:card\" content=\"summary_large_image\" \/>\n<meta name=\"twitter:label1\" content=\"Est. reading time\" \/>\n\t<meta name=\"twitter:data1\" content=\"2 Minuten\" \/>\n<script type=\"application\/ld+json\" class=\"yoast-schema-graph\">{\"@context\":\"https:\/\/schema.org\",\"@graph\":[{\"@type\":\"WebPage\",\"@id\":\"https:\/\/www.qcchina.nl\/de\/quality-control\/verhaltenskodizes-und-normen\/\",\"url\":\"https:\/\/www.qcchina.nl\/de\/quality-control\/verhaltenskodizes-und-normen\/\",\"name\":\"Verhaltenskodizes und Normen | QC Quality Control\",\"isPartOf\":{\"@id\":\"https:\/\/www.qcchina.nl\/de\/#website\"},\"datePublished\":\"2024-10-24T09:53:38+00:00\",\"dateModified\":\"2024-11-13T12:08:51+00:00\",\"description\":\"Quality Control ist mit verschiedenen Verhaltenskodizes und Standards vertraut, die in der internationalen Handelsgemeinschaft verwendet werden.\",\"breadcrumb\":{\"@id\":\"https:\/\/www.qcchina.nl\/de\/quality-control\/verhaltenskodizes-und-normen\/#breadcrumb\"},\"inLanguage\":\"de\",\"potentialAction\":[{\"@type\":\"ReadAction\",\"target\":[\"https:\/\/www.qcchina.nl\/de\/quality-control\/verhaltenskodizes-und-normen\/\"]}]},{\"@type\":\"BreadcrumbList\",\"@id\":\"https:\/\/www.qcchina.nl\/de\/quality-control\/verhaltenskodizes-und-normen\/#breadcrumb\",\"itemListElement\":[{\"@type\":\"ListItem\",\"position\":1,\"name\":\"Home\",\"item\":\"https:\/\/www.qcchina.nl\/de\/\"},{\"@type\":\"ListItem\",\"position\":2,\"name\":\"Quality Control\",\"item\":\"https:\/\/www.qcchina.nl\/de\/quality-control\/\"},{\"@type\":\"ListItem\",\"position\":3,\"name\":\"Verhaltenskodizes und Normen\"}]},{\"@type\":\"WebSite\",\"@id\":\"https:\/\/www.qcchina.nl\/de\/#website\",\"url\":\"https:\/\/www.qcchina.nl\/de\/\",\"name\":\"QC: Quality Control - DE\",\"description\":\"\",\"potentialAction\":[{\"@type\":\"SearchAction\",\"target\":{\"@type\":\"EntryPoint\",\"urlTemplate\":\"https:\/\/www.qcchina.nl\/de\/?s={search_term_string}\"},\"query-input\":{\"@type\":\"PropertyValueSpecification\",\"valueRequired\":true,\"valueName\":\"search_term_string\"}}],\"inLanguage\":\"de\"}]}<\/script>\n<!-- \/ Yoast SEO plugin. -->","yoast_head_json":{"title":"Verhaltenskodizes und Normen | QC Quality Control","description":"Quality Control ist mit verschiedenen Verhaltenskodizes und Standards vertraut, die in der internationalen Handelsgemeinschaft verwendet werden.","robots":{"index":"index","follow":"follow","max-snippet":"max-snippet:-1","max-image-preview":"max-image-preview:large","max-video-preview":"max-video-preview:-1"},"canonical":"https:\/\/www.qcchina.nl\/de\/quality-control\/verhaltenskodizes-und-normen\/","og_locale":"de_DE","og_type":"article","og_title":"Verhaltenskodizes und Normen | QC Quality Control","og_description":"Quality Control ist mit verschiedenen Verhaltenskodizes und Standards vertraut, die in der internationalen Handelsgemeinschaft verwendet werden.","og_url":"https:\/\/www.qcchina.nl\/de\/quality-control\/verhaltenskodizes-und-normen\/","og_site_name":"QC: Quality Control - DE","article_modified_time":"2024-11-13T12:08:51+00:00","twitter_card":"summary_large_image","twitter_misc":{"Est. reading time":"2 Minuten"},"schema":{"@context":"https:\/\/schema.org","@graph":[{"@type":"WebPage","@id":"https:\/\/www.qcchina.nl\/de\/quality-control\/verhaltenskodizes-und-normen\/","url":"https:\/\/www.qcchina.nl\/de\/quality-control\/verhaltenskodizes-und-normen\/","name":"Verhaltenskodizes und Normen | QC Quality Control","isPartOf":{"@id":"https:\/\/www.qcchina.nl\/de\/#website"},"datePublished":"2024-10-24T09:53:38+00:00","dateModified":"2024-11-13T12:08:51+00:00","description":"Quality Control ist mit verschiedenen Verhaltenskodizes und Standards vertraut, die in der internationalen Handelsgemeinschaft verwendet werden.","breadcrumb":{"@id":"https:\/\/www.qcchina.nl\/de\/quality-control\/verhaltenskodizes-und-normen\/#breadcrumb"},"inLanguage":"de","potentialAction":[{"@type":"ReadAction","target":["https:\/\/www.qcchina.nl\/de\/quality-control\/verhaltenskodizes-und-normen\/"]}]},{"@type":"BreadcrumbList","@id":"https:\/\/www.qcchina.nl\/de\/quality-control\/verhaltenskodizes-und-normen\/#breadcrumb","itemListElement":[{"@type":"ListItem","position":1,"name":"Home","item":"https:\/\/www.qcchina.nl\/de\/"},{"@type":"ListItem","position":2,"name":"Quality Control","item":"https:\/\/www.qcchina.nl\/de\/quality-control\/"},{"@type":"ListItem","position":3,"name":"Verhaltenskodizes und Normen"}]},{"@type":"WebSite","@id":"https:\/\/www.qcchina.nl\/de\/#website","url":"https:\/\/www.qcchina.nl\/de\/","name":"QC: Quality Control - DE","description":"","potentialAction":[{"@type":"SearchAction","target":{"@type":"EntryPoint","urlTemplate":"https:\/\/www.qcchina.nl\/de\/?s={search_term_string}"},"query-input":{"@type":"PropertyValueSpecification","valueRequired":true,"valueName":"search_term_string"}}],"inLanguage":"de"}]}},"_links":{"self":[{"href":"https:\/\/www.qcchina.nl\/de\/wp-json\/wp\/v2\/pages\/1610"}],"collection":[{"href":"https:\/\/www.qcchina.nl\/de\/wp-json\/wp\/v2\/pages"}],"about":[{"href":"https:\/\/www.qcchina.nl\/de\/wp-json\/wp\/v2\/types\/page"}],"author":[{"embeddable":true,"href":"https:\/\/www.qcchina.nl\/de\/wp-json\/wp\/v2\/users\/1"}],"replies":[{"embeddable":true,"href":"https:\/\/www.qcchina.nl\/de\/wp-json\/wp\/v2\/comments?post=1610"}],"version-history":[{"count":10,"href":"https:\/\/www.qcchina.nl\/de\/wp-json\/wp\/v2\/pages\/1610\/revisions"}],"predecessor-version":[{"id":2034,"href":"https:\/\/www.qcchina.nl\/de\/wp-json\/wp\/v2\/pages\/1610\/revisions\/2034"}],"up":[{"embeddable":true,"href":"https:\/\/www.qcchina.nl\/de\/wp-json\/wp\/v2\/pages\/1595"}],"wp:attachment":[{"href":"https:\/\/www.qcchina.nl\/de\/wp-json\/wp\/v2\/media?parent=1610"}],"curies":[{"name":"wp","href":"https:\/\/api.w.org\/{rel}","templated":true}]}}