{"id":1612,"date":"2024-10-24T11:55:37","date_gmt":"2024-10-24T09:55:37","guid":{"rendered":"https:\/\/www.qcchina.nl\/?page_id=1612"},"modified":"2024-12-10T16:47:40","modified_gmt":"2024-12-10T15:47:40","slug":"vorteile","status":"publish","type":"page","link":"https:\/\/www.qcchina.nl\/de\/vorteile\/","title":{"rendered":"Vorteile"},"content":{"rendered":"<section id=section-block-block_a98a9efa22604dada7148fef702d7005 class=\"section block_content\" itemscope itemtype=\"http:\/\/schema.org\/WebPageElement\" itemprop=\"hasPart\"><div class=\"container\"><div class=\"block-row blocks-in-row-1\"><div class=\"block content-block\" itemscope itemtype=\"http:\/\/schema.org\/WebPageElement\" itemprop=\"isPartOf\"><div class=\"inner-wrapper\"><div itemprop=\"text\" class=\"content-wrapper\"><p><strong>Vorteile der Qualit\u00e4tskontrolle<\/strong><\/p>\n<p>Ein einfaches Problem kann dazu f\u00fchren, dass sich der gesamte Beschaffungsprozess verz\u00f6gert. Ohne Qualit\u00e4tskontrolle k\u00f6nnten Sie beim \u00d6ffnen des Containers eine unangenehme \u00dcberraschung erleben, und dann ist es bereits zu sp\u00e4t. Wie k\u00f6nnen Sie dies vermeiden? Unsere Qualit\u00e4tskontrollen bieten Ihnen gro\u00dfe Vorteile:<\/p>\n<p>&nbsp;<\/p>\n<ul>\n<li><strong>\u00dcberpr\u00fcfung der Fabrik<\/strong><\/li>\n<\/ul>\n<p>Ein\u00a0<a href=\"https:\/\/www.qcchina.nl\/de\/inspecties\/first-article-inspection\/\"><u>Factory Audit<\/u><\/a>\u00a0erm\u00f6glicht es Ihnen, die Erfahrung der Hersteller zu \u00fcberpr\u00fcfen. So wissen Sie genau, wo Sie stehen, noch bevor die Produktion beginnt.<\/p>\n<p>&nbsp;<\/p>\n<ul>\n<li><strong>Kontrolle vor der ersten Produktion<\/strong><\/li>\n<\/ul>\n<p>Die\u00a0<a href=\"https:\/\/www.qcchina.nl\/de\/inspecties\/first-article-inspection\/\"><u>Erstmusterpr\u00fcfung<\/u><\/a>\u00a0stellt sicher, dass Ihre Anforderungen beim Hersteller korrekt umgesetzt werden. Auf diese Weise werden Verz\u00f6gerungen und unn\u00f6tige Zusatzkosten vermieden.<\/p>\n<p>&nbsp;<\/p>\n<ul>\n<li><strong>Kontrolle w\u00e4hrend der Herstellung<\/strong><\/li>\n<\/ul>\n<p>Eine\u00a0<a href=\"https:\/\/www.qcchina.nl\/de\/inspecties\/production-check-dpc-dupro\/\"><u>During Production Inspection<\/u><\/a>\u00a0erm\u00f6glicht es Ihnen, Probleme rechtzeitig zu entdecken und zu l\u00f6sen. Auf diese Weise halten Sie die Qualit\u00e4t Ihrer Produkte auf dem richtigen Niveau.<\/p>\n<p>&nbsp;<\/p>\n<ul>\n<li><strong>Endkontrolle vor dem Versand<\/strong><\/li>\n<\/ul>\n<p>Bei einer\u00a0<a href=\"https:\/\/www.qcchina.nl\/de\/inspecties\/pre-shipment-inspection-psi\/\"><u>Pre-Shipment-Inspektion<\/u><\/a>\u00a0werden auf der Grundlage eines ausf\u00fchrlichen Inspektionsberichts etwaige M\u00e4ngel festgestellt. So k\u00f6nnen Sie Risiken und unangenehme \u00dcberraschungen vermeiden.<\/p>\n<p>&nbsp;<\/p>\n<ul>\n<li><strong>\u00dcberwachung w\u00e4hrend der Verladung<\/strong><\/li>\n<\/ul>\n<p>Der Vorteil eines<a href=\"https:\/\/www.qcchina.nl\/de\/inspecties\/container-loading-check-clc\/\"><u>\u00a0Container Loading Checks<\/u><\/a>\u00a0ist, dass Ihr Auftrag von unseren Experten sorgf\u00e4ltig verladen wird. Au\u00dferdem pr\u00fcfen diese den Container selbst und versiegeln ihn pers\u00f6nlich. So k\u00f6nnen Sie sicher sein, dass Ihre Bestellung unbesch\u00e4digt am Zielort ankommt.<\/p>\n<p>&nbsp;<\/p>\n<ul>\n<li><strong>Umfassende Unterst\u00fctzung<\/strong><\/li>\n<\/ul>\n<p>Und schlie\u00dflich unsere ma\u00dfgeschneiderte, kundenindividuelle Unterst\u00fctzung. Damit stellen wir die gew\u00fcnschte Nachbetreuung sicher, \u00fcberwachen den Ablauf der Qualit\u00e4tskontrollen und geben pers\u00f6nliche, gezielte Beratung.<\/p>\n<p>&nbsp;<\/p>\n<h3>M\u00f6chten Sie mehr \u00fcber unsere Qualit\u00e4tskontrollen erfahren?<\/h3>\n<p>M\u00f6chten Sie wissen, ob die oben genannten Qualit\u00e4tskontrollen auch f\u00fcr Ihr Unternehmen infrage kommen? Auf dieser Seite finden Sie weitere Informationen \u00fcber die verschiedenen Vorteile unserer Qualit\u00e4tskontrollen.<\/p>\n<p>Wir w\u00fcrden Ihnen gerne mehr \u00fcber uns erz\u00e4hlen!<\/p>\n<\/div><\/div><\/div><\/div><\/div><\/section>","protected":false},"excerpt":{"rendered":"","protected":false},"author":1,"featured_media":0,"parent":0,"menu_order":500,"comment_status":"closed","ping_status":"closed","template":"","meta":{"_acf_changed":false,"footnotes":""},"acf":[],"yoast_head":"<!-- This site is optimized with the Yoast SEO plugin v24.5 - https:\/\/yoast.com\/wordpress\/plugins\/seo\/ -->\n<title>Vorteile einer Qualit\u00e4tskontrolle in China | QC Quality Control<\/title>\n<meta name=\"description\" content=\"Entdecken Sie die Vorteile einer Qualit\u00e4tskontrolle vor Ort in China, Vietnam, Indien oder der T\u00fcrkei. Vermeiden Sie Probleme mithilfe von Quality Control in Asien.\" \/>\n<meta name=\"robots\" content=\"index, follow, max-snippet:-1, max-image-preview:large, max-video-preview:-1\" \/>\n<link rel=\"canonical\" href=\"https:\/\/www.qcchina.nl\/de\/vorteile\/\" \/>\n<meta property=\"og:locale\" content=\"de_DE\" \/>\n<meta property=\"og:type\" content=\"article\" \/>\n<meta property=\"og:title\" content=\"Vorteile einer Qualit\u00e4tskontrolle in China | QC Quality Control\" \/>\n<meta property=\"og:description\" content=\"Entdecken Sie die Vorteile einer Qualit\u00e4tskontrolle vor Ort in China, Vietnam, Indien oder der T\u00fcrkei. Vermeiden Sie Probleme mithilfe von Quality Control in Asien.\" \/>\n<meta property=\"og:url\" content=\"https:\/\/www.qcchina.nl\/de\/vorteile\/\" \/>\n<meta property=\"og:site_name\" content=\"QC: Quality Control - DE\" \/>\n<meta property=\"article:modified_time\" content=\"2024-12-10T15:47:40+00:00\" \/>\n<meta name=\"twitter:card\" content=\"summary_large_image\" \/>\n<meta name=\"twitter:label1\" content=\"Est. reading time\" \/>\n\t<meta name=\"twitter:data1\" content=\"2 Minuten\" \/>\n<script type=\"application\/ld+json\" class=\"yoast-schema-graph\">{\"@context\":\"https:\/\/schema.org\",\"@graph\":[{\"@type\":\"WebPage\",\"@id\":\"https:\/\/www.qcchina.nl\/de\/vorteile\/\",\"url\":\"https:\/\/www.qcchina.nl\/de\/vorteile\/\",\"name\":\"Vorteile einer Qualit\u00e4tskontrolle in China | QC Quality Control\",\"isPartOf\":{\"@id\":\"https:\/\/www.qcchina.nl\/de\/#website\"},\"datePublished\":\"2024-10-24T09:55:37+00:00\",\"dateModified\":\"2024-12-10T15:47:40+00:00\",\"description\":\"Entdecken Sie die Vorteile einer Qualit\u00e4tskontrolle vor Ort in China, Vietnam, Indien oder der T\u00fcrkei. Vermeiden Sie Probleme mithilfe von Quality Control in Asien.\",\"breadcrumb\":{\"@id\":\"https:\/\/www.qcchina.nl\/de\/vorteile\/#breadcrumb\"},\"inLanguage\":\"de\",\"potentialAction\":[{\"@type\":\"ReadAction\",\"target\":[\"https:\/\/www.qcchina.nl\/de\/vorteile\/\"]}]},{\"@type\":\"BreadcrumbList\",\"@id\":\"https:\/\/www.qcchina.nl\/de\/vorteile\/#breadcrumb\",\"itemListElement\":[{\"@type\":\"ListItem\",\"position\":1,\"name\":\"Home\",\"item\":\"https:\/\/www.qcchina.nl\/de\/\"},{\"@type\":\"ListItem\",\"position\":2,\"name\":\"Vorteile\"}]},{\"@type\":\"WebSite\",\"@id\":\"https:\/\/www.qcchina.nl\/de\/#website\",\"url\":\"https:\/\/www.qcchina.nl\/de\/\",\"name\":\"QC: Quality Control - DE\",\"description\":\"\",\"potentialAction\":[{\"@type\":\"SearchAction\",\"target\":{\"@type\":\"EntryPoint\",\"urlTemplate\":\"https:\/\/www.qcchina.nl\/de\/?s={search_term_string}\"},\"query-input\":{\"@type\":\"PropertyValueSpecification\",\"valueRequired\":true,\"valueName\":\"search_term_string\"}}],\"inLanguage\":\"de\"}]}<\/script>\n<!-- \/ Yoast SEO plugin. -->","yoast_head_json":{"title":"Vorteile einer Qualit\u00e4tskontrolle in China | QC Quality Control","description":"Entdecken Sie die Vorteile einer Qualit\u00e4tskontrolle vor Ort in China, Vietnam, Indien oder der T\u00fcrkei. Vermeiden Sie Probleme mithilfe von Quality Control in Asien.","robots":{"index":"index","follow":"follow","max-snippet":"max-snippet:-1","max-image-preview":"max-image-preview:large","max-video-preview":"max-video-preview:-1"},"canonical":"https:\/\/www.qcchina.nl\/de\/vorteile\/","og_locale":"de_DE","og_type":"article","og_title":"Vorteile einer Qualit\u00e4tskontrolle in China | QC Quality Control","og_description":"Entdecken Sie die Vorteile einer Qualit\u00e4tskontrolle vor Ort in China, Vietnam, Indien oder der T\u00fcrkei. Vermeiden Sie Probleme mithilfe von Quality Control in Asien.","og_url":"https:\/\/www.qcchina.nl\/de\/vorteile\/","og_site_name":"QC: Quality Control - DE","article_modified_time":"2024-12-10T15:47:40+00:00","twitter_card":"summary_large_image","twitter_misc":{"Est. reading time":"2 Minuten"},"schema":{"@context":"https:\/\/schema.org","@graph":[{"@type":"WebPage","@id":"https:\/\/www.qcchina.nl\/de\/vorteile\/","url":"https:\/\/www.qcchina.nl\/de\/vorteile\/","name":"Vorteile einer Qualit\u00e4tskontrolle in China | QC Quality Control","isPartOf":{"@id":"https:\/\/www.qcchina.nl\/de\/#website"},"datePublished":"2024-10-24T09:55:37+00:00","dateModified":"2024-12-10T15:47:40+00:00","description":"Entdecken Sie die Vorteile einer Qualit\u00e4tskontrolle vor Ort in China, Vietnam, Indien oder der T\u00fcrkei. Vermeiden Sie Probleme mithilfe von Quality Control in Asien.","breadcrumb":{"@id":"https:\/\/www.qcchina.nl\/de\/vorteile\/#breadcrumb"},"inLanguage":"de","potentialAction":[{"@type":"ReadAction","target":["https:\/\/www.qcchina.nl\/de\/vorteile\/"]}]},{"@type":"BreadcrumbList","@id":"https:\/\/www.qcchina.nl\/de\/vorteile\/#breadcrumb","itemListElement":[{"@type":"ListItem","position":1,"name":"Home","item":"https:\/\/www.qcchina.nl\/de\/"},{"@type":"ListItem","position":2,"name":"Vorteile"}]},{"@type":"WebSite","@id":"https:\/\/www.qcchina.nl\/de\/#website","url":"https:\/\/www.qcchina.nl\/de\/","name":"QC: Quality Control - DE","description":"","potentialAction":[{"@type":"SearchAction","target":{"@type":"EntryPoint","urlTemplate":"https:\/\/www.qcchina.nl\/de\/?s={search_term_string}"},"query-input":{"@type":"PropertyValueSpecification","valueRequired":true,"valueName":"search_term_string"}}],"inLanguage":"de"}]}},"_links":{"self":[{"href":"https:\/\/www.qcchina.nl\/de\/wp-json\/wp\/v2\/pages\/1612"}],"collection":[{"href":"https:\/\/www.qcchina.nl\/de\/wp-json\/wp\/v2\/pages"}],"about":[{"href":"https:\/\/www.qcchina.nl\/de\/wp-json\/wp\/v2\/types\/page"}],"author":[{"embeddable":true,"href":"https:\/\/www.qcchina.nl\/de\/wp-json\/wp\/v2\/users\/1"}],"replies":[{"embeddable":true,"href":"https:\/\/www.qcchina.nl\/de\/wp-json\/wp\/v2\/comments?post=1612"}],"version-history":[{"count":5,"href":"https:\/\/www.qcchina.nl\/de\/wp-json\/wp\/v2\/pages\/1612\/revisions"}],"predecessor-version":[{"id":2098,"href":"https:\/\/www.qcchina.nl\/de\/wp-json\/wp\/v2\/pages\/1612\/revisions\/2098"}],"wp:attachment":[{"href":"https:\/\/www.qcchina.nl\/de\/wp-json\/wp\/v2\/media?parent=1612"}],"curies":[{"name":"wp","href":"https:\/\/api.w.org\/{rel}","templated":true}]}}