{"id":1617,"date":"2024-10-24T11:57:13","date_gmt":"2024-10-24T09:57:13","guid":{"rendered":"https:\/\/www.qcchina.nl\/?page_id=1617"},"modified":"2024-11-13T13:15:23","modified_gmt":"2024-11-13T12:15:23","slug":"vorteile-von-kontrollen","status":"publish","type":"page","link":"https:\/\/www.qcchina.nl\/de\/vorteile\/vorteile-von-kontrollen\/","title":{"rendered":"Vorteile von kontrollen"},"content":{"rendered":"<section id=section-block-block_fb9d4578749d1612d12ccfbfee61e125 class=\"section block_content\" itemscope itemtype=\"http:\/\/schema.org\/WebPageElement\" itemprop=\"hasPart\"><div class=\"container\"><div class=\"block-row blocks-in-row-1\"><div class=\"block content-block\" itemscope itemtype=\"http:\/\/schema.org\/WebPageElement\" itemprop=\"isPartOf\"><div class=\"inner-wrapper\"><div class=\"title-wrapper\"><h2 class=\"block-title h2\">Die Vorteile der Qualit\u00e4tskontrolle<\/h2><\/div><div itemprop=\"text\" class=\"content-wrapper\"><p>Der gro\u00dfe Vorteil von Qualit\u00e4tskontrollen ist nat\u00fcrlich, dass diese Ihnen die Sicherheit geben, dass Ihr Auftrag Ihren Anforderungen und Spezifikationen entspricht. Ein weiterer Vorteil ist die Vermeidung von Problemen, die w\u00e4hrend der Produktion auftreten und den Prozess verz\u00f6gern k\u00f6nnen. Ohne Qualit\u00e4tskontrolle k\u00f6nnten Sie beim \u00d6ffnen eines Containers eine unangenehme \u00dcberraschung erleben. Dann ist es meist zu sp\u00e4t, etwas zu \u00e4ndern. Diesen \u00c4rger k\u00f6nnen Sie sich ersparen.<\/p>\n<p>\u00dcberzeugen Sie sich von den Vorteilen unserer verschiedenen Arten der Qualit\u00e4tskontrolle:<\/p>\n<\/div><\/div><\/div><\/div><\/div><\/section>\n\n<section id=section-block_3f0b90a44fd946a1d185d30b7c0c7e0b class=\"section block_image_and_content_left regular contains-check-icon\" itemscope itemtype=\"http:\/\/schema.org\/WebPageElement\" itemprop=\"hasPart\"><div class=\"container\"><div class=\"block-row blocks-in-row-2\"><div class=\"block image-block  full\" itemscope itemtype=\"http:\/\/schema.org\/WebPageElement\" itemprop=\"isPartOf\"><div class=\"inner-wrapper\"><figure itemscope itemtype=\"http:\/\/schema.org\/ImageObject\" itemprop=\"isPartOf\" class=\"img-wrapper\"><img loading=\"lazy\" decoding=\"async\" title=\"QC-China-0G9A0216_1\" alt=\"\" width=\"2560\" height=\"1707\" src=\"https:\/\/www.qcchina.nl\/de\/wp-content\/uploads\/sites\/2\/2024\/10\/QC-China-0G9A0216_1.jpg\"\/><meta itemprop=\"name\" content=\"QC-China-0G9A0216_1\"><meta itemprop=\"image\" content=\"https:\/\/www.qcchina.nl\/de\/wp-content\/uploads\/sites\/2\/2024\/10\/QC-China-0G9A0216_1.jpg\"><\/figure><\/div><\/div><div class=\"block content-block\" itemscope itemtype=\"http:\/\/schema.org\/WebPageElement\" itemprop=\"isPartOf\"><div class=\"inner-wrapper\"><div class=\"element-wrapper\"><div class=\"title-wrapper\"><h2 class=\"block-title h2\">Voordelen &#8218;Factory Audit&#8216;<\/h2><\/div><div itemprop=\"description\" class=\"content-wrapper\"><ul>\n<li>\u00dcberpr\u00fcfung der Erfahrung der Lieferanten<\/li>\n<li>Vergleich der potenziellen Lieferanten<\/li>\n<li>\u00dcberpr\u00fcfung der Zertifikate vor der Produktion<\/li>\n<li>Sie wissen, wo Sie stehen, bevor die Produktion beginnt<\/li>\n<\/ul>\n<p><a href=\"https:\/\/www.qcchina.nl\/de\/inspecties\/factory-audit\/\">Factory Audit anzeigen<\/a><\/p>\n<\/div><\/div><\/div><\/div><\/div><\/div><\/section>\n\n<section id=section-block-block_14d782754a62dc9fe1fdcd408cbe0a96 class=\"section block_content_and_image_left regular\" itemscope itemtype=\"http:\/\/schema.org\/WebPageElement\" itemprop=\"hasPart\"><div class=\"container\"><div class=\"block-row blocks-in-row-2\"><div class=\"block content-block\" itemscope itemtype=\"http:\/\/schema.org\/WebPageElement\" itemprop=\"isPartOf\"><div class=\"inner-wrapper\"><div class=\"element-wrapper\"><div class=\"title-wrapper\"><h2 class=\"block-title h2\">Vorteile Erstmusterpr\u00fcfung (&#8218;First Article Inspection\u2019)<\/h2><\/div><div itemprop=\"text\" class=\"content-wrapper\"><ul>\n<li>Vermeidung und Kl\u00e4rung von Missverst\u00e4ndnissen<\/li>\n<li>Ihre Anforderungen\/Normen werden verstanden<\/li>\n<li>Sicherstellung der Verwendung der richtigen<\/li>\n<li>Materialien\/Designs\/Gr\u00f6\u00dfen\/Farben usw.<\/li>\n<li>Umsetzung von Verbesserungen vor der Massenproduktion<\/li>\n<li>Vermeidung von weiteren Kosten und Verz\u00f6gerungen<\/li>\n<li>Effektiver Start f\u00fcr das erwartete Ergebnis<\/li>\n<\/ul>\n<p><a href=\"https:\/\/www.qcchina.nl\/de\/inspecties\/first-article-inspection\/\">Erstmusterpr\u00fcfung anzeigen<\/a><\/p>\n<\/div><\/div><\/div><\/div><div class=\"block image-block  full\" itemscope itemtype=\"http:\/\/schema.org\/WebPageElement\" itemprop=\"isPartOf\"><div class=\"inner-wrapper\"><figure itemscope itemtype=\"http:\/\/schema.org\/ImageObject\" itemprop=\"isPartOf\" class=\"img-wrapper\"><img loading=\"lazy\" decoding=\"async\" title=\"Duo inspection\" alt=\"\" width=\"1920\" height=\"1368\" src=\"https:\/\/www.qcchina.nl\/de\/wp-content\/uploads\/sites\/2\/2024\/10\/Duo-inspection.jpg\"\/><meta itemprop=\"name\" content=\"Duo inspection\"><meta itemprop=\"image\" content=\"https:\/\/www.qcchina.nl\/de\/wp-content\/uploads\/sites\/2\/2024\/10\/Duo-inspection.jpg\"><\/figure><\/div><\/div><\/div><\/div><\/section>\n\n<section id=section-block_8821ed98fc8d898cfa5372cb1286273b class=\"section block_image_and_content_left regular\" itemscope itemtype=\"http:\/\/schema.org\/WebPageElement\" itemprop=\"hasPart\"><div class=\"container\"><div class=\"block-row blocks-in-row-2\"><div class=\"block image-block  full\" itemscope itemtype=\"http:\/\/schema.org\/WebPageElement\" itemprop=\"isPartOf\"><div class=\"inner-wrapper\"><figure itemscope itemtype=\"http:\/\/schema.org\/ImageObject\" itemprop=\"isPartOf\" class=\"img-wrapper\"><img loading=\"lazy\" decoding=\"async\" title=\"QC-China-DSC08053\" alt=\"\" width=\"2560\" height=\"1707\" src=\"https:\/\/www.qcchina.nl\/de\/wp-content\/uploads\/sites\/2\/2024\/10\/QC-China-DSC08053.jpg\"\/><meta itemprop=\"name\" content=\"QC-China-DSC08053\"><meta itemprop=\"image\" content=\"https:\/\/www.qcchina.nl\/de\/wp-content\/uploads\/sites\/2\/2024\/10\/QC-China-DSC08053.jpg\"><\/figure><\/div><\/div><div class=\"block content-block\" itemscope itemtype=\"http:\/\/schema.org\/WebPageElement\" itemprop=\"isPartOf\"><div class=\"inner-wrapper\"><div class=\"element-wrapper\"><div class=\"title-wrapper\"><h2 class=\"block-title h2\">Vorteile &#8218;During Production Inspection&#8216;<\/h2><\/div><div itemprop=\"description\" class=\"content-wrapper\"><ul>\n<li>Probleme rechtzeitig erkennen und l\u00f6sen<\/li>\n<li>Anpassungen vornehmen, um Verz\u00f6gerungen zu vermeiden<\/li>\n<li>Qualit\u00e4t auf dem richtigen Niveau halten<\/li>\n<\/ul>\n<p><a href=\"https:\/\/www.qcchina.nl\/de\/inspecties\/production-check-dpc-dupro\/\">During Production Inspection anzeigen<\/a><\/p>\n<\/div><\/div><\/div><\/div><\/div><\/div><\/section>\n\n<section id=section-block-block_768c53636fe726c45415e1bf642264a1 class=\"section block_content_and_image_left regular\" itemscope itemtype=\"http:\/\/schema.org\/WebPageElement\" itemprop=\"hasPart\"><div class=\"container\"><div class=\"block-row blocks-in-row-2\"><div class=\"block content-block\" itemscope itemtype=\"http:\/\/schema.org\/WebPageElement\" itemprop=\"isPartOf\"><div class=\"inner-wrapper\"><div class=\"element-wrapper\"><div class=\"title-wrapper\"><h2 class=\"block-title h2\">Vorteile der &#8218;Pre-Shipment Inspection&#8217;\/&#8217;Final Random Inspection&#8216;<\/h2><\/div><div itemprop=\"text\" class=\"content-wrapper\"><ul>\n<li>Umfassender Inspektionsbericht zur internen und externen Verwendung\/Unterst\u00fctzung<\/li>\n<li>\u00dcberblick \u00fcber m\u00f6gliche M\u00e4ngel<\/li>\n<li>Keine unangenehmen \u00dcberraschungen und Unsicherheiten<\/li>\n<li>Auf der Grundlage des Berichts k\u00f6nnen Sie Entscheidungen \u00fcber das weitere Vorgehen treffen (z. B. keine Lieferung, erneute Lieferung der<\/li>\n<li>Produktion, Teillieferung, Verhandlung \u00fcber einen neuen Preis usw.).<\/li>\n<li>Vermeidung von Risiken, die zus\u00e4tzliche Kosten und Verz\u00f6gerungen verursachen<\/li>\n<li>Machen Sie Ihren Lieferanten und K\u00e4ufern deutlich, dass Qualit\u00e4t an erster Stelle steht<\/li>\n<li>Sicherstellung der Qualit\u00e4t<\/li>\n<\/ul>\n<p><a href=\"https:\/\/www.qcchina.nl\/de\/inspecties\/pre-shipment-inspection-psi\/\">Pre-Shipment Inspection anzeigen<\/a><\/p>\n<\/div><\/div><\/div><\/div><div class=\"block image-block  full\" itemscope itemtype=\"http:\/\/schema.org\/WebPageElement\" itemprop=\"isPartOf\"><div class=\"inner-wrapper\"><figure itemscope itemtype=\"http:\/\/schema.org\/ImageObject\" itemprop=\"isPartOf\" class=\"img-wrapper\"><img loading=\"lazy\" decoding=\"async\" title=\"QC-China-DSC08028\" alt=\"\" width=\"2560\" height=\"1708\" src=\"https:\/\/www.qcchina.nl\/de\/wp-content\/uploads\/sites\/2\/2024\/10\/QC-China-DSC08028.jpg\"\/><meta itemprop=\"name\" content=\"QC-China-DSC08028\"><meta itemprop=\"image\" content=\"https:\/\/www.qcchina.nl\/de\/wp-content\/uploads\/sites\/2\/2024\/10\/QC-China-DSC08028.jpg\"><\/figure><\/div><\/div><\/div><\/div><\/section>\n\n<section id=section-block_615ca9f9bf6caecbefc0e041eaa90b3e class=\"section block_image_and_content_left regular\" itemscope itemtype=\"http:\/\/schema.org\/WebPageElement\" itemprop=\"hasPart\"><div class=\"container\"><div class=\"block-row blocks-in-row-2\"><div class=\"block image-block  full\" itemscope itemtype=\"http:\/\/schema.org\/WebPageElement\" itemprop=\"isPartOf\"><div class=\"inner-wrapper\"><figure itemscope itemtype=\"http:\/\/schema.org\/ImageObject\" itemprop=\"isPartOf\" class=\"img-wrapper\"><img loading=\"lazy\" decoding=\"async\" title=\"QC - Container Loading Check (CLC)\" alt=\"\" width=\"1920\" height=\"1280\" src=\"https:\/\/www.qcchina.nl\/de\/wp-content\/uploads\/sites\/2\/2024\/10\/QC-Container-Loading-Check-CLC.jpg\"\/><meta itemprop=\"name\" content=\"QC - Container Loading Check (CLC)\"><meta itemprop=\"image\" content=\"https:\/\/www.qcchina.nl\/de\/wp-content\/uploads\/sites\/2\/2024\/10\/QC-Container-Loading-Check-CLC.jpg\"><\/figure><\/div><\/div><div class=\"block content-block\" itemscope itemtype=\"http:\/\/schema.org\/WebPageElement\" itemprop=\"isPartOf\"><div class=\"inner-wrapper\"><div class=\"element-wrapper\"><div class=\"title-wrapper\"><h2 class=\"block-title h2\">Vorteile &#8218;Container Loading Check\u2018<\/h2><\/div><div itemprop=\"description\" class=\"content-wrapper\"><ul>\n<li>Gewissheit, dass die bestellte Ware geladen wird<\/li>\n<li>Korrektheit der Verpackung und der Versandmarkierungen<\/li>\n<li>Sorgfalt beim Verladen zur Vermeidung von Sch\u00e4den<\/li>\n<li>Gewissheit, der \u00dcbereinstimmung der Menge\/Menge mit der Packliste<\/li>\n<li>Keine entt\u00e4uschenden Containerladungen; unsere Experten versiegeln den Container pers\u00f6nlich<\/li>\n<li>Sicherung der Qualit\u00e4t<\/li>\n<\/ul>\n<p><a href=\"https:\/\/www.qcchina.nl\/de\/inspecties\/container-loading-check-clc\/\">Container Loading Check anzeigen<\/a><\/p>\n<\/div><\/div><\/div><\/div><\/div><\/div><\/section>\n\n<section id=section-block-block_04121a9314598e9411b0108954853e1c class=\"section block_content_and_image_left regular\" itemscope itemtype=\"http:\/\/schema.org\/WebPageElement\" itemprop=\"hasPart\"><div class=\"container\"><div class=\"block-row blocks-in-row-2\"><div class=\"block content-block\" itemscope itemtype=\"http:\/\/schema.org\/WebPageElement\" itemprop=\"isPartOf\"><div class=\"inner-wrapper\"><div class=\"element-wrapper\"><div class=\"title-wrapper\"><h2 class=\"block-title h2\">Vorteile &#8218;Umfassende Unterst\u00fctzung&#8216;<\/h2><\/div><div itemprop=\"text\" class=\"content-wrapper\"><ul>\n<li>Zuverl\u00e4ssige Inspektoren, die Ihre Interessen in den Vordergrund stellen<\/li>\n<li>Fortlaufende Kontrollen; zum Schutz Ihrer Waren vor M\u00e4ngeln<\/li>\n<li>L\u00f6sungsorientierte Beratung; M\u00e4ngel aufdecken ist eine Sache &#8211; eine f\u00fcr alle Beteiligten tragf\u00e4hige L\u00f6sung zu finden eine andere<\/li>\n<li>Kundenorientierung; pers\u00f6nlicher Kontakt mit fester Anlaufstelle und gew\u00fcnschter Nachbetreuung<\/li>\n<\/ul>\n<p><a href=\"https:\/\/www.qcchina.nl\/de\/inspecties\/umfassende-kundenindividuelle-inspektionen\/\">Umfassende Unterst\u00fctzung anzeigen<\/a><\/p>\n<\/div><\/div><\/div><\/div><div class=\"block image-block  full\" itemscope itemtype=\"http:\/\/schema.org\/WebPageElement\" itemprop=\"isPartOf\"><div class=\"inner-wrapper\"><figure itemscope itemtype=\"http:\/\/schema.org\/ImageObject\" itemprop=\"isPartOf\" class=\"img-wrapper\"><img loading=\"lazy\" decoding=\"async\" title=\"Meetapparatuur QC 90\" alt=\"\" width=\"1920\" height=\"1335\" src=\"https:\/\/www.qcchina.nl\/de\/wp-content\/uploads\/sites\/2\/2024\/10\/Meetapparatuur-QC-90.jpg\"\/><meta itemprop=\"name\" content=\"Meetapparatuur QC 90\"><meta itemprop=\"image\" content=\"https:\/\/www.qcchina.nl\/de\/wp-content\/uploads\/sites\/2\/2024\/10\/Meetapparatuur-QC-90.jpg\"><\/figure><\/div><\/div><\/div><\/div><\/section>","protected":false},"excerpt":{"rendered":"","protected":false},"author":1,"featured_media":0,"parent":1612,"menu_order":20,"comment_status":"closed","ping_status":"closed","template":"","meta":{"_acf_changed":false,"footnotes":""},"acf":[],"yoast_head":"<!-- This site is optimized with the Yoast SEO plugin v24.5 - https:\/\/yoast.com\/wordpress\/plugins\/seo\/ -->\n<title>Vorteile von Qualit\u00e4tskontrollen in China | QC Quality Control<\/title>\n<meta name=\"description\" content=\"Verschiedene Arten von Qualit\u00e4tskontrollen vor Ort in China, Vietnam, Indien oder der T\u00fcrkei. Entdecken Sie die Vorteile von Quality Control als Ihr Partner.\" \/>\n<meta name=\"robots\" content=\"index, follow, max-snippet:-1, max-image-preview:large, max-video-preview:-1\" \/>\n<link rel=\"canonical\" href=\"https:\/\/www.qcchina.nl\/de\/vorteile\/vorteile-von-kontrollen\/\" \/>\n<meta property=\"og:locale\" content=\"de_DE\" \/>\n<meta property=\"og:type\" content=\"article\" \/>\n<meta property=\"og:title\" content=\"Vorteile von Qualit\u00e4tskontrollen in China | QC Quality Control\" \/>\n<meta property=\"og:description\" content=\"Verschiedene Arten von Qualit\u00e4tskontrollen vor Ort in China, Vietnam, Indien oder der T\u00fcrkei. Entdecken Sie die Vorteile von Quality Control als Ihr Partner.\" \/>\n<meta property=\"og:url\" content=\"https:\/\/www.qcchina.nl\/de\/vorteile\/vorteile-von-kontrollen\/\" \/>\n<meta property=\"og:site_name\" content=\"QC: Quality Control - DE\" \/>\n<meta property=\"article:modified_time\" content=\"2024-11-13T12:15:23+00:00\" \/>\n<meta name=\"twitter:card\" content=\"summary_large_image\" \/>\n<meta name=\"twitter:label1\" content=\"Est. reading time\" \/>\n\t<meta name=\"twitter:data1\" content=\"4 Minuten\" \/>\n<script type=\"application\/ld+json\" class=\"yoast-schema-graph\">{\"@context\":\"https:\/\/schema.org\",\"@graph\":[{\"@type\":\"WebPage\",\"@id\":\"https:\/\/www.qcchina.nl\/de\/vorteile\/vorteile-von-kontrollen\/\",\"url\":\"https:\/\/www.qcchina.nl\/de\/vorteile\/vorteile-von-kontrollen\/\",\"name\":\"Vorteile von Qualit\u00e4tskontrollen in China | QC Quality Control\",\"isPartOf\":{\"@id\":\"https:\/\/www.qcchina.nl\/de\/#website\"},\"datePublished\":\"2024-10-24T09:57:13+00:00\",\"dateModified\":\"2024-11-13T12:15:23+00:00\",\"description\":\"Verschiedene Arten von Qualit\u00e4tskontrollen vor Ort in China, Vietnam, Indien oder der T\u00fcrkei. Entdecken Sie die Vorteile von Quality Control als Ihr Partner.\",\"breadcrumb\":{\"@id\":\"https:\/\/www.qcchina.nl\/de\/vorteile\/vorteile-von-kontrollen\/#breadcrumb\"},\"inLanguage\":\"de\",\"potentialAction\":[{\"@type\":\"ReadAction\",\"target\":[\"https:\/\/www.qcchina.nl\/de\/vorteile\/vorteile-von-kontrollen\/\"]}]},{\"@type\":\"BreadcrumbList\",\"@id\":\"https:\/\/www.qcchina.nl\/de\/vorteile\/vorteile-von-kontrollen\/#breadcrumb\",\"itemListElement\":[{\"@type\":\"ListItem\",\"position\":1,\"name\":\"Home\",\"item\":\"https:\/\/www.qcchina.nl\/de\/\"},{\"@type\":\"ListItem\",\"position\":2,\"name\":\"Vorteile\",\"item\":\"https:\/\/www.qcchina.nl\/de\/vorteile\/\"},{\"@type\":\"ListItem\",\"position\":3,\"name\":\"Vorteile von kontrollen\"}]},{\"@type\":\"WebSite\",\"@id\":\"https:\/\/www.qcchina.nl\/de\/#website\",\"url\":\"https:\/\/www.qcchina.nl\/de\/\",\"name\":\"QC: Quality Control - DE\",\"description\":\"\",\"potentialAction\":[{\"@type\":\"SearchAction\",\"target\":{\"@type\":\"EntryPoint\",\"urlTemplate\":\"https:\/\/www.qcchina.nl\/de\/?s={search_term_string}\"},\"query-input\":{\"@type\":\"PropertyValueSpecification\",\"valueRequired\":true,\"valueName\":\"search_term_string\"}}],\"inLanguage\":\"de\"}]}<\/script>\n<!-- \/ Yoast SEO plugin. -->","yoast_head_json":{"title":"Vorteile von Qualit\u00e4tskontrollen in China | QC Quality Control","description":"Verschiedene Arten von Qualit\u00e4tskontrollen vor Ort in China, Vietnam, Indien oder der T\u00fcrkei. Entdecken Sie die Vorteile von Quality Control als Ihr Partner.","robots":{"index":"index","follow":"follow","max-snippet":"max-snippet:-1","max-image-preview":"max-image-preview:large","max-video-preview":"max-video-preview:-1"},"canonical":"https:\/\/www.qcchina.nl\/de\/vorteile\/vorteile-von-kontrollen\/","og_locale":"de_DE","og_type":"article","og_title":"Vorteile von Qualit\u00e4tskontrollen in China | QC Quality Control","og_description":"Verschiedene Arten von Qualit\u00e4tskontrollen vor Ort in China, Vietnam, Indien oder der T\u00fcrkei. Entdecken Sie die Vorteile von Quality Control als Ihr Partner.","og_url":"https:\/\/www.qcchina.nl\/de\/vorteile\/vorteile-von-kontrollen\/","og_site_name":"QC: Quality Control - DE","article_modified_time":"2024-11-13T12:15:23+00:00","twitter_card":"summary_large_image","twitter_misc":{"Est. reading time":"4 Minuten"},"schema":{"@context":"https:\/\/schema.org","@graph":[{"@type":"WebPage","@id":"https:\/\/www.qcchina.nl\/de\/vorteile\/vorteile-von-kontrollen\/","url":"https:\/\/www.qcchina.nl\/de\/vorteile\/vorteile-von-kontrollen\/","name":"Vorteile von Qualit\u00e4tskontrollen in China | QC Quality Control","isPartOf":{"@id":"https:\/\/www.qcchina.nl\/de\/#website"},"datePublished":"2024-10-24T09:57:13+00:00","dateModified":"2024-11-13T12:15:23+00:00","description":"Verschiedene Arten von Qualit\u00e4tskontrollen vor Ort in China, Vietnam, Indien oder der T\u00fcrkei. Entdecken Sie die Vorteile von Quality Control als Ihr Partner.","breadcrumb":{"@id":"https:\/\/www.qcchina.nl\/de\/vorteile\/vorteile-von-kontrollen\/#breadcrumb"},"inLanguage":"de","potentialAction":[{"@type":"ReadAction","target":["https:\/\/www.qcchina.nl\/de\/vorteile\/vorteile-von-kontrollen\/"]}]},{"@type":"BreadcrumbList","@id":"https:\/\/www.qcchina.nl\/de\/vorteile\/vorteile-von-kontrollen\/#breadcrumb","itemListElement":[{"@type":"ListItem","position":1,"name":"Home","item":"https:\/\/www.qcchina.nl\/de\/"},{"@type":"ListItem","position":2,"name":"Vorteile","item":"https:\/\/www.qcchina.nl\/de\/vorteile\/"},{"@type":"ListItem","position":3,"name":"Vorteile von kontrollen"}]},{"@type":"WebSite","@id":"https:\/\/www.qcchina.nl\/de\/#website","url":"https:\/\/www.qcchina.nl\/de\/","name":"QC: Quality Control - DE","description":"","potentialAction":[{"@type":"SearchAction","target":{"@type":"EntryPoint","urlTemplate":"https:\/\/www.qcchina.nl\/de\/?s={search_term_string}"},"query-input":{"@type":"PropertyValueSpecification","valueRequired":true,"valueName":"search_term_string"}}],"inLanguage":"de"}]}},"_links":{"self":[{"href":"https:\/\/www.qcchina.nl\/de\/wp-json\/wp\/v2\/pages\/1617"}],"collection":[{"href":"https:\/\/www.qcchina.nl\/de\/wp-json\/wp\/v2\/pages"}],"about":[{"href":"https:\/\/www.qcchina.nl\/de\/wp-json\/wp\/v2\/types\/page"}],"author":[{"embeddable":true,"href":"https:\/\/www.qcchina.nl\/de\/wp-json\/wp\/v2\/users\/1"}],"replies":[{"embeddable":true,"href":"https:\/\/www.qcchina.nl\/de\/wp-json\/wp\/v2\/comments?post=1617"}],"version-history":[{"count":6,"href":"https:\/\/www.qcchina.nl\/de\/wp-json\/wp\/v2\/pages\/1617\/revisions"}],"predecessor-version":[{"id":2040,"href":"https:\/\/www.qcchina.nl\/de\/wp-json\/wp\/v2\/pages\/1617\/revisions\/2040"}],"up":[{"embeddable":true,"href":"https:\/\/www.qcchina.nl\/de\/wp-json\/wp\/v2\/pages\/1612"}],"wp:attachment":[{"href":"https:\/\/www.qcchina.nl\/de\/wp-json\/wp\/v2\/media?parent=1617"}],"curies":[{"name":"wp","href":"https:\/\/api.w.org\/{rel}","templated":true}]}}