{"id":1619,"date":"2024-10-24T11:57:39","date_gmt":"2024-10-24T09:57:39","guid":{"rendered":"https:\/\/www.qcchina.nl\/?page_id=1619"},"modified":"2024-11-13T13:18:16","modified_gmt":"2024-11-13T12:18:16","slug":"warum-auslagern","status":"publish","type":"page","link":"https:\/\/www.qcchina.nl\/de\/vorteile\/warum-auslagern\/","title":{"rendered":"Warum die Qualit\u00e4tskontrolle outsourcen?"},"content":{"rendered":"<section id=section-block-block_0e3fef8bbe744b9099f29f26278ed783 class=\"section block_content_and_image_left wide-content\" itemscope itemtype=\"http:\/\/schema.org\/WebPageElement\" itemprop=\"hasPart\"><div class=\"container\"><div class=\"block-row blocks-in-row-2\"><div class=\"block content-block\" itemscope itemtype=\"http:\/\/schema.org\/WebPageElement\" itemprop=\"isPartOf\"><div class=\"inner-wrapper\"><div class=\"element-wrapper\"><div class=\"title-wrapper\"><h2 class=\"block-title h2\">Gew\u00e4hrleistung der Qualit\u00e4tskontrolle<\/h2><\/div><div itemprop=\"text\" class=\"content-wrapper\"><p>Als Importeur kennen Sie sich vielleicht in China, Vietnam, Indien und der T\u00fcrkei gut aus, sind in diesen L\u00e4ndern erfolgreich t\u00e4tig und haben in den letzten Jahren Ihre Stammlieferanten gefunden, mit denen Sie zufrieden sind. Sie reisen gelegentlich in (eines) dieser L\u00e4nder und machen dort Ihre \u201enormale Visite\u201c.<\/p>\n<p>War die Qualit\u00e4t Ihrer letzten Sendungen jedes Mal angemessen bis gut? Dann ist es nicht verwunderlich, dass Sie das Gleiche f\u00fcr die n\u00e4chsten Sendungen erwarten. Diese positiven Erfahrungen mit der Produktionslinie sind jedoch keine Garantie f\u00fcr die Zukunft.<\/p>\n<p>Vielleicht kennen Sie bereits die Faktoren, die eine Reise zum Hersteller erschweren k\u00f6nnen. Diese Faktoren erschweren es enorm, die Qualit\u00e4t der Auftr\u00e4ge zu gew\u00e4hrleisten, ohne Ihre kostbare Zeit zu verschwenden. Im Folgenden werden einige Gr\u00fcnde genannt, die f\u00fcr eine Auslagerung der Qualit\u00e4tskontrolle sprechen. Nehmen wir zum Beispiel:<\/p>\n<ul>\n<li>Zeitmangel<\/li>\n<li>Mangelnde Kenntnis<\/li>\n<li>Verpflichtungen<\/li>\n<li>M\u00fchsame Reisen<\/li>\n<li>Lange Tage in der Fabrik<\/li>\n<li>Hohe Reise- und Unterbringungskosten<\/li>\n<li>\u00d6kologischer Fu\u00dfabdruck\/Umweltauswirkungen<\/li>\n<\/ul>\n<p>Au\u00dferdem m\u00f6chten Sie nat\u00fcrlich Ihre Auslandsreise rechtzeitig planen k\u00f6nnen. Es kann jedoch aus verschiedenen Gr\u00fcnden auch spontan zu Produktionsausf\u00e4llen kommen, was Ihren pers\u00f6nlichen Zeitplan erheblich durcheinander bringen kann.<\/p>\n<\/div><\/div><\/div><\/div><div class=\"block image-block  landscape\" itemscope itemtype=\"http:\/\/schema.org\/WebPageElement\" itemprop=\"isPartOf\"><div class=\"inner-wrapper\"><figure itemscope itemtype=\"http:\/\/schema.org\/ImageObject\" itemprop=\"isPartOf\" class=\"img-wrapper\"><img loading=\"lazy\" decoding=\"async\" title=\"Duo inspection\" alt=\"\" width=\"1600\" height=\"900\" src=\"https:\/\/www.qcchina.nl\/de\/wp-content\/uploads\/sites\/2\/2024\/10\/Duo-inspection-1600x900.jpg\"\/><meta itemprop=\"name\" content=\"Duo inspection\"><meta itemprop=\"image\" content=\"https:\/\/www.qcchina.nl\/de\/wp-content\/uploads\/sites\/2\/2024\/10\/Duo-inspection-1600x900.jpg\"><\/figure><div class=\"block-extra-text\"><p>\u201cWir hatten ein Qualit\u00e4tsproblem mit einem unserer chinesischen Lieferanten. Dank der Hilfe der Qualit\u00e4tskontrolle erlangten wir mehr Kontrolle \u00fcber unsere Qualit\u00e4tsfragen.\u201c<\/p><\/div><\/div><\/div><\/div><\/div><\/section>\n\n<section id=section-block_6f8312052a43d7b2232244c878822f59 class=\"section block_image_and_content_left break-out-image\" itemscope itemtype=\"http:\/\/schema.org\/WebPageElement\" itemprop=\"hasPart\"><div class=\"container\"><div class=\"block-row blocks-in-row-2\"><div class=\"block image-block  full\" itemscope itemtype=\"http:\/\/schema.org\/WebPageElement\" itemprop=\"isPartOf\"><div class=\"inner-wrapper\"><div class=\"background-el\" style=\"background-image:url(https:\/\/www.qcchina.nl\/de\/wp-content\/uploads\/sites\/2\/2024\/10\/QC-China-DSC08096.jpg);\"><\/div><\/div><\/div><div class=\"block content-block\" itemscope itemtype=\"http:\/\/schema.org\/WebPageElement\" itemprop=\"isPartOf\"><div class=\"inner-wrapper\"><div class=\"element-wrapper\"><div class=\"title-wrapper\"><h2 class=\"block-title h2\">Qualit\u00e4tssicherung<\/h2><\/div><div itemprop=\"description\" class=\"content-wrapper\"><p>Der Hauptgrund, warum Importeure die Qualit\u00e4tskontrolle extern vergeben, ist die Gewissheit der Qualit\u00e4t. Wenn Sie mit dem Konzept der Qualit\u00e4tskontrolle vertraut sind, wissen Sie, wie wichtig diese Inspektionen sind. Insbesondere in L\u00e4ndern wie China, Vietnam, Indien und der T\u00fcrkei ist die Durchf\u00fchrung professioneller Qualit\u00e4tskontrollen unerl\u00e4sslich.<\/p>\n<p>Die Qualit\u00e4tskontrollen von Quality Control sorgen daf\u00fcr, dass Sie Ihre Gesch\u00e4fte in diesen L\u00e4ndern unbesorgt abwickeln k\u00f6nnen, ohne sich um Faktoren sorgen zu m\u00fcssen, die die Qualit\u00e4t Ihrer Auftr\u00e4ge beeintr\u00e4chtigen.<\/p>\n<\/div><\/div><\/div><\/div><\/div><\/div><\/section>\n\n<section id=section-block-block_38ca295582062c236e87d93dad91eb4c class=\"section content_block_double\" itemscope itemtype=\"http:\/\/schema.org\/WebPageElement\" itemprop=\"hasPart\"><div class=\"container\"><div class=\"block-row blocks-in-row-2\"><div class=\"block content-block\" itemscope itemtype=\"http:\/\/schema.org\/WebPageElement\" itemprop=\"isPartOf\"><div class=\"inner-wrapper\"><div class=\"title-wrapper\"><h2 class=\"block-title h2\">Kenntnisse vor Ort<\/h2><\/div><div itemprop=\"text\" class=\"content-wrapper\"><p>Quality Control arbeitet mit geschulten Qualit\u00e4tsinspektoren, um sicherzustellen, dass Ihre Auftr\u00e4ge die Fabrik ohne Probleme verlassen. Dank unserer Kenntnisse und Erfahrungen mit der Gesch\u00e4ftskultur in China, Vietnam, Indien und der T\u00fcrkei k\u00f6nnen wir angemessen handeln, sobald es Probleme beim Hersteller gibt.<\/p>\n<\/div><\/div><\/div><div class=\"block content-block\" itemscope itemtype=\"http:\/\/schema.org\/WebPageElement\" itemprop=\"isPartOf\"><div class=\"inner-wrapper\"><div class=\"title-wrapper\"><h2 class=\"block-title h2\">Kontaktstelle in den Niederlanden<\/h2><\/div><div itemprop=\"text\" class=\"content-wrapper\"><p>Das Outsourcing der Qualit\u00e4tskontrolle bedeutet, dass Sie als Importeur \u00fcber einen festen Ansprechpartner in den Niederlanden kommunizieren k\u00f6nnen. Quality Control erf\u00fcllt somit Ihre Rolle als Importeur und h\u00e4lt den Kontakt zu Ihren Gesch\u00e4ftspartnern aufrecht. Selbstverst\u00e4ndlich halten wir Sie stets \u00fcber alle Entwicklungen beim Hersteller auf dem Laufenden.<\/p>\n<\/div><\/div><\/div><\/div><\/div><\/section>\n\n<section id=section-block-block_9833322ee7b85c067fa59322d4f81f8b class=\"section cta_with_button_block\" itemscope itemtype=\"http:\/\/schema.org\/WebPageElement\" itemprop=\"isPartOf\"><div class=\"container\"><div class=\"block-row blocks-in-row-2\"><div class=\"block image-block\" itemscope itemtype=\"http:\/\/schema.org\/WebPageElement\" itemprop=\"isPartOf\"><div class=\"inner-wrapper\"><figure itemscope itemtype=\"http:\/\/schema.org\/ImageObject\" itemprop=\"isPartOf\" class=\"img-wrapper\"><img loading=\"lazy\" decoding=\"async\" title=\"QCChina_kantoor\" alt=\"\" width=\"800\" height=\"800\" src=\"https:\/\/www.qcchina.nl\/de\/wp-content\/uploads\/sites\/2\/2024\/10\/QCChina_kantoor-800x800.jpg\"\/><meta itemprop=\"name\" content=\"QCChina_kantoor\"><meta itemprop=\"image\" content=\"https:\/\/www.qcchina.nl\/de\/wp-content\/uploads\/sites\/2\/2024\/10\/QCChina_kantoor-800x800.jpg\"><\/figure><\/div><\/div><div class=\"block cta-with-button-block\"><div class=\"inner-wrapper\"><div class=\"title-wrapper\"><h2 class=\"block-title h3\">Sie interessieren sich f\u00fcr unser Angebot oder haben Fragen?<\/h2><\/div><div itemprop=\"text\" class=\"content-wrapper\"><p>Quality Control\u00a0steht f\u00fcr Wissen, Erfahrung und Fachkompetenz. Gemeinsam mit unseren bestens ausgebildeten Qualit\u00e4tspr\u00fcfern k\u00f6nnen wir w\u00e4hrend des gesamten Einkaufsprozesses f\u00fcr beste Qualit\u00e4tskontrollen sorgen. M\u00f6chten Sie mehr \u00fcber unseren Service und unsere Leistungen erfahren? Kontaktieren Sie uns gerne, wir erz\u00e4hlen Ihnen gerne mehr dar\u00fcber.<\/p>\n<\/div><ul class=\"buttons-wrapper\"><li><a  title=\"+31 (0) 73 645 71 40\" href=\"tel:+310736457140\" class=\"link set\" itemscope itemtype=\"http:\/\/schema.org\/WebPage\" itemprop=\"isPartOf\"><meta itemprop=\"significantLink\" content=\"tel:+310736457140\">+31 (0) 73 645 71 40<\/a><\/li><li><a  title=\"info@qcchina.nl\" href=\"mailto:info@qcchina.nl\" class=\"link\" itemscope itemtype=\"http:\/\/schema.org\/WebPage\" itemprop=\"isPartOf\"><meta itemprop=\"significantLink\" content=\"mailto:info@qcchina.nl\">info@qcchina.nl<\/a><\/li><\/ul><\/div><\/div><\/div><\/div><\/section>\n\n<section id=section-block-block_fe50e1ca8144409c7cb8b22af71cd7c1 class=\"section handpicked-query-overview-block\" itemscope itemtype=\"http:\/\/schema.org\/WebPageElement\" itemprop=\"isPartOf\"><div class=\"container\"><div class=\"block-row blocks-in-row-1\"><div class=\"block collection-overview-block diensten\"><div class=\"title-wrapper\"><h2 class=\"block-title h3\">Unsere Inspektionen<\/h2><\/div><ul class=\"collection-wrapper\" itemscope itemtype=\"https:\/\/schema.org\/Collection\"><li class=\"list-item diensten\"><a class=\"part diensten-part\" href=\"https:\/\/www.qcchina.nl\/de\/inspecties\/factory-audit\/\" itemscope itemtype=\"https:\/\/schema.org\/Article\"><article><div class=\"thumb\"><meta content=\"https:\/\/www.qcchina.nl\/de\/wp-content\/uploads\/sites\/2\/2024\/10\/QC-China-001-1600x900.jpg\" itemprop=\"image\"><img loading=\"lazy\" decoding=\"async\" width=\"1600\" height=\"900\" src=\"https:\/\/www.qcchina.nl\/de\/wp-content\/uploads\/sites\/2\/2024\/10\/QC-China-001-1600x900.jpg\" class=\"attachment-landscape size-landscape wp-post-image\" alt=\"\" \/><\/div><div class=\"inner-wrapper\"><h2 class=\"part-title\" itemprop=\"headline\">Werks-Audit<\/h2><div class=\"part-desc\"><p>Mit dem Fabrik-Audit wird die Fabrik gr\u00fcndlich \u00fcberpr\u00fcft. Zum Beispiel in den Bereichen Qualit\u00e4t, Hygiene, Arbeitsbedingungen und Umwelt. Dies hilft dir als Importeur bei der Beurteilung des Lieferanten.<\/p><\/div><span class=\"part-cta\">Ihrer Lieferkette verbessern<\/span><\/div><\/article><meta content=\"24\/10\/2024\" itemprop=\"datePublished\"><meta content=\"13\/11\/2024\" itemprop=\"dateModified\"><meta content=\"admin\" itemprop=\"author\"><div class=\"meta-tag-wrapper\" itemprop=\"publisher\" itemscope itemtype=\"https:\/\/schema.org\/Organization\"><meta content=\"QC: Quality Control - DE\" itemprop=\"name\"><div itemprop=\"logo\" itemscope itemtype=\"https:\/\/schema.org\/ImageObject\"><meta itemprop=\"url\" content=\"https:\/\/www.qcchina.nl\/de\/wp-content\/themes\/qcchina\/assets\/dist\/images\/logo.svg\"><\/div><\/div><\/a><\/li><li class=\"list-item diensten\"><a class=\"part diensten-part\" href=\"https:\/\/www.qcchina.nl\/de\/inspecties\/first-article-inspection\/\" itemscope itemtype=\"https:\/\/schema.org\/Article\"><article><div class=\"thumb\"><meta content=\"https:\/\/www.qcchina.nl\/de\/wp-content\/uploads\/sites\/2\/2024\/10\/Duo-inspection-1600x900.jpg\" itemprop=\"image\"><img loading=\"lazy\" decoding=\"async\" width=\"1600\" height=\"900\" src=\"https:\/\/www.qcchina.nl\/de\/wp-content\/uploads\/sites\/2\/2024\/10\/Duo-inspection-1600x900.jpg\" class=\"attachment-landscape size-landscape wp-post-image\" alt=\"\" \/><\/div><div class=\"inner-wrapper\"><h2 class=\"part-title\" itemprop=\"headline\">Erstbemusterung<\/h2><div class=\"part-desc\"><p>Eine Erstartikelpr\u00fcfung (FAI) macht deutlich, ob der Produktionsprozess den von dir gew\u00fcnschten Spezifikationen entspricht. Als Importeur ist die Kontrolle des ersten Artikels wichtig f\u00fcr die Bewertung der Produktqualit\u00e4t.<\/p><\/div><span class=\"part-cta\">Beginnen \u00dcberpr\u00fcfung<\/span><\/div><\/article><meta content=\"24\/10\/2024\" itemprop=\"datePublished\"><meta content=\"13\/11\/2024\" itemprop=\"dateModified\"><meta content=\"admin\" itemprop=\"author\"><div class=\"meta-tag-wrapper\" itemprop=\"publisher\" itemscope itemtype=\"https:\/\/schema.org\/Organization\"><meta content=\"QC: Quality Control - DE\" itemprop=\"name\"><div itemprop=\"logo\" itemscope itemtype=\"https:\/\/schema.org\/ImageObject\"><meta itemprop=\"url\" content=\"https:\/\/www.qcchina.nl\/de\/wp-content\/themes\/qcchina\/assets\/dist\/images\/logo.svg\"><\/div><\/div><\/a><\/li><li class=\"list-item diensten\"><a class=\"part diensten-part\" href=\"https:\/\/www.qcchina.nl\/de\/inspecties\/pre-shipment-inspection-psi\/\" itemscope itemtype=\"https:\/\/schema.org\/Article\"><article><div class=\"thumb\"><meta content=\"https:\/\/www.qcchina.nl\/de\/wp-content\/uploads\/sites\/2\/2024\/10\/QC-China-007-1600x900.jpg\" itemprop=\"image\"><img loading=\"lazy\" decoding=\"async\" width=\"1600\" height=\"900\" src=\"https:\/\/www.qcchina.nl\/de\/wp-content\/uploads\/sites\/2\/2024\/10\/QC-China-007-1600x900.jpg\" class=\"attachment-landscape size-landscape wp-post-image\" alt=\"\" \/><\/div><div class=\"inner-wrapper\"><h2 class=\"part-title\" itemprop=\"headline\">Pre-Shipment Inspection<\/h2><div class=\"part-desc\"><p>\u00dcberpr\u00fcfen Sie, ob Ihr Produktionsprozess den gew\u00fcnschten Spezifikationen entspricht. Identifizieren und l\u00f6sen Sie Probleme, bevor die Serienproduktion beginnt, um ein optimales Produkt zu gew\u00e4hrleisten.<\/p><\/div><span class=\"part-cta\">Versichern Sie Ihre Sendung<\/span><\/div><\/article><meta content=\"24\/10\/2024\" itemprop=\"datePublished\"><meta content=\"13\/11\/2024\" itemprop=\"dateModified\"><meta content=\"admin\" itemprop=\"author\"><div class=\"meta-tag-wrapper\" itemprop=\"publisher\" itemscope itemtype=\"https:\/\/schema.org\/Organization\"><meta content=\"QC: Quality Control - DE\" itemprop=\"name\"><div itemprop=\"logo\" itemscope itemtype=\"https:\/\/schema.org\/ImageObject\"><meta itemprop=\"url\" content=\"https:\/\/www.qcchina.nl\/de\/wp-content\/themes\/qcchina\/assets\/dist\/images\/logo.svg\"><\/div><\/div><\/a><\/li><\/ul><\/div><\/div><\/div><\/section>","protected":false},"excerpt":{"rendered":"","protected":false},"author":1,"featured_media":0,"parent":1612,"menu_order":30,"comment_status":"closed","ping_status":"closed","template":"","meta":{"_acf_changed":false,"footnotes":""},"acf":[],"yoast_head":"<!-- This site is optimized with the Yoast SEO plugin v24.5 - https:\/\/yoast.com\/wordpress\/plugins\/seo\/ -->\n<title>Qualit\u00e4tskontrolle Warum die Qualit\u00e4tskontrolle outsourcen | QC Qualit\u00e4tskontrolle<\/title>\n<meta name=\"description\" content=\"Outsourcen Sie Ihre Qualit\u00e4tskontrolle an Quality Control. Vor-Ort-Inspektionen in China, Vietnam, Indien und der T\u00fcrkei; Kontaktstelle in den Niederlanden. Lesen Sie mehr.\" \/>\n<meta name=\"robots\" content=\"index, follow, max-snippet:-1, max-image-preview:large, max-video-preview:-1\" \/>\n<link rel=\"canonical\" href=\"https:\/\/www.qcchina.nl\/de\/vorteile\/warum-auslagern\/\" \/>\n<meta property=\"og:locale\" content=\"de_DE\" \/>\n<meta property=\"og:type\" content=\"article\" \/>\n<meta property=\"og:title\" content=\"Qualit\u00e4tskontrolle Warum die Qualit\u00e4tskontrolle outsourcen | QC Qualit\u00e4tskontrolle\" \/>\n<meta property=\"og:description\" content=\"Outsourcen Sie Ihre Qualit\u00e4tskontrolle an Quality Control. Vor-Ort-Inspektionen in China, Vietnam, Indien und der T\u00fcrkei; Kontaktstelle in den Niederlanden. Lesen Sie mehr.\" \/>\n<meta property=\"og:url\" content=\"https:\/\/www.qcchina.nl\/de\/vorteile\/warum-auslagern\/\" \/>\n<meta property=\"og:site_name\" content=\"QC: Quality Control - DE\" \/>\n<meta property=\"article:modified_time\" content=\"2024-11-13T12:18:16+00:00\" \/>\n<meta name=\"twitter:card\" content=\"summary_large_image\" \/>\n<meta name=\"twitter:label1\" content=\"Est. reading time\" \/>\n\t<meta name=\"twitter:data1\" content=\"4 Minuten\" \/>\n<script type=\"application\/ld+json\" class=\"yoast-schema-graph\">{\"@context\":\"https:\/\/schema.org\",\"@graph\":[{\"@type\":\"WebPage\",\"@id\":\"https:\/\/www.qcchina.nl\/de\/vorteile\/warum-auslagern\/\",\"url\":\"https:\/\/www.qcchina.nl\/de\/vorteile\/warum-auslagern\/\",\"name\":\"Qualit\u00e4tskontrolle Warum die Qualit\u00e4tskontrolle outsourcen | QC Qualit\u00e4tskontrolle\",\"isPartOf\":{\"@id\":\"https:\/\/www.qcchina.nl\/de\/#website\"},\"datePublished\":\"2024-10-24T09:57:39+00:00\",\"dateModified\":\"2024-11-13T12:18:16+00:00\",\"description\":\"Outsourcen Sie Ihre Qualit\u00e4tskontrolle an Quality Control. Vor-Ort-Inspektionen in China, Vietnam, Indien und der T\u00fcrkei; Kontaktstelle in den Niederlanden. Lesen Sie mehr.\",\"breadcrumb\":{\"@id\":\"https:\/\/www.qcchina.nl\/de\/vorteile\/warum-auslagern\/#breadcrumb\"},\"inLanguage\":\"de\",\"potentialAction\":[{\"@type\":\"ReadAction\",\"target\":[\"https:\/\/www.qcchina.nl\/de\/vorteile\/warum-auslagern\/\"]}]},{\"@type\":\"BreadcrumbList\",\"@id\":\"https:\/\/www.qcchina.nl\/de\/vorteile\/warum-auslagern\/#breadcrumb\",\"itemListElement\":[{\"@type\":\"ListItem\",\"position\":1,\"name\":\"Home\",\"item\":\"https:\/\/www.qcchina.nl\/de\/\"},{\"@type\":\"ListItem\",\"position\":2,\"name\":\"Vorteile\",\"item\":\"https:\/\/www.qcchina.nl\/de\/vorteile\/\"},{\"@type\":\"ListItem\",\"position\":3,\"name\":\"Warum die Qualit\u00e4tskontrolle outsourcen?\"}]},{\"@type\":\"WebSite\",\"@id\":\"https:\/\/www.qcchina.nl\/de\/#website\",\"url\":\"https:\/\/www.qcchina.nl\/de\/\",\"name\":\"QC: Quality Control - DE\",\"description\":\"\",\"potentialAction\":[{\"@type\":\"SearchAction\",\"target\":{\"@type\":\"EntryPoint\",\"urlTemplate\":\"https:\/\/www.qcchina.nl\/de\/?s={search_term_string}\"},\"query-input\":{\"@type\":\"PropertyValueSpecification\",\"valueRequired\":true,\"valueName\":\"search_term_string\"}}],\"inLanguage\":\"de\"}]}<\/script>\n<!-- \/ Yoast SEO plugin. -->","yoast_head_json":{"title":"Qualit\u00e4tskontrolle Warum die Qualit\u00e4tskontrolle outsourcen | QC Qualit\u00e4tskontrolle","description":"Outsourcen Sie Ihre Qualit\u00e4tskontrolle an Quality Control. Vor-Ort-Inspektionen in China, Vietnam, Indien und der T\u00fcrkei; Kontaktstelle in den Niederlanden. Lesen Sie mehr.","robots":{"index":"index","follow":"follow","max-snippet":"max-snippet:-1","max-image-preview":"max-image-preview:large","max-video-preview":"max-video-preview:-1"},"canonical":"https:\/\/www.qcchina.nl\/de\/vorteile\/warum-auslagern\/","og_locale":"de_DE","og_type":"article","og_title":"Qualit\u00e4tskontrolle Warum die Qualit\u00e4tskontrolle outsourcen | QC Qualit\u00e4tskontrolle","og_description":"Outsourcen Sie Ihre Qualit\u00e4tskontrolle an Quality Control. Vor-Ort-Inspektionen in China, Vietnam, Indien und der T\u00fcrkei; Kontaktstelle in den Niederlanden. Lesen Sie mehr.","og_url":"https:\/\/www.qcchina.nl\/de\/vorteile\/warum-auslagern\/","og_site_name":"QC: Quality Control - DE","article_modified_time":"2024-11-13T12:18:16+00:00","twitter_card":"summary_large_image","twitter_misc":{"Est. reading time":"4 Minuten"},"schema":{"@context":"https:\/\/schema.org","@graph":[{"@type":"WebPage","@id":"https:\/\/www.qcchina.nl\/de\/vorteile\/warum-auslagern\/","url":"https:\/\/www.qcchina.nl\/de\/vorteile\/warum-auslagern\/","name":"Qualit\u00e4tskontrolle Warum die Qualit\u00e4tskontrolle outsourcen | QC Qualit\u00e4tskontrolle","isPartOf":{"@id":"https:\/\/www.qcchina.nl\/de\/#website"},"datePublished":"2024-10-24T09:57:39+00:00","dateModified":"2024-11-13T12:18:16+00:00","description":"Outsourcen Sie Ihre Qualit\u00e4tskontrolle an Quality Control. Vor-Ort-Inspektionen in China, Vietnam, Indien und der T\u00fcrkei; Kontaktstelle in den Niederlanden. Lesen Sie mehr.","breadcrumb":{"@id":"https:\/\/www.qcchina.nl\/de\/vorteile\/warum-auslagern\/#breadcrumb"},"inLanguage":"de","potentialAction":[{"@type":"ReadAction","target":["https:\/\/www.qcchina.nl\/de\/vorteile\/warum-auslagern\/"]}]},{"@type":"BreadcrumbList","@id":"https:\/\/www.qcchina.nl\/de\/vorteile\/warum-auslagern\/#breadcrumb","itemListElement":[{"@type":"ListItem","position":1,"name":"Home","item":"https:\/\/www.qcchina.nl\/de\/"},{"@type":"ListItem","position":2,"name":"Vorteile","item":"https:\/\/www.qcchina.nl\/de\/vorteile\/"},{"@type":"ListItem","position":3,"name":"Warum die Qualit\u00e4tskontrolle outsourcen?"}]},{"@type":"WebSite","@id":"https:\/\/www.qcchina.nl\/de\/#website","url":"https:\/\/www.qcchina.nl\/de\/","name":"QC: Quality Control - DE","description":"","potentialAction":[{"@type":"SearchAction","target":{"@type":"EntryPoint","urlTemplate":"https:\/\/www.qcchina.nl\/de\/?s={search_term_string}"},"query-input":{"@type":"PropertyValueSpecification","valueRequired":true,"valueName":"search_term_string"}}],"inLanguage":"de"}]}},"_links":{"self":[{"href":"https:\/\/www.qcchina.nl\/de\/wp-json\/wp\/v2\/pages\/1619"}],"collection":[{"href":"https:\/\/www.qcchina.nl\/de\/wp-json\/wp\/v2\/pages"}],"about":[{"href":"https:\/\/www.qcchina.nl\/de\/wp-json\/wp\/v2\/types\/page"}],"author":[{"embeddable":true,"href":"https:\/\/www.qcchina.nl\/de\/wp-json\/wp\/v2\/users\/1"}],"replies":[{"embeddable":true,"href":"https:\/\/www.qcchina.nl\/de\/wp-json\/wp\/v2\/comments?post=1619"}],"version-history":[{"count":5,"href":"https:\/\/www.qcchina.nl\/de\/wp-json\/wp\/v2\/pages\/1619\/revisions"}],"predecessor-version":[{"id":2042,"href":"https:\/\/www.qcchina.nl\/de\/wp-json\/wp\/v2\/pages\/1619\/revisions\/2042"}],"up":[{"embeddable":true,"href":"https:\/\/www.qcchina.nl\/de\/wp-json\/wp\/v2\/pages\/1612"}],"wp:attachment":[{"href":"https:\/\/www.qcchina.nl\/de\/wp-json\/wp\/v2\/media?parent=1619"}],"curies":[{"name":"wp","href":"https:\/\/api.w.org\/{rel}","templated":true}]}}