{"id":1621,"date":"2024-10-24T11:57:52","date_gmt":"2024-10-24T09:57:52","guid":{"rendered":"https:\/\/www.qcchina.nl\/?page_id=1621"},"modified":"2024-11-13T13:20:23","modified_gmt":"2024-11-13T12:20:23","slug":"wozu-qualitaetskontrollen","status":"publish","type":"page","link":"https:\/\/www.qcchina.nl\/de\/vorteile\/wozu-qualitaetskontrollen\/","title":{"rendered":"Warum eine Qualit\u00e4tskontrolle?"},"content":{"rendered":"<section id=section-block-block_16b4a0da86ba75f5f3cd79ef5c94a7a5 class=\"section block_content\" itemscope itemtype=\"http:\/\/schema.org\/WebPageElement\" itemprop=\"hasPart\"><div class=\"container\"><div class=\"block-row blocks-in-row-1\"><div class=\"block content-block\" itemscope itemtype=\"http:\/\/schema.org\/WebPageElement\" itemprop=\"isPartOf\"><div class=\"inner-wrapper\"><div class=\"title-wrapper\"><h2 class=\"block-title h2\">Warum eine Qualit\u00e4tskontrolle?<\/h2><\/div><div itemprop=\"text\" class=\"content-wrapper\"><p>Wenn Quality Control f\u00fcr Sie Qualit\u00e4tspr\u00fcfungen und Inspektionen durchf\u00fchrt, haben Sie die Gewissheit, dass Ihr Auftrag den festgelegten Anforderungen, Spezifikationen und W\u00fcnschen entspricht.<\/p>\n<p>Mit unseren Qualit\u00e4tskontrollen und Inspektionen vermeiden Sie au\u00dferdem Probleme, die w\u00e4hrend der Produktion auftreten und den Produktionsprozess verlangsamen k\u00f6nnten. Auf diese Weise wird sichergestellt, dass die vereinbarte Lieferzeit eingehalten wird und Sie Ihre Versprechen gegen\u00fcber Ihren Kunden einhalten.<\/p>\n<p>Wenn Sie keine Kontrollen durchf\u00fchren lassen, leben Sie immer in Ungewissheit, ob Ihre Produkte, wenn sie bei Ihnen eintreffen, auch Ihren Vorstellungen entsprechen, und es k\u00f6nnten jederzeit M\u00e4ngel auftreten. Wenn Sie diese erst dann entdecken, ist es bereits zu sp\u00e4t. Diese Probleme h\u00e4tten durch unsere Inspektionen leicht vermieden werden k\u00f6nnen.<\/p>\n<\/div><\/div><\/div><\/div><\/div><\/section>\n\n<section id=section-block_8ac62c1db5f3835ae050960b41900606 class=\"section block_image_and_content_left regular\" itemscope itemtype=\"http:\/\/schema.org\/WebPageElement\" itemprop=\"hasPart\"><div class=\"container\"><div class=\"block-row blocks-in-row-2\"><div class=\"block image-block  full\" itemscope itemtype=\"http:\/\/schema.org\/WebPageElement\" itemprop=\"isPartOf\"><div class=\"inner-wrapper\"><figure itemscope itemtype=\"http:\/\/schema.org\/ImageObject\" itemprop=\"isPartOf\" class=\"img-wrapper\"><img loading=\"lazy\" decoding=\"async\" title=\"QC-China-DSC08020\" alt=\"\" width=\"2480\" height=\"2560\" src=\"https:\/\/www.qcchina.nl\/de\/wp-content\/uploads\/sites\/2\/2024\/10\/QC-China-DSC08020-scaled.jpg\"\/><meta itemprop=\"name\" content=\"QC-China-DSC08020\"><meta itemprop=\"image\" content=\"https:\/\/www.qcchina.nl\/de\/wp-content\/uploads\/sites\/2\/2024\/10\/QC-China-DSC08020-scaled.jpg\"><\/figure><\/div><\/div><div class=\"block content-block\" itemscope itemtype=\"http:\/\/schema.org\/WebPageElement\" itemprop=\"isPartOf\"><div class=\"inner-wrapper\"><div class=\"element-wrapper\"><div class=\"title-wrapper\"><h2 class=\"block-title h2\">Risiken ohne Qualit\u00e4tskontrolle<\/h2><\/div><div itemprop=\"description\" class=\"content-wrapper\"><p>W\u00e4hrend der Produktion Ihres Produkts und der Lieferung an den Endkunden gibt es viele \u00dcbergabemomente zwischen verschiedenen Parteien. Das sind die Momente, in denen Ihre Risiken als Importeur liegen.<\/p>\n<p>Quality Control hilft Ihnen, diese Risiken zu eliminieren, denn wir:<\/p>\n<ul>\n<li>sind seit mehr als 20 Jahren in China, Vietnam, Indien und der T\u00fcrkei t\u00e4tig<\/li>\n<li>inspizieren diese L\u00e4nder und verf\u00fcgen \u00fcber Kenntnisse in diesen L\u00e4ndern, mit einer Kontaktstelle in den Niederlanden<\/li>\n<li>haben ausgebildete Qualit\u00e4tsingenieure als Inspektoren<\/li>\n<li>arbeiten nur im Auftrag von Importeuren aus China, Vietnam, Indien und der T\u00fcrkei<\/li>\n<\/ul>\n<p>Viele Hersteller nehmen \u00c4nderungen einfach w\u00e4hrend oder am Ende der Produktion vor. Sie tun dies, um Geld zu sparen, und zwar sowohl bei Erstbestellungen als auch bei Nachbestellungen. Leider kommt das der Qualit\u00e4t Ihrer Produkte nicht zugute. Dies liegt daran, dass die Hersteller dann billigere und minderwertige Materialien verwenden, weniger auf die Qualit\u00e4t achten, um den Produktionsausfall zu verringern, billigeres und weniger qualifiziertes Personal einsetzen und die Produktion beschleunigen. Quality Control kann das verhindern.<\/p>\n<\/div><\/div><\/div><\/div><\/div><\/div><\/section>\n\n<section id=section-block-block_69605668a2d1ef2fe571918730a6b373 class=\"section content_block_double\" itemscope itemtype=\"http:\/\/schema.org\/WebPageElement\" itemprop=\"hasPart\"><div class=\"container\"><div class=\"block-row blocks-in-row-2\"><div class=\"block content-block\" itemscope itemtype=\"http:\/\/schema.org\/WebPageElement\" itemprop=\"isPartOf\"><div class=\"inner-wrapper\"><div class=\"title-wrapper\"><h2 class=\"block-title h2\">Unterschiedliche Qualit\u00e4tsstandards<\/h2><\/div><div itemprop=\"text\" class=\"content-wrapper\"><p>Hinzu kommt, dass die Qualit\u00e4tsstandards in China, Vietnam, Indien und der T\u00fcrkei insgesamt niedriger sind als im Westen. Au\u00dferdem liegt die durchschnittliche Personalfluktuation in dortigen Unternehmen bei etwa 23 % pro Jahr. Dies ist ein sehr hoher Prozentsatz und f\u00fchrt daher zu Problemen bei Ihren Nachbestellungen. Kurz gesagt: Was beim ersten Mal gut lief, kann beim n\u00e4chsten Mal v\u00f6llig misslingen.<\/p>\n<p>Der Versand von Waren aus diesen L\u00e4ndern nach Europa ist teuer. Die R\u00fccksendung eines Containers mit einer falschen Warenlieferung ist in der Praxis keine Option. Die Inspektion und der Versand selbst ist eine teure und zeitaufwendige Arbeit. Kurzum: Outsourcing ist eine viel bessere Idee.<\/p>\n<\/div><\/div><\/div><div class=\"block content-block\" itemscope itemtype=\"http:\/\/schema.org\/WebPageElement\" itemprop=\"isPartOf\"><div class=\"inner-wrapper\"><div itemprop=\"text\" class=\"content-wrapper\"><p>&nbsp;<\/p>\n<p><iframe loading=\"lazy\" title=\"Kwaliteitscontrole in China - Vietnam - India - Turkije (Nederlands \/ Dutch) QC\" width=\"500\" height=\"281\" src=\"https:\/\/www.youtube.com\/embed\/Ejkpfn9K_zo?feature=oembed\" frameborder=\"0\" allow=\"accelerometer; autoplay; clipboard-write; encrypted-media; gyroscope; picture-in-picture; web-share\" referrerpolicy=\"strict-origin-when-cross-origin\" allowfullscreen><\/iframe><\/p>\n<\/div><\/div><\/div><\/div><\/div><\/section>","protected":false},"excerpt":{"rendered":"","protected":false},"author":1,"featured_media":0,"parent":1612,"menu_order":50,"comment_status":"closed","ping_status":"closed","template":"","meta":{"_acf_changed":false,"footnotes":""},"acf":[],"yoast_head":"<!-- This site is optimized with the Yoast SEO plugin v24.5 - https:\/\/yoast.com\/wordpress\/plugins\/seo\/ -->\n<title>Warum eine Qualit\u00e4tskontrolle | QC Quality Control<\/title>\n<meta name=\"description\" content=\"Eine Qualit\u00e4tskontrolle durch Quality Control bietet die Sicherheit, dass Ihre Bestellung Ihren Anforderungen, Spezifikationen und W\u00fcnschen entspricht.\" \/>\n<meta name=\"robots\" content=\"index, follow, max-snippet:-1, max-image-preview:large, max-video-preview:-1\" \/>\n<link rel=\"canonical\" href=\"https:\/\/www.qcchina.nl\/de\/vorteile\/wozu-qualitaetskontrollen\/\" \/>\n<meta property=\"og:locale\" content=\"de_DE\" \/>\n<meta property=\"og:type\" content=\"article\" \/>\n<meta property=\"og:title\" content=\"Warum eine Qualit\u00e4tskontrolle | QC Quality Control\" \/>\n<meta property=\"og:description\" content=\"Eine Qualit\u00e4tskontrolle durch Quality Control bietet die Sicherheit, dass Ihre Bestellung Ihren Anforderungen, Spezifikationen und W\u00fcnschen entspricht.\" \/>\n<meta property=\"og:url\" content=\"https:\/\/www.qcchina.nl\/de\/vorteile\/wozu-qualitaetskontrollen\/\" \/>\n<meta property=\"og:site_name\" content=\"QC: Quality Control - DE\" \/>\n<meta property=\"article:modified_time\" content=\"2024-11-13T12:20:23+00:00\" \/>\n<meta name=\"twitter:card\" content=\"summary_large_image\" \/>\n<meta name=\"twitter:label1\" content=\"Est. reading time\" \/>\n\t<meta name=\"twitter:data1\" content=\"3 Minuten\" \/>\n<script type=\"application\/ld+json\" class=\"yoast-schema-graph\">{\"@context\":\"https:\/\/schema.org\",\"@graph\":[{\"@type\":\"WebPage\",\"@id\":\"https:\/\/www.qcchina.nl\/de\/vorteile\/wozu-qualitaetskontrollen\/\",\"url\":\"https:\/\/www.qcchina.nl\/de\/vorteile\/wozu-qualitaetskontrollen\/\",\"name\":\"Warum eine Qualit\u00e4tskontrolle | QC Quality Control\",\"isPartOf\":{\"@id\":\"https:\/\/www.qcchina.nl\/de\/#website\"},\"datePublished\":\"2024-10-24T09:57:52+00:00\",\"dateModified\":\"2024-11-13T12:20:23+00:00\",\"description\":\"Eine Qualit\u00e4tskontrolle durch Quality Control bietet die Sicherheit, dass Ihre Bestellung Ihren Anforderungen, Spezifikationen und W\u00fcnschen entspricht.\",\"breadcrumb\":{\"@id\":\"https:\/\/www.qcchina.nl\/de\/vorteile\/wozu-qualitaetskontrollen\/#breadcrumb\"},\"inLanguage\":\"de\",\"potentialAction\":[{\"@type\":\"ReadAction\",\"target\":[\"https:\/\/www.qcchina.nl\/de\/vorteile\/wozu-qualitaetskontrollen\/\"]}]},{\"@type\":\"BreadcrumbList\",\"@id\":\"https:\/\/www.qcchina.nl\/de\/vorteile\/wozu-qualitaetskontrollen\/#breadcrumb\",\"itemListElement\":[{\"@type\":\"ListItem\",\"position\":1,\"name\":\"Home\",\"item\":\"https:\/\/www.qcchina.nl\/de\/\"},{\"@type\":\"ListItem\",\"position\":2,\"name\":\"Vorteile\",\"item\":\"https:\/\/www.qcchina.nl\/de\/vorteile\/\"},{\"@type\":\"ListItem\",\"position\":3,\"name\":\"Warum eine Qualit\u00e4tskontrolle?\"}]},{\"@type\":\"WebSite\",\"@id\":\"https:\/\/www.qcchina.nl\/de\/#website\",\"url\":\"https:\/\/www.qcchina.nl\/de\/\",\"name\":\"QC: Quality Control - DE\",\"description\":\"\",\"potentialAction\":[{\"@type\":\"SearchAction\",\"target\":{\"@type\":\"EntryPoint\",\"urlTemplate\":\"https:\/\/www.qcchina.nl\/de\/?s={search_term_string}\"},\"query-input\":{\"@type\":\"PropertyValueSpecification\",\"valueRequired\":true,\"valueName\":\"search_term_string\"}}],\"inLanguage\":\"de\"}]}<\/script>\n<!-- \/ Yoast SEO plugin. -->","yoast_head_json":{"title":"Warum eine Qualit\u00e4tskontrolle | QC Quality Control","description":"Eine Qualit\u00e4tskontrolle durch Quality Control bietet die Sicherheit, dass Ihre Bestellung Ihren Anforderungen, Spezifikationen und W\u00fcnschen entspricht.","robots":{"index":"index","follow":"follow","max-snippet":"max-snippet:-1","max-image-preview":"max-image-preview:large","max-video-preview":"max-video-preview:-1"},"canonical":"https:\/\/www.qcchina.nl\/de\/vorteile\/wozu-qualitaetskontrollen\/","og_locale":"de_DE","og_type":"article","og_title":"Warum eine Qualit\u00e4tskontrolle | QC Quality Control","og_description":"Eine Qualit\u00e4tskontrolle durch Quality Control bietet die Sicherheit, dass Ihre Bestellung Ihren Anforderungen, Spezifikationen und W\u00fcnschen entspricht.","og_url":"https:\/\/www.qcchina.nl\/de\/vorteile\/wozu-qualitaetskontrollen\/","og_site_name":"QC: Quality Control - DE","article_modified_time":"2024-11-13T12:20:23+00:00","twitter_card":"summary_large_image","twitter_misc":{"Est. reading time":"3 Minuten"},"schema":{"@context":"https:\/\/schema.org","@graph":[{"@type":"WebPage","@id":"https:\/\/www.qcchina.nl\/de\/vorteile\/wozu-qualitaetskontrollen\/","url":"https:\/\/www.qcchina.nl\/de\/vorteile\/wozu-qualitaetskontrollen\/","name":"Warum eine Qualit\u00e4tskontrolle | QC Quality Control","isPartOf":{"@id":"https:\/\/www.qcchina.nl\/de\/#website"},"datePublished":"2024-10-24T09:57:52+00:00","dateModified":"2024-11-13T12:20:23+00:00","description":"Eine Qualit\u00e4tskontrolle durch Quality Control bietet die Sicherheit, dass Ihre Bestellung Ihren Anforderungen, Spezifikationen und W\u00fcnschen entspricht.","breadcrumb":{"@id":"https:\/\/www.qcchina.nl\/de\/vorteile\/wozu-qualitaetskontrollen\/#breadcrumb"},"inLanguage":"de","potentialAction":[{"@type":"ReadAction","target":["https:\/\/www.qcchina.nl\/de\/vorteile\/wozu-qualitaetskontrollen\/"]}]},{"@type":"BreadcrumbList","@id":"https:\/\/www.qcchina.nl\/de\/vorteile\/wozu-qualitaetskontrollen\/#breadcrumb","itemListElement":[{"@type":"ListItem","position":1,"name":"Home","item":"https:\/\/www.qcchina.nl\/de\/"},{"@type":"ListItem","position":2,"name":"Vorteile","item":"https:\/\/www.qcchina.nl\/de\/vorteile\/"},{"@type":"ListItem","position":3,"name":"Warum eine Qualit\u00e4tskontrolle?"}]},{"@type":"WebSite","@id":"https:\/\/www.qcchina.nl\/de\/#website","url":"https:\/\/www.qcchina.nl\/de\/","name":"QC: Quality Control - DE","description":"","potentialAction":[{"@type":"SearchAction","target":{"@type":"EntryPoint","urlTemplate":"https:\/\/www.qcchina.nl\/de\/?s={search_term_string}"},"query-input":{"@type":"PropertyValueSpecification","valueRequired":true,"valueName":"search_term_string"}}],"inLanguage":"de"}]}},"_links":{"self":[{"href":"https:\/\/www.qcchina.nl\/de\/wp-json\/wp\/v2\/pages\/1621"}],"collection":[{"href":"https:\/\/www.qcchina.nl\/de\/wp-json\/wp\/v2\/pages"}],"about":[{"href":"https:\/\/www.qcchina.nl\/de\/wp-json\/wp\/v2\/types\/page"}],"author":[{"embeddable":true,"href":"https:\/\/www.qcchina.nl\/de\/wp-json\/wp\/v2\/users\/1"}],"replies":[{"embeddable":true,"href":"https:\/\/www.qcchina.nl\/de\/wp-json\/wp\/v2\/comments?post=1621"}],"version-history":[{"count":7,"href":"https:\/\/www.qcchina.nl\/de\/wp-json\/wp\/v2\/pages\/1621\/revisions"}],"predecessor-version":[{"id":2044,"href":"https:\/\/www.qcchina.nl\/de\/wp-json\/wp\/v2\/pages\/1621\/revisions\/2044"}],"up":[{"embeddable":true,"href":"https:\/\/www.qcchina.nl\/de\/wp-json\/wp\/v2\/pages\/1612"}],"wp:attachment":[{"href":"https:\/\/www.qcchina.nl\/de\/wp-json\/wp\/v2\/media?parent=1621"}],"curies":[{"name":"wp","href":"https:\/\/api.w.org\/{rel}","templated":true}]}}